{"id":45638,"date":"2025-05-16T06:31:29","date_gmt":"2025-05-16T06:31:29","guid":{"rendered":"https:\/\/marqalicante-admin.qwair.com\/producto\/archeologie-experimentale-et-grand-public\/"},"modified":"2025-06-04T16:24:10","modified_gmt":"2025-06-04T16:24:10","slug":"archeologie-experimentale-et-grand-public","status":"publish","type":"product","link":"https:\/\/marqalicante-admin.qwair.com\/en\/product\/archeologie-experimentale-et-grand-public\/","title":{"rendered":"Experimental Arch\u00e9ology and the general public"},"content":{"rendered":"<div class=\"documento-item\">\n                    <h2 class=\"documento-title\">Experimental Arch\u00e9ology and the general public<\/h2>\n        \n                    <p class=\"documento-subtitle\">Pierre P\u00e9trequin<\/p>\n        \n                    <a href=\"https:\/\/marqalicante.com\/contenido\/particulos\/pub_48.pdf\" class=\"documento-btn\" target=\"_blank\" rel=\"noopener\">\n                <i class=\"fas fa-file-pdf\"><\/i> Download PDF\n            <\/a>\n            <\/div>","protected":false},"excerpt":{"rendered":"<p>Dans le cadre du Programme europ\u00e9en Culture 2000, le projet REALITY a \u00e9t\u00e9 mis en place en 2006-2007 sous la direction du Mus\u00e9e d'Arch\u00e9ologie ligure (G\u00eanes, Italie). Selon les termes du contrat officiel (Europe Culture, Education Audiovisual and Culture Executive Agency, Bruxelles, contrat n\u00b0 2006-1024\/001-001 CLT CA12), the project provides the public with an innovative opportunity to experience archaeological discoveries and aims at getting people actively involved, allowing them to see what life was like in Europe's past ages... Archaeological museums and sites cannot normally satisfy visitors' curiosities as they do not contain a real perception of the feelings and problems of European ancient inhabitants. Just as we do today, they had to face issues such as environnemental changes, migrations, cultural integrations, fights, social and technological transformations.... The project proposes a method of experimental archaeology that would be suitable for the general public and would illustrate a discourse on the social functioning of disparate communities.<\/p>","protected":false},"featured_media":45873,"template":"","meta":{"kia_subtitle":""},"product_brand":[],"product_cat":[2913],"product_tag":[],"class_list":{"0":"post-45638","1":"product","2":"type-product","3":"status-publish","4":"has-post-thumbnail","6":"product_cat-articulos","8":"first","9":"instock","10":"virtual","11":"product-type-simple"},"meta_box":{"ia_expediente":"","ia_ano":"","ia_fechas_de_actuacion":"","ia_municipios_comarcas":"","ia_directores":"","ia_periodos_culturales":"","ia_tipos_de_intervencion":"","ia_equipo_tecnico":"","ia_autores":"","ia_promotores":"","ia_deposito_de_materiales":"","ia_coordenadas_utm":""},"_links":{"self":[{"href":"https:\/\/marqalicante-admin.qwair.com\/en\/wp-json\/wp\/v2\/product\/45638","targetHints":{"allow":["GET"]}}],"collection":[{"href":"https:\/\/marqalicante-admin.qwair.com\/en\/wp-json\/wp\/v2\/product"}],"about":[{"href":"https:\/\/marqalicante-admin.qwair.com\/en\/wp-json\/wp\/v2\/types\/product"}],"wp:featuredmedia":[{"embeddable":true,"href":"https:\/\/marqalicante-admin.qwair.com\/en\/wp-json\/wp\/v2\/media\/45873"}],"wp:attachment":[{"href":"https:\/\/marqalicante-admin.qwair.com\/en\/wp-json\/wp\/v2\/media?parent=45638"}],"wp:term":[{"taxonomy":"product_brand","embeddable":true,"href":"https:\/\/marqalicante-admin.qwair.com\/en\/wp-json\/wp\/v2\/product_brand?post=45638"},{"taxonomy":"product_cat","embeddable":true,"href":"https:\/\/marqalicante-admin.qwair.com\/en\/wp-json\/wp\/v2\/product_cat?post=45638"},{"taxonomy":"product_tag","embeddable":true,"href":"https:\/\/marqalicante-admin.qwair.com\/en\/wp-json\/wp\/v2\/product_tag?post=45638"}],"curies":[{"name":"wp","href":"https:\/\/api.w.org\/{rel}","templated":true}]}}