{"id":45637,"date":"2025-05-16T06:31:28","date_gmt":"2025-05-16T06:31:28","guid":{"rendered":"https:\/\/marqalicante-admin.qwair.com\/producto\/arqueologia-etnobotanica-y-campesinado-el-uso-de-la-madera-en-el-asentamiento-de-la-edad-del-bronce-de-terlinques-villena-alicante\/"},"modified":"2025-06-04T16:24:10","modified_gmt":"2025-06-04T16:24:10","slug":"arqueologia-etnobotanica-y-campesinado-el-uso-de-la-madera-en-el-asentamiento-de-la-edad-del-bronce-de-terlinques-villena-alicante","status":"publish","type":"product","link":"https:\/\/marqalicante-admin.qwair.com\/en\/product\/arqueologia-etnobotanica-y-campesinado-el-uso-de-la-madera-en-el-asentamiento-de-la-edad-del-bronce-de-terlinques-villena-alicante\/","title":{"rendered":"Archaeology, ethnobotany and peasantry: the use of wood in the Bronze Age settlement of Terlinques (Villena, Alicante)"},"content":{"rendered":"<div class=\"documento-item\">\n                    <h2 class=\"documento-title\">Archaeology, ethnobotany and peasantry: the use of wood in the Bronze Age settlement of Terlinques (Villena, Alicante)<\/h2>\n        \n                    <p class=\"documento-subtitle\">Mar\u00eda del Carmen Machado Yanes, Francisco Javier Jover Maestre, Juan Antonio L\u00f3pez Padilla, Alicia Luj\u00e1n Navas<\/p>\n        \n                    <a href=\"https:\/\/marqalicante.com\/contenido\/particulos\/pub_42.pdf\" class=\"documento-btn\" target=\"_blank\" rel=\"noopener\">\n                <i class=\"fas fa-file-pdf\"><\/i> Download PDF\n            <\/a>\n            <\/div>","protected":false},"excerpt":{"rendered":"<p>The results of the anthracological study of the Bronze Age site of Terlinques (Villena, Alicante) are presented. The dominance of Pinus halepensis in relation to the other woody species revealed by the analysis, particularly Quercus ilex sp. Ilex, is discussed. The availability of raw material, selection mechanisms and wood use are also analysed.<\/p>","protected":false},"featured_media":45873,"template":"","meta":{"kia_subtitle":""},"product_brand":[],"product_cat":[2913],"product_tag":[],"class_list":{"0":"post-45637","1":"product","2":"type-product","3":"status-publish","4":"has-post-thumbnail","6":"product_cat-articulos","8":"first","9":"instock","10":"virtual","11":"product-type-simple"},"meta_box":{"ia_expediente":"","ia_ano":"","ia_fechas_de_actuacion":"","ia_municipios_comarcas":"","ia_directores":"","ia_periodos_culturales":"","ia_tipos_de_intervencion":"","ia_equipo_tecnico":"","ia_autores":"","ia_promotores":"","ia_deposito_de_materiales":"","ia_coordenadas_utm":""},"_links":{"self":[{"href":"https:\/\/marqalicante-admin.qwair.com\/en\/wp-json\/wp\/v2\/product\/45637","targetHints":{"allow":["GET"]}}],"collection":[{"href":"https:\/\/marqalicante-admin.qwair.com\/en\/wp-json\/wp\/v2\/product"}],"about":[{"href":"https:\/\/marqalicante-admin.qwair.com\/en\/wp-json\/wp\/v2\/types\/product"}],"wp:featuredmedia":[{"embeddable":true,"href":"https:\/\/marqalicante-admin.qwair.com\/en\/wp-json\/wp\/v2\/media\/45873"}],"wp:attachment":[{"href":"https:\/\/marqalicante-admin.qwair.com\/en\/wp-json\/wp\/v2\/media?parent=45637"}],"wp:term":[{"taxonomy":"product_brand","embeddable":true,"href":"https:\/\/marqalicante-admin.qwair.com\/en\/wp-json\/wp\/v2\/product_brand?post=45637"},{"taxonomy":"product_cat","embeddable":true,"href":"https:\/\/marqalicante-admin.qwair.com\/en\/wp-json\/wp\/v2\/product_cat?post=45637"},{"taxonomy":"product_tag","embeddable":true,"href":"https:\/\/marqalicante-admin.qwair.com\/en\/wp-json\/wp\/v2\/product_tag?post=45637"}],"curies":[{"name":"wp","href":"https:\/\/api.w.org\/{rel}","templated":true}]}}