{"id":45622,"date":"2025-05-16T06:31:24","date_gmt":"2025-05-16T06:31:24","guid":{"rendered":"https:\/\/marqalicante-admin.qwair.com\/producto\/estela-funeraria-del-siglo-xi-y-el-crecimiento-urbano-de-elche-alicante\/"},"modified":"2025-06-04T16:24:07","modified_gmt":"2025-06-04T16:24:07","slug":"estela-funeraria-del-siglo-xi-y-el-crecimiento-urbano-de-elche-alicante","status":"publish","type":"product","link":"https:\/\/marqalicante-admin.qwair.com\/en\/product\/estela-funeraria-del-siglo-xi-y-el-crecimiento-urbano-de-elche-alicante\/","title":{"rendered":"Funerary stele from the 11th century and the urban growth of Elche (Alicante)"},"content":{"rendered":"<div class=\"documento-item\">\n                    <h2 class=\"documento-title\">Funerary stele from the 11th century and the urban growth of Elche (Alicante)<\/h2>\n        \n                    <p class=\"documento-subtitle\">Carmen Barcel\u00f3, Eduardo L\u00f3pez Segu\u00ed<\/p>\n        \n                    <a href=\"https:\/\/marqalicante.com\/contenido\/particulos\/pub_19.pdf\" class=\"documento-btn\" target=\"_blank\" rel=\"noopener\">\n                <i class=\"fas fa-file-pdf\"><\/i> Download PDF\n            <\/a>\n            <\/div>","protected":false},"excerpt":{"rendered":"<p>Elche (Alicante, Spain) is located about two kilometres from the site of Illici, the ancient Iberian city. It is proposed here that the foundation of the Islamic town took place in the middle of the 8th century and that Egyptian settlers were involved in its relocation. Through the study of an epigraphic funerary piece and other Arabic sources, the following hypothesis is put forward<br \/>The town's development and the construction of its walls in the Taifa period until it became the capital of its own cora in the 12th century.<\/p>","protected":false},"featured_media":45873,"template":"","meta":{"kia_subtitle":""},"product_brand":[],"product_cat":[2913],"product_tag":[],"class_list":{"0":"post-45622","1":"product","2":"type-product","3":"status-publish","4":"has-post-thumbnail","6":"product_cat-articulos","8":"first","9":"instock","10":"virtual","11":"product-type-simple"},"meta_box":{"ia_expediente":"","ia_ano":"","ia_fechas_de_actuacion":"","ia_municipios_comarcas":"","ia_directores":"","ia_periodos_culturales":"","ia_tipos_de_intervencion":"","ia_equipo_tecnico":"","ia_autores":"","ia_promotores":"","ia_deposito_de_materiales":"","ia_coordenadas_utm":""},"_links":{"self":[{"href":"https:\/\/marqalicante-admin.qwair.com\/en\/wp-json\/wp\/v2\/product\/45622","targetHints":{"allow":["GET"]}}],"collection":[{"href":"https:\/\/marqalicante-admin.qwair.com\/en\/wp-json\/wp\/v2\/product"}],"about":[{"href":"https:\/\/marqalicante-admin.qwair.com\/en\/wp-json\/wp\/v2\/types\/product"}],"wp:featuredmedia":[{"embeddable":true,"href":"https:\/\/marqalicante-admin.qwair.com\/en\/wp-json\/wp\/v2\/media\/45873"}],"wp:attachment":[{"href":"https:\/\/marqalicante-admin.qwair.com\/en\/wp-json\/wp\/v2\/media?parent=45622"}],"wp:term":[{"taxonomy":"product_brand","embeddable":true,"href":"https:\/\/marqalicante-admin.qwair.com\/en\/wp-json\/wp\/v2\/product_brand?post=45622"},{"taxonomy":"product_cat","embeddable":true,"href":"https:\/\/marqalicante-admin.qwair.com\/en\/wp-json\/wp\/v2\/product_cat?post=45622"},{"taxonomy":"product_tag","embeddable":true,"href":"https:\/\/marqalicante-admin.qwair.com\/en\/wp-json\/wp\/v2\/product_tag?post=45622"}],"curies":[{"name":"wp","href":"https:\/\/api.w.org\/{rel}","templated":true}]}}