{"id":45621,"date":"2025-05-16T06:31:23","date_gmt":"2025-05-16T06:31:23","guid":{"rendered":"https:\/\/marqalicante-admin.qwair.com\/producto\/entre-la-metafora-y-el-mito-la-representacion-simbolica-de-lo-femenino-en-la-sociedad-iberica\/"},"modified":"2025-06-04T16:24:07","modified_gmt":"2025-06-04T16:24:07","slug":"entre-la-metafora-y-el-mito-la-representacion-simbolica-de-lo-femenino-en-la-sociedad-iberica","status":"publish","type":"product","link":"https:\/\/marqalicante-admin.qwair.com\/en\/product\/entre-la-metafora-y-el-mito-la-representacion-simbolica-de-lo-femenino-en-la-sociedad-iberica\/","title":{"rendered":"Between metaphor and myth. The symbolic representation of the feminine in Iberian society."},"content":{"rendered":"<div class=\"documento-item\">\n                    <h2 class=\"documento-title\">Between metaphor and myth. The symbolic representation of the feminine in Iberian society.<\/h2>\n        \n                    <p class=\"documento-subtitle\">Alicia Perea<\/p>\n        \n                    <a href=\"https:\/\/marqalicante.com\/contenido\/particulos\/pub_18.pdf\" class=\"documento-btn\" target=\"_blank\" rel=\"noopener\">\n                <i class=\"fas fa-file-pdf\"><\/i> Download PDF\n            <\/a>\n            <\/div>","protected":false},"excerpt":{"rendered":"<p>We start with the analysis of a series of archaeological finds in order to trace the semantic codes that will determine the representation of the feminine in the south of the Iberian Peninsula over five centuries, from the Orientalising period to Romanisation. These sets are standardised and contain, among other gold objects, a diadem with triangular ends and three torques or necklaces: Aliseda (C\u00e1ceres), Cortijo de \u00c9bora (C\u00e1diz), J\u00e1vea (Alicante), La Puebla de los Infantes and Mairena del Alcor (Seville). The deposit from La Marina (Alicante), recently recovered, contained three torques and a gold pendant, and is closely related to the previous ones. Finally, we present one of the few iconographic documents that could reflect the existence of priestesses in Iberian society: a silver ring from Santiago de la Espada (Ja\u00e9n).<\/p>","protected":false},"featured_media":45873,"template":"","meta":{"kia_subtitle":""},"product_brand":[],"product_cat":[2913],"product_tag":[],"class_list":{"0":"post-45621","1":"product","2":"type-product","3":"status-publish","4":"has-post-thumbnail","6":"product_cat-articulos","8":"first","9":"instock","10":"virtual","11":"product-type-simple"},"meta_box":{"ia_expediente":"","ia_ano":"","ia_fechas_de_actuacion":"","ia_municipios_comarcas":"","ia_directores":"","ia_periodos_culturales":"","ia_tipos_de_intervencion":"","ia_equipo_tecnico":"","ia_autores":"","ia_promotores":"","ia_deposito_de_materiales":"","ia_coordenadas_utm":""},"_links":{"self":[{"href":"https:\/\/marqalicante-admin.qwair.com\/en\/wp-json\/wp\/v2\/product\/45621","targetHints":{"allow":["GET"]}}],"collection":[{"href":"https:\/\/marqalicante-admin.qwair.com\/en\/wp-json\/wp\/v2\/product"}],"about":[{"href":"https:\/\/marqalicante-admin.qwair.com\/en\/wp-json\/wp\/v2\/types\/product"}],"wp:featuredmedia":[{"embeddable":true,"href":"https:\/\/marqalicante-admin.qwair.com\/en\/wp-json\/wp\/v2\/media\/45873"}],"wp:attachment":[{"href":"https:\/\/marqalicante-admin.qwair.com\/en\/wp-json\/wp\/v2\/media?parent=45621"}],"wp:term":[{"taxonomy":"product_brand","embeddable":true,"href":"https:\/\/marqalicante-admin.qwair.com\/en\/wp-json\/wp\/v2\/product_brand?post=45621"},{"taxonomy":"product_cat","embeddable":true,"href":"https:\/\/marqalicante-admin.qwair.com\/en\/wp-json\/wp\/v2\/product_cat?post=45621"},{"taxonomy":"product_tag","embeddable":true,"href":"https:\/\/marqalicante-admin.qwair.com\/en\/wp-json\/wp\/v2\/product_tag?post=45621"}],"curies":[{"name":"wp","href":"https:\/\/api.w.org\/{rel}","templated":true}]}}