{"id":45617,"date":"2025-05-16T06:31:22","date_gmt":"2025-05-16T06:31:22","guid":{"rendered":"https:\/\/marqalicante-admin.qwair.com\/producto\/recursos-infograficos-sobre-lucentum-y-la-illeta-dels-banyets-en-el-marq-y-en-internet\/"},"modified":"2025-06-04T16:24:06","modified_gmt":"2025-06-04T16:24:06","slug":"recursos-infograficos-sobre-lucentum-y-la-illeta-dels-banyets-en-el-marq-y-en-internet","status":"publish","type":"product","link":"https:\/\/marqalicante-admin.qwair.com\/en\/product\/recursos-infograficos-sobre-lucentum-y-la-illeta-dels-banyets-en-el-marq-y-en-internet\/","title":{"rendered":"Infographic resources on Lucentum and the Illeta Dels Banyets in the MARQ and on the Internet"},"content":{"rendered":"<div class=\"documento-item\">\n                    <h2 class=\"documento-title\">Infographic resources on Lucentum and the Illeta Dels Banyets in the MARQ and on the Internet<\/h2>\n        \n                    <p class=\"documento-subtitle\">Manuel Olcina Dom\u00e9nech, Jorge Molina Lamothe, Rafael P\u00e9rez Jim\u00e9nez<\/p>\n        \n                    <a href=\"https:\/\/marqalicante.com\/contenido\/particulos\/pub_14.pdf\" class=\"documento-btn\" target=\"_blank\" rel=\"noopener\">\n                <i class=\"fas fa-file-pdf\"><\/i> Download PDF\n            <\/a>\n            <\/div>","protected":false},"excerpt":{"rendered":"<p>This paper describes two experiences of computer reconstruction of different buildings and landscapes of the Roman city of Lucentum (Alicante) and the settlement of Illeta dels Banyets (El Campello). They have been produced as high quality educational materials based on the results of recent research being carried out at both sites. The use of powerful graphic design tools that can construct a \"virtual\" reality of what the urban and rural settings may have looked like in one of the MARQ's rooms and on the Internet provides many thousands of visitors, anywhere in the world, with windows through which to observe the particularities of a region of the Roman Empire and to learn about a very important part of the heritage and archaeological wealth of the province of Alicante.<\/p>","protected":false},"featured_media":45873,"template":"","meta":{"kia_subtitle":""},"product_brand":[],"product_cat":[2913],"product_tag":[],"class_list":{"0":"post-45617","1":"product","2":"type-product","3":"status-publish","4":"has-post-thumbnail","6":"product_cat-articulos","8":"first","9":"instock","10":"virtual","11":"product-type-simple"},"meta_box":{"ia_expediente":"","ia_ano":"","ia_fechas_de_actuacion":"","ia_municipios_comarcas":"","ia_directores":"","ia_periodos_culturales":"","ia_tipos_de_intervencion":"","ia_equipo_tecnico":"","ia_autores":"","ia_promotores":"","ia_deposito_de_materiales":"","ia_coordenadas_utm":""},"_links":{"self":[{"href":"https:\/\/marqalicante-admin.qwair.com\/en\/wp-json\/wp\/v2\/product\/45617","targetHints":{"allow":["GET"]}}],"collection":[{"href":"https:\/\/marqalicante-admin.qwair.com\/en\/wp-json\/wp\/v2\/product"}],"about":[{"href":"https:\/\/marqalicante-admin.qwair.com\/en\/wp-json\/wp\/v2\/types\/product"}],"wp:featuredmedia":[{"embeddable":true,"href":"https:\/\/marqalicante-admin.qwair.com\/en\/wp-json\/wp\/v2\/media\/45873"}],"wp:attachment":[{"href":"https:\/\/marqalicante-admin.qwair.com\/en\/wp-json\/wp\/v2\/media?parent=45617"}],"wp:term":[{"taxonomy":"product_brand","embeddable":true,"href":"https:\/\/marqalicante-admin.qwair.com\/en\/wp-json\/wp\/v2\/product_brand?post=45617"},{"taxonomy":"product_cat","embeddable":true,"href":"https:\/\/marqalicante-admin.qwair.com\/en\/wp-json\/wp\/v2\/product_cat?post=45617"},{"taxonomy":"product_tag","embeddable":true,"href":"https:\/\/marqalicante-admin.qwair.com\/en\/wp-json\/wp\/v2\/product_tag?post=45617"}],"curies":[{"name":"wp","href":"https:\/\/api.w.org\/{rel}","templated":true}]}}