{"id":45494,"date":"2025-04-04T06:26:17","date_gmt":"2025-04-04T06:26:17","guid":{"rendered":"https:\/\/marqalicante-admin.qwair.com\/producto\/c-purissima-38-40\/"},"modified":"2025-04-07T08:07:22","modified_gmt":"2025-04-07T08:07:22","slug":"c-purissima-38-40","status":"publish","type":"product","link":"https:\/\/marqalicante-admin.qwair.com\/en\/product\/c-purissima-38-40\/","title":{"rendered":"C\/ Pur\u00edssima, 38-40"},"content":{"rendered":"","protected":false},"excerpt":{"rendered":"<p><b>File: <\/b><\/p>\n<p>2009\/0851-A<\/p>\n<p><b>Year: <\/b><\/p>\n<p>2011<\/p>\n<p><b>Performance dates: <\/b><\/p>\n<p>03-2009 - Ongoing<\/p>\n<p><b>Municipalities (Comarcas): <\/b><\/p>\n<p>BENISSA<\/p>\n<p><b>Directors :<\/b><\/p>\n<p>Vidal Bertomeu, Rub\u00e8n<\/p>\n<p><b>Cultural periods: <\/b><\/p>\n<p>Late Medieval<\/p>\n<p><b>Types of intervention :<\/b><\/p>\n<p>Archaeological excavation, Archaeological monitoring<\/p>\n<p><b>Technical Team: <\/b><\/p>\n<p>Llu\u00eds Castell\u00f3 Costa<\/p>\n<p><b>Authors :<\/b><\/p>\n<p>Rub\u00e8n Vidal Bertomeu and Llu\u00eds Castell\u00f3 Costa<\/p>\n<p><b>Promoters: <\/b><\/p>\n<p>Benissa Town Council<\/p>\n<p><b>Materials depot: <\/b><\/p>\n<p>Archaeological Museum of Alacant (MARQ)<\/p>\n<p><b>UTM coordinates: <\/b><\/p>\n<p>X 243679 - Y 4289396<\/p>\n<p><b>PDF document: <\/b><\/p>\n    \n    <div class=\"documento-item\">\n                    <h2 class=\"documento-title\">Download here<\/h2>\n        \n        \n                    <a href=\"https:\/\/marqalicante.com\/contenido\/int_arqueologicas\/doc_266.pdf\" class=\"documento-btn\">\n                <i class=\"fas fa-file-pdf\"><\/i> Download PDF\n            <\/a>\n            <\/div>","protected":false},"featured_media":45501,"template":"","meta":{"kia_subtitle":""},"product_brand":[],"product_cat":[2620],"product_tag":[],"class_list":{"0":"post-45494","1":"product","2":"type-product","3":"status-publish","4":"has-post-thumbnail","6":"product_cat-intervenciones-arqueologicas","8":"first","9":"instock","10":"virtual","11":"product-type-simple"},"meta_box":{"ia_expediente":"","ia_ano":"","ia_fechas_de_actuacion":"","ia_municipios_comarcas":"","ia_directores":"","ia_periodos_culturales":"","ia_tipos_de_intervencion":"","ia_equipo_tecnico":"","ia_autores":"","ia_promotores":"","ia_deposito_de_materiales":"","ia_coordenadas_utm":""},"_links":{"self":[{"href":"https:\/\/marqalicante-admin.qwair.com\/en\/wp-json\/wp\/v2\/product\/45494","targetHints":{"allow":["GET"]}}],"collection":[{"href":"https:\/\/marqalicante-admin.qwair.com\/en\/wp-json\/wp\/v2\/product"}],"about":[{"href":"https:\/\/marqalicante-admin.qwair.com\/en\/wp-json\/wp\/v2\/types\/product"}],"wp:featuredmedia":[{"embeddable":true,"href":"https:\/\/marqalicante-admin.qwair.com\/en\/wp-json\/wp\/v2\/media\/45501"}],"wp:attachment":[{"href":"https:\/\/marqalicante-admin.qwair.com\/en\/wp-json\/wp\/v2\/media?parent=45494"}],"wp:term":[{"taxonomy":"product_brand","embeddable":true,"href":"https:\/\/marqalicante-admin.qwair.com\/en\/wp-json\/wp\/v2\/product_brand?post=45494"},{"taxonomy":"product_cat","embeddable":true,"href":"https:\/\/marqalicante-admin.qwair.com\/en\/wp-json\/wp\/v2\/product_cat?post=45494"},{"taxonomy":"product_tag","embeddable":true,"href":"https:\/\/marqalicante-admin.qwair.com\/en\/wp-json\/wp\/v2\/product_tag?post=45494"}],"curies":[{"name":"wp","href":"https:\/\/api.w.org\/{rel}","templated":true}]}}