{"id":45493,"date":"2025-04-04T06:26:17","date_gmt":"2025-04-04T06:26:17","guid":{"rendered":"https:\/\/marqalicante-admin.qwair.com\/producto\/torre-bombarda\/"},"modified":"2025-04-07T08:07:22","modified_gmt":"2025-04-07T08:07:22","slug":"torre-bombarda","status":"publish","type":"product","link":"https:\/\/marqalicante-admin.qwair.com\/en\/product\/torre-bombarda\/","title":{"rendered":"Bombarda Tower"},"content":{"rendered":"","protected":false},"excerpt":{"rendered":"<p><b>File: <\/b><\/p>\n<p>2011\/0635-A<\/p>\n<p><b>Year: <\/b><\/p>\n<p>2011<\/p>\n<p><b>Performance dates: <\/b><\/p>\n<p>21-11-2011 a 24-01-2012<\/p>\n<p><b>Municipalities (Comarcas): <\/b><\/p>\n<p>ALF\u00c0S DEL PI, L'<\/p>\n<p><b>Directors :<\/b><\/p>\n<p>Fr\u00edas Castillejo, Carolina, Udaeta i Montaner, Javier<\/p>\n<p><b>Cultural periods: <\/b><\/p>\n<p>Modern<\/p>\n<p><b>Types of intervention :<\/b><\/p>\n<p>Consolidation, Archaeological excavation<\/p>\n<p><b>Technical Team: <\/b><\/p>\n<p>Gustavo Olmedo L\u00f3pez and Daniel Tejer\u00edan Ant\u00f3n (restorers and archaeologists)<\/p>\n<p><b>Authors :<\/b><\/p>\n<p>Carolina Fr\u00edas Castillejo<\/p>\n<p><b>Promoters: <\/b><\/p>\n<p>L'Alf\u00e0s del Pi Town Council<\/p>\n<p><b>Materials depot: <\/b><\/p>\n<p>No archaeological material was recovered<\/p>\n<p><b>UTM coordinates: <\/b><\/p>\n<p>X 757160 - Y 4272679<\/p>\n<p><b>PDF document: <\/b><\/p>\n    \n    <div class=\"documento-item\">\n                    <h2 class=\"documento-title\">Download here<\/h2>\n        \n        \n                    <a href=\"https:\/\/marqalicante.com\/contenido\/int_arqueologicas\/doc_265.pdf\" class=\"documento-btn\">\n                <i class=\"fas fa-file-pdf\"><\/i> Download PDF\n            <\/a>\n            <\/div>","protected":false},"featured_media":45501,"template":"","meta":{"kia_subtitle":""},"product_brand":[],"product_cat":[2620],"product_tag":[],"class_list":{"0":"post-45493","1":"product","2":"type-product","3":"status-publish","4":"has-post-thumbnail","6":"product_cat-intervenciones-arqueologicas","8":"first","9":"instock","10":"virtual","11":"product-type-simple"},"meta_box":{"ia_expediente":"","ia_ano":"","ia_fechas_de_actuacion":"","ia_municipios_comarcas":"","ia_directores":"","ia_periodos_culturales":"","ia_tipos_de_intervencion":"","ia_equipo_tecnico":"","ia_autores":"","ia_promotores":"","ia_deposito_de_materiales":"","ia_coordenadas_utm":""},"_links":{"self":[{"href":"https:\/\/marqalicante-admin.qwair.com\/en\/wp-json\/wp\/v2\/product\/45493","targetHints":{"allow":["GET"]}}],"collection":[{"href":"https:\/\/marqalicante-admin.qwair.com\/en\/wp-json\/wp\/v2\/product"}],"about":[{"href":"https:\/\/marqalicante-admin.qwair.com\/en\/wp-json\/wp\/v2\/types\/product"}],"wp:featuredmedia":[{"embeddable":true,"href":"https:\/\/marqalicante-admin.qwair.com\/en\/wp-json\/wp\/v2\/media\/45501"}],"wp:attachment":[{"href":"https:\/\/marqalicante-admin.qwair.com\/en\/wp-json\/wp\/v2\/media?parent=45493"}],"wp:term":[{"taxonomy":"product_brand","embeddable":true,"href":"https:\/\/marqalicante-admin.qwair.com\/en\/wp-json\/wp\/v2\/product_brand?post=45493"},{"taxonomy":"product_cat","embeddable":true,"href":"https:\/\/marqalicante-admin.qwair.com\/en\/wp-json\/wp\/v2\/product_cat?post=45493"},{"taxonomy":"product_tag","embeddable":true,"href":"https:\/\/marqalicante-admin.qwair.com\/en\/wp-json\/wp\/v2\/product_tag?post=45493"}],"curies":[{"name":"wp","href":"https:\/\/api.w.org\/{rel}","templated":true}]}}