{"id":45484,"date":"2025-04-04T06:26:13","date_gmt":"2025-04-04T06:26:13","guid":{"rendered":"https:\/\/marqalicante-admin.qwair.com\/producto\/convento-de-la-merced-zonas-panda-norte-del-claustro-y-huerto-y-estancias-perimetrales\/"},"modified":"2025-04-07T08:07:19","modified_gmt":"2025-04-07T08:07:19","slug":"convento-de-la-merced-zonas-panda-norte-del-claustro-y-huerto-y-estancias-perimetrales","status":"publish","type":"product","link":"https:\/\/marqalicante-admin.qwair.com\/en\/product\/convento-de-la-merced-zonas-panda-norte-del-claustro-y-huerto-y-estancias-perimetrales\/","title":{"rendered":"Convent of La Merced. Areas: north side of the cloister and orchard and perimeter rooms."},"content":{"rendered":"","protected":false},"excerpt":{"rendered":"<p><b>File: <\/b><\/p>\n<p>2011\/0705-A (SS.TT. A-2010-151)<\/p>\n<p><b>Year: <\/b><\/p>\n<p>2011<\/p>\n<p><b>Performance dates: <\/b><\/p>\n<p>17-11-2011 a 22-12-2011<\/p>\n<p><b>Municipalities (Comarcas): <\/b><\/p>\n<p>ELCHE \/ ELX<\/p>\n<p><b>Directors :<\/b><\/p>\n<p>L\u00f3pez Segu\u00ed, Eduardo, Torregrosa Gim\u00e9nez, Palmira<\/p>\n<p><b>Cultural periods: <\/b><\/p>\n<p>Contempor\u00e1neo&#44; Isl\u00e1mico&#44; Moderno<\/p>\n<p><b>Types of intervention :<\/b><\/p>\n<p>Archaeological excavation<\/p>\n<p><b>Technical Team: <\/b><\/p>\n<p>Fernando Gomis Ferrero&#44; Ana Mart\u00ednez Escudero y Celso S\u00e1nchez Mond\u00e9jar<\/p>\n<p><b>Authors :<\/b><\/p>\n<p>Eduardo L\u00f3pez Segu\u00ed and Palmira Torregrosa Gim\u00e9nez (ALEBUS Patrimonio Hist\u00f3rico, S.L.)<\/p>\n<p><b>Promoters: <\/b><\/p>\n<p>Excmo. Ayuntamiento de Elche<\/p>\n<p><b>Materials depot: <\/b><\/p>\n<p>Museum of Archaeology and History of Elche (MAHE)<\/p>\n<p><b>UTM coordinates: <\/b><\/p>\n<p>X 701551 \u2013 Y 4237990<\/p>\n<p><b>PDF document: <\/b><\/p>\n    \n    <div class=\"documento-item\">\n                    <h2 class=\"documento-title\">Download here<\/h2>\n        \n        \n                    <a href=\"https:\/\/marqalicante.com\/contenido\/int_arqueologicas\/doc_253.pdf\" class=\"documento-btn\">\n                <i class=\"fas fa-file-pdf\"><\/i> Download PDF\n            <\/a>\n            <\/div>","protected":false},"featured_media":45501,"template":"","meta":{"kia_subtitle":""},"product_brand":[],"product_cat":[2620],"product_tag":[],"class_list":{"0":"post-45484","1":"product","2":"type-product","3":"status-publish","4":"has-post-thumbnail","6":"product_cat-intervenciones-arqueologicas","8":"first","9":"instock","10":"virtual","11":"product-type-simple"},"meta_box":{"ia_expediente":"","ia_ano":"","ia_fechas_de_actuacion":"","ia_municipios_comarcas":"","ia_directores":"","ia_periodos_culturales":"","ia_tipos_de_intervencion":"","ia_equipo_tecnico":"","ia_autores":"","ia_promotores":"","ia_deposito_de_materiales":"","ia_coordenadas_utm":""},"_links":{"self":[{"href":"https:\/\/marqalicante-admin.qwair.com\/en\/wp-json\/wp\/v2\/product\/45484","targetHints":{"allow":["GET"]}}],"collection":[{"href":"https:\/\/marqalicante-admin.qwair.com\/en\/wp-json\/wp\/v2\/product"}],"about":[{"href":"https:\/\/marqalicante-admin.qwair.com\/en\/wp-json\/wp\/v2\/types\/product"}],"wp:featuredmedia":[{"embeddable":true,"href":"https:\/\/marqalicante-admin.qwair.com\/en\/wp-json\/wp\/v2\/media\/45501"}],"wp:attachment":[{"href":"https:\/\/marqalicante-admin.qwair.com\/en\/wp-json\/wp\/v2\/media?parent=45484"}],"wp:term":[{"taxonomy":"product_brand","embeddable":true,"href":"https:\/\/marqalicante-admin.qwair.com\/en\/wp-json\/wp\/v2\/product_brand?post=45484"},{"taxonomy":"product_cat","embeddable":true,"href":"https:\/\/marqalicante-admin.qwair.com\/en\/wp-json\/wp\/v2\/product_cat?post=45484"},{"taxonomy":"product_tag","embeddable":true,"href":"https:\/\/marqalicante-admin.qwair.com\/en\/wp-json\/wp\/v2\/product_tag?post=45484"}],"curies":[{"name":"wp","href":"https:\/\/api.w.org\/{rel}","templated":true}]}}