{"id":45482,"date":"2025-04-04T06:26:12","date_gmt":"2025-04-04T06:26:12","guid":{"rendered":"https:\/\/marqalicante-admin.qwair.com\/producto\/linea-220-kv-torremendo-san-miguel-de-salinas\/"},"modified":"2025-04-07T08:07:19","modified_gmt":"2025-04-07T08:07:19","slug":"linea-220-kv-torremendo-san-miguel-de-salinas","status":"publish","type":"product","link":"https:\/\/marqalicante-admin.qwair.com\/en\/product\/linea-220-kv-torremendo-san-miguel-de-salinas\/","title":{"rendered":"220 kV line. Torremendo - San Miguel de Salinas"},"content":{"rendered":"","protected":false},"excerpt":{"rendered":"<p><b>File: <\/b><\/p>\n<p>2011\/0695-A<\/p>\n<p><b>Year: <\/b><\/p>\n<p>2011<\/p>\n<p><b>Performance dates: <\/b><\/p>\n<p><b>Municipalities (Comarcas): <\/b><\/p>\n<p>SAN MIGUEL DE SALINAS<\/p>\n<p><b>Directors :<\/b><\/p>\n<p>\u00c1vila Pallar\u00e9s, Isabel, Fern\u00e1ndez, Olga, Garc\u00eda Laso, Carola, Llorente, Javier, P\u00e9rez Gil, M\u00aa Teresa, S\u00e1nchez, Carmen<\/p>\n<p><b>Cultural periods: <\/b><\/p>\n<p><b>Types of intervention :<\/b><\/p>\n<p><b>Technical Team: <\/b><\/p>\n<p><b>Authors :<\/b><\/p>\n<p><b>Promoters: <\/b><\/p>\n<p><b>Materials depot: <\/b><\/p>\n<p><b>UTM coordinates: <\/b><\/p>\n<p><b>PDF document: <\/b><\/p>","protected":false},"featured_media":45501,"template":"","meta":{"kia_subtitle":""},"product_brand":[],"product_cat":[2620],"product_tag":[],"class_list":{"0":"post-45482","1":"product","2":"type-product","3":"status-publish","4":"has-post-thumbnail","6":"product_cat-intervenciones-arqueologicas","8":"first","9":"instock","10":"virtual","11":"product-type-simple"},"meta_box":{"ia_expediente":"","ia_ano":"","ia_fechas_de_actuacion":"","ia_municipios_comarcas":"","ia_directores":"","ia_periodos_culturales":"","ia_tipos_de_intervencion":"","ia_equipo_tecnico":"","ia_autores":"","ia_promotores":"","ia_deposito_de_materiales":"","ia_coordenadas_utm":""},"_links":{"self":[{"href":"https:\/\/marqalicante-admin.qwair.com\/en\/wp-json\/wp\/v2\/product\/45482","targetHints":{"allow":["GET"]}}],"collection":[{"href":"https:\/\/marqalicante-admin.qwair.com\/en\/wp-json\/wp\/v2\/product"}],"about":[{"href":"https:\/\/marqalicante-admin.qwair.com\/en\/wp-json\/wp\/v2\/types\/product"}],"wp:featuredmedia":[{"embeddable":true,"href":"https:\/\/marqalicante-admin.qwair.com\/en\/wp-json\/wp\/v2\/media\/45501"}],"wp:attachment":[{"href":"https:\/\/marqalicante-admin.qwair.com\/en\/wp-json\/wp\/v2\/media?parent=45482"}],"wp:term":[{"taxonomy":"product_brand","embeddable":true,"href":"https:\/\/marqalicante-admin.qwair.com\/en\/wp-json\/wp\/v2\/product_brand?post=45482"},{"taxonomy":"product_cat","embeddable":true,"href":"https:\/\/marqalicante-admin.qwair.com\/en\/wp-json\/wp\/v2\/product_cat?post=45482"},{"taxonomy":"product_tag","embeddable":true,"href":"https:\/\/marqalicante-admin.qwair.com\/en\/wp-json\/wp\/v2\/product_tag?post=45482"}],"curies":[{"name":"wp","href":"https:\/\/api.w.org\/{rel}","templated":true}]}}