{"id":45480,"date":"2025-04-04T06:26:10","date_gmt":"2025-04-04T06:26:10","guid":{"rendered":"https:\/\/marqalicante-admin.qwair.com\/producto\/colectores-de-saneamiento-de-pena-de-las-aguilas-y-llano-de-san-jose-y-colector-de-saneamiento-de-torrellano\/"},"modified":"2025-04-07T08:07:18","modified_gmt":"2025-04-07T08:07:18","slug":"colectores-de-saneamiento-de-pena-de-las-aguilas-y-llano-de-san-jose-y-colector-de-saneamiento-de-torrellano","status":"publish","type":"product","link":"https:\/\/marqalicante-admin.qwair.com\/en\/product\/colectores-de-saneamiento-de-pena-de-las-aguilas-y-llano-de-san-jose-y-colector-de-saneamiento-de-torrellano\/","title":{"rendered":"Pe\u00f1a de las \u00c1guilas and Llano de San Jos\u00e9 sewerage collectors and Torrellano sewerage collector."},"content":{"rendered":"","protected":false},"excerpt":{"rendered":"<p><b>File: <\/b><\/p>\n<p>2011\/0627-A (SS.TT. A-2011-269)<\/p>\n<p><b>Year: <\/b><\/p>\n<p>2011<\/p>\n<p><b>Performance dates: <\/b><\/p>\n<p>18-11-2011 a 28-11-2011<\/p>\n<p><b>Municipalities (Comarcas): <\/b><\/p>\n<p>ELCHE \/ ELX<\/p>\n<p><b>Directors :<\/b><\/p>\n<p>Moratalla J\u00e1vega, Jes\u00fas<\/p>\n<p><b>Cultural periods: <\/b><\/p>\n<p>Contemporary<\/p>\n<p><b>Types of intervention :<\/b><\/p>\n<p>Archaeological and ethnological prospection<\/p>\n<p><b>Technical Team: <\/b><\/p>\n<p>-<\/p>\n<p><b>Authors :<\/b><\/p>\n<p>Jes\u00fas Moratalla J\u00e1vega<\/p>\n<p><b>Promoters: <\/b><\/p>\n<p>Consultora de Actividades T\u00e9cnicas, S.L.<\/p>\n<p><b>Materials depot: <\/b><\/p>\n<p>No archaeological material was recovered<\/p>\n<p><b>UTM coordinates: <\/b><\/p>\n<p>X 699000 - Y 4236066<\/p>\n<p><b>PDF document: <\/b><\/p>\n    \n    <div class=\"documento-item\">\n                    <h2 class=\"documento-title\">Download here<\/h2>\n        \n        \n                    <a href=\"https:\/\/marqalicante.com\/contenido\/int_arqueologicas\/doc_248.pdf\" class=\"documento-btn\">\n                <i class=\"fas fa-file-pdf\"><\/i> Download PDF\n            <\/a>\n            <\/div>","protected":false},"featured_media":45501,"template":"","meta":{"kia_subtitle":""},"product_brand":[],"product_cat":[2620],"product_tag":[],"class_list":{"0":"post-45480","1":"product","2":"type-product","3":"status-publish","4":"has-post-thumbnail","6":"product_cat-intervenciones-arqueologicas","8":"first","9":"instock","10":"virtual","11":"product-type-simple"},"meta_box":{"ia_expediente":"","ia_ano":"","ia_fechas_de_actuacion":"","ia_municipios_comarcas":"","ia_directores":"","ia_periodos_culturales":"","ia_tipos_de_intervencion":"","ia_equipo_tecnico":"","ia_autores":"","ia_promotores":"","ia_deposito_de_materiales":"","ia_coordenadas_utm":""},"_links":{"self":[{"href":"https:\/\/marqalicante-admin.qwair.com\/en\/wp-json\/wp\/v2\/product\/45480","targetHints":{"allow":["GET"]}}],"collection":[{"href":"https:\/\/marqalicante-admin.qwair.com\/en\/wp-json\/wp\/v2\/product"}],"about":[{"href":"https:\/\/marqalicante-admin.qwair.com\/en\/wp-json\/wp\/v2\/types\/product"}],"wp:featuredmedia":[{"embeddable":true,"href":"https:\/\/marqalicante-admin.qwair.com\/en\/wp-json\/wp\/v2\/media\/45501"}],"wp:attachment":[{"href":"https:\/\/marqalicante-admin.qwair.com\/en\/wp-json\/wp\/v2\/media?parent=45480"}],"wp:term":[{"taxonomy":"product_brand","embeddable":true,"href":"https:\/\/marqalicante-admin.qwair.com\/en\/wp-json\/wp\/v2\/product_brand?post=45480"},{"taxonomy":"product_cat","embeddable":true,"href":"https:\/\/marqalicante-admin.qwair.com\/en\/wp-json\/wp\/v2\/product_cat?post=45480"},{"taxonomy":"product_tag","embeddable":true,"href":"https:\/\/marqalicante-admin.qwair.com\/en\/wp-json\/wp\/v2\/product_tag?post=45480"}],"curies":[{"name":"wp","href":"https:\/\/api.w.org\/{rel}","templated":true}]}}