{"id":45478,"date":"2025-04-04T06:26:10","date_gmt":"2025-04-04T06:26:10","guid":{"rendered":"https:\/\/marqalicante-admin.qwair.com\/producto\/sequies-assuts-i-molins-de-la-capcalera-de-la-font-antiga-de-crevillent-la-tanca-del-forat\/"},"modified":"2025-04-07T08:07:17","modified_gmt":"2025-04-07T08:07:17","slug":"sequies-assuts-i-molins-de-la-capcalera-de-la-font-antiga-de-crevillent-la-tanca-del-forat","status":"publish","type":"product","link":"https:\/\/marqalicante-admin.qwair.com\/en\/product\/sequies-assuts-i-molins-de-la-capcalera-de-la-font-antiga-de-crevillent-la-tanca-del-forat\/","title":{"rendered":"S\u00e8quies, assuts i molins de la cap\u00e7alera de la Font Antiga de Crevillent. La Tanca del Forat"},"content":{"rendered":"","protected":false},"excerpt":{"rendered":"<p><b>File: <\/b><\/p>\n<p>2011\/0597-A<\/p>\n<p><b>Year: <\/b><\/p>\n<p>2011<\/p>\n<p><b>Performance dates: <\/b><\/p>\n<p>15-11-2011 a 16-12-2011<\/p>\n<p><b>Municipalities (Comarcas): <\/b><\/p>\n<p>CREVILLENT<\/p>\n<p><b>Directors :<\/b><\/p>\n<p>Menargues Gim\u00e9nez, Josep<\/p>\n<p><b>Cultural periods: <\/b><\/p>\n<p>Late Medieval, Islamic, Modern<\/p>\n<p><b>Types of intervention :<\/b><\/p>\n<p>Development, Archaeological excavation, Planimetry<\/p>\n<p><b>Technical Team: <\/b><\/p>\n<p>Marcelino P\u00e9rez Amor\u00f3s (topographer), Margarita Ferr\u00e0ndez Abell\u00e1n, Lorda Belso Pastor i Joaquim Ferr\u00e0ndez Abell\u00e1n<\/p>\n<p><b>Authors :<\/b><\/p>\n<p>Josep Menargues Gim\u00e9nez<\/p>\n<p><b>Promoters: <\/b><\/p>\n<p>Josep Menargues Gim\u00e9nez<\/p>\n<p><b>Materials depot: <\/b><\/p>\n<p>Municipal Archaeological Museum of Crevillent<\/p>\n<p><b>UTM coordinates: <\/b><\/p>\n<p>X 690443 - Y 4237529 (Sondeig Estrep); X 690458 - Y 4237536 (Sondeig Mur-Brollador)<\/p>\n<p><b>PDF document: <\/b><\/p>\n    \n    <div class=\"documento-item\">\n                    <h2 class=\"documento-title\">Download here<\/h2>\n        \n        \n                    <a href=\"https:\/\/marqalicante.com\/contenido\/int_arqueologicas\/doc_246.pdf\" class=\"documento-btn\">\n                <i class=\"fas fa-file-pdf\"><\/i> Download PDF\n            <\/a>\n            <\/div>","protected":false},"featured_media":45501,"template":"","meta":{"kia_subtitle":""},"product_brand":[],"product_cat":[2620],"product_tag":[],"class_list":{"0":"post-45478","1":"product","2":"type-product","3":"status-publish","4":"has-post-thumbnail","6":"product_cat-intervenciones-arqueologicas","8":"first","9":"instock","10":"virtual","11":"product-type-simple"},"meta_box":{"ia_expediente":"","ia_ano":"","ia_fechas_de_actuacion":"","ia_municipios_comarcas":"","ia_directores":"","ia_periodos_culturales":"","ia_tipos_de_intervencion":"","ia_equipo_tecnico":"","ia_autores":"","ia_promotores":"","ia_deposito_de_materiales":"","ia_coordenadas_utm":""},"_links":{"self":[{"href":"https:\/\/marqalicante-admin.qwair.com\/en\/wp-json\/wp\/v2\/product\/45478","targetHints":{"allow":["GET"]}}],"collection":[{"href":"https:\/\/marqalicante-admin.qwair.com\/en\/wp-json\/wp\/v2\/product"}],"about":[{"href":"https:\/\/marqalicante-admin.qwair.com\/en\/wp-json\/wp\/v2\/types\/product"}],"wp:featuredmedia":[{"embeddable":true,"href":"https:\/\/marqalicante-admin.qwair.com\/en\/wp-json\/wp\/v2\/media\/45501"}],"wp:attachment":[{"href":"https:\/\/marqalicante-admin.qwair.com\/en\/wp-json\/wp\/v2\/media?parent=45478"}],"wp:term":[{"taxonomy":"product_brand","embeddable":true,"href":"https:\/\/marqalicante-admin.qwair.com\/en\/wp-json\/wp\/v2\/product_brand?post=45478"},{"taxonomy":"product_cat","embeddable":true,"href":"https:\/\/marqalicante-admin.qwair.com\/en\/wp-json\/wp\/v2\/product_cat?post=45478"},{"taxonomy":"product_tag","embeddable":true,"href":"https:\/\/marqalicante-admin.qwair.com\/en\/wp-json\/wp\/v2\/product_tag?post=45478"}],"curies":[{"name":"wp","href":"https:\/\/api.w.org\/{rel}","templated":true}]}}