{"id":45448,"date":"2025-04-04T06:25:56","date_gmt":"2025-04-04T06:25:56","guid":{"rendered":"https:\/\/marqalicante-admin.qwair.com\/producto\/cova-del-randero-5a-campana\/"},"modified":"2025-04-07T08:07:09","modified_gmt":"2025-04-07T08:07:09","slug":"cova-del-randero-5a-campana","status":"publish","type":"product","link":"https:\/\/marqalicante-admin.qwair.com\/en\/product\/cova-del-randero-5a-campana\/","title":{"rendered":"Randero Cave. 5th Campaign"},"content":{"rendered":"","protected":false},"excerpt":{"rendered":"<p><b>File: <\/b><\/p>\n<p>2011\/0331-A (SS.TT. A-2007-231)<\/p>\n<p><b>Year: <\/b><\/p>\n<p>2011<\/p>\n<p><b>Performance dates: <\/b><\/p>\n<p>05-07-2011 a 30-07-2011<\/p>\n<p><b>Municipalities (Comarcas): <\/b><\/p>\n<p>PEDREGUER<\/p>\n<p><b>Directors :<\/b><\/p>\n<p>Roca de Togores Mu\u00f1oz, Consuelo, Soler D\u00edaz, Jorge A.<\/p>\n<p><b>Cultural periods: <\/b><\/p>\n<p>Chalcolithic, Neolithic<\/p>\n<p><b>Types of intervention :<\/b><\/p>\n<p>Archaeological excavation<\/p>\n<p><b>Technical Team: <\/b><\/p>\n<p>ARPA Patrimonio, S.L. and History students<\/p>\n<p><b>Authors :<\/b><\/p>\n<p>Jorge A. Soler D\u00edaz, Consuelo Roca de Togores and Olga G\u00f3mez P\u00e9rez\n<\/p>\n<p><b>Promoters: <\/b><\/p>\n<p>Alicante Provincial Council. MARQ<\/p>\n<p><b>Materials depot: <\/b><\/p>\n<p>Archaeological Museum of Alicante (MARQ)<\/p>\n<p><b>UTM coordinates: <\/b><\/p>\n<p>X 239836 - Y 4296559<\/p>\n<p><b>PDF document: <\/b><\/p>\n    \n    <div class=\"documento-item\">\n                    <h2 class=\"documento-title\">Download here<\/h2>\n        \n        \n                    <a href=\"https:\/\/marqalicante.com\/contenido\/int_arqueologicas\/doc_215.pdf\" class=\"documento-btn\">\n                <i class=\"fas fa-file-pdf\"><\/i> Download PDF\n            <\/a>\n            <\/div>","protected":false},"featured_media":45501,"template":"","meta":{"kia_subtitle":""},"product_brand":[],"product_cat":[2620],"product_tag":[],"class_list":{"0":"post-45448","1":"product","2":"type-product","3":"status-publish","4":"has-post-thumbnail","6":"product_cat-intervenciones-arqueologicas","8":"first","9":"instock","10":"virtual","11":"product-type-simple"},"meta_box":{"ia_expediente":"","ia_ano":"","ia_fechas_de_actuacion":"","ia_municipios_comarcas":"","ia_directores":"","ia_periodos_culturales":"","ia_tipos_de_intervencion":"","ia_equipo_tecnico":"","ia_autores":"","ia_promotores":"","ia_deposito_de_materiales":"","ia_coordenadas_utm":""},"_links":{"self":[{"href":"https:\/\/marqalicante-admin.qwair.com\/en\/wp-json\/wp\/v2\/product\/45448","targetHints":{"allow":["GET"]}}],"collection":[{"href":"https:\/\/marqalicante-admin.qwair.com\/en\/wp-json\/wp\/v2\/product"}],"about":[{"href":"https:\/\/marqalicante-admin.qwair.com\/en\/wp-json\/wp\/v2\/types\/product"}],"wp:featuredmedia":[{"embeddable":true,"href":"https:\/\/marqalicante-admin.qwair.com\/en\/wp-json\/wp\/v2\/media\/45501"}],"wp:attachment":[{"href":"https:\/\/marqalicante-admin.qwair.com\/en\/wp-json\/wp\/v2\/media?parent=45448"}],"wp:term":[{"taxonomy":"product_brand","embeddable":true,"href":"https:\/\/marqalicante-admin.qwair.com\/en\/wp-json\/wp\/v2\/product_brand?post=45448"},{"taxonomy":"product_cat","embeddable":true,"href":"https:\/\/marqalicante-admin.qwair.com\/en\/wp-json\/wp\/v2\/product_cat?post=45448"},{"taxonomy":"product_tag","embeddable":true,"href":"https:\/\/marqalicante-admin.qwair.com\/en\/wp-json\/wp\/v2\/product_tag?post=45448"}],"curies":[{"name":"wp","href":"https:\/\/api.w.org\/{rel}","templated":true}]}}