{"id":45446,"date":"2025-04-04T06:25:55","date_gmt":"2025-04-04T06:25:55","guid":{"rendered":"https:\/\/marqalicante-admin.qwair.com\/producto\/terlinques-xva-campana\/"},"modified":"2025-04-07T08:07:08","modified_gmt":"2025-04-07T08:07:08","slug":"terlinques-xva-campana","status":"publish","type":"product","link":"https:\/\/marqalicante-admin.qwair.com\/en\/product\/terlinques-xva-campana\/","title":{"rendered":"Terlinques. 15th Campaign"},"content":{"rendered":"","protected":false},"excerpt":{"rendered":"<p><b>File: <\/b><\/p>\n<p>2011\/0326-A<\/p>\n<p><b>Year: <\/b><\/p>\n<p>2011<\/p>\n<p><b>Performance dates: <\/b><\/p>\n<p>22-07-2011 a 04-08-2011<\/p>\n<p><b>Municipalities (Comarcas): <\/b><\/p>\n<p>VILLENA<\/p>\n<p><b>Directors :<\/b><\/p>\n<p>Jover Maestre, Francisco Javier, L\u00f3pez Padilla, Juan Antonio<\/p>\n<p><b>Cultural periods: <\/b><\/p>\n<p>Bronze Age<\/p>\n<p><b>Types of intervention :<\/b><\/p>\n<p>Archaeological excavation<\/p>\n<p><b>Technical Team: <\/b><\/p>\n<p>Alicia Luj\u00e1n Navas (arque\u00f3loga)&#44; Laura Acosta Pradillos (arque\u00f3loga)&#44; Raquel Ruiz Pastor (arque\u00f3loga)&#44; Dr. Jos\u00e9 Lu\u00eds Sim\u00f3n Garc\u00eda (arqueometalurgia)&#44; Dra. M\u00aa del Carmen Machado Yanes (antracolog\u00eda)&#44; Carles Ferrer (sedimentolog\u00eda)&#44; Mar\u00eda Luisa Precioso Ar\u00e9valo (paleobot\u00e1nica)&#44; M\u00aa Paz de Miguel Ib\u00e1\u00f1ez (paleopatolog\u00eda)&#44; Miguel Benito Iborra (arqueozoolog\u00eda) y el Dr. Jos\u00e9 Antonio L\u00f3pez S\u00e1ez (palinolog\u00eda)<\/p>\n<p><b>Authors :<\/b><\/p>\n<p>Francisco Javier Jover Maestre&#44; Juan Antonio L\u00f3pez Padilla&#44; Alicia Luj\u00e1n Navas&#44; Laura Acosta Pradillos y Sergio Mart\u00ednez Monle\u00f3n\n<\/p>\n<p><b>Promoters: <\/b><\/p>\n<p>Direcci\u00f3n General de Patrimonio Cultural Valenciano. Generalitat Valenciana\n<\/p>\n<p><b>Materials depot: <\/b><\/p>\n<p>Jos\u00e9 Mar\u00eda Soler Municipal Archaeological Museum of Villena<\/p>\n<p><b>UTM coordinates: <\/b><\/p>\n<p>X 682725 - Y 4274686<\/p>\n<p><b>PDF document: <\/b><\/p>\n    \n    <div class=\"documento-item\">\n                    <h2 class=\"documento-title\">Download here<\/h2>\n        \n        \n                    <a href=\"https:\/\/marqalicante.com\/contenido\/int_arqueologicas\/doc_213.pdf\" class=\"documento-btn\">\n                <i class=\"fas fa-file-pdf\"><\/i> Download PDF\n            <\/a>\n            <\/div>","protected":false},"featured_media":45501,"template":"","meta":{"kia_subtitle":""},"product_brand":[],"product_cat":[2620],"product_tag":[],"class_list":{"0":"post-45446","1":"product","2":"type-product","3":"status-publish","4":"has-post-thumbnail","6":"product_cat-intervenciones-arqueologicas","8":"first","9":"instock","10":"virtual","11":"product-type-simple"},"meta_box":{"ia_expediente":"","ia_ano":"","ia_fechas_de_actuacion":"","ia_municipios_comarcas":"","ia_directores":"","ia_periodos_culturales":"","ia_tipos_de_intervencion":"","ia_equipo_tecnico":"","ia_autores":"","ia_promotores":"","ia_deposito_de_materiales":"","ia_coordenadas_utm":""},"_links":{"self":[{"href":"https:\/\/marqalicante-admin.qwair.com\/en\/wp-json\/wp\/v2\/product\/45446","targetHints":{"allow":["GET"]}}],"collection":[{"href":"https:\/\/marqalicante-admin.qwair.com\/en\/wp-json\/wp\/v2\/product"}],"about":[{"href":"https:\/\/marqalicante-admin.qwair.com\/en\/wp-json\/wp\/v2\/types\/product"}],"wp:featuredmedia":[{"embeddable":true,"href":"https:\/\/marqalicante-admin.qwair.com\/en\/wp-json\/wp\/v2\/media\/45501"}],"wp:attachment":[{"href":"https:\/\/marqalicante-admin.qwair.com\/en\/wp-json\/wp\/v2\/media?parent=45446"}],"wp:term":[{"taxonomy":"product_brand","embeddable":true,"href":"https:\/\/marqalicante-admin.qwair.com\/en\/wp-json\/wp\/v2\/product_brand?post=45446"},{"taxonomy":"product_cat","embeddable":true,"href":"https:\/\/marqalicante-admin.qwair.com\/en\/wp-json\/wp\/v2\/product_cat?post=45446"},{"taxonomy":"product_tag","embeddable":true,"href":"https:\/\/marqalicante-admin.qwair.com\/en\/wp-json\/wp\/v2\/product_tag?post=45446"}],"curies":[{"name":"wp","href":"https:\/\/api.w.org\/{rel}","templated":true}]}}