{"id":45429,"date":"2025-04-04T06:25:48","date_gmt":"2025-04-04T06:25:48","guid":{"rendered":"https:\/\/marqalicante-admin.qwair.com\/producto\/linea-subterranea-de-baja-tension-para-cierre-de-anillo-en-ct-paseo-estacion-3-poligono-i-4-ct\/"},"modified":"2025-04-07T08:07:03","modified_gmt":"2025-04-07T08:07:03","slug":"linea-subterranea-de-baja-tension-para-cierre-de-anillo-en-ct-paseo-estacion-3-poligono-i-4-ct","status":"publish","type":"product","link":"https:\/\/marqalicante-admin.qwair.com\/en\/product\/linea-subterranea-de-baja-tension-para-cierre-de-anillo-en-ct-paseo-estacion-3-poligono-i-4-ct\/","title":{"rendered":"Underground low voltage line for ring closure at CT Paseo Estaci\u00f3n, 3, polygon I-4 CT"},"content":{"rendered":"","protected":false},"excerpt":{"rendered":"<p><b>File: <\/b><\/p>\n<p>2011\/0179-A (SS.TT. A-2011-070)<\/p>\n<p><b>Year: <\/b><\/p>\n<p>2011<\/p>\n<p><b>Performance dates: <\/b><\/p>\n<p>13-04-2011 a 19-04-2011<\/p>\n<p><b>Municipalities (Comarcas): <\/b><\/p>\n<p>CREVILLENT<\/p>\n<p><b>Directors :<\/b><\/p>\n<p>Molina Mas, Francisco A., Reina G\u00f3mez, Inmaculada<\/p>\n<p><b>Cultural periods: <\/b><\/p>\n<p>Negative<\/p>\n<p><b>Types of intervention :<\/b><\/p>\n<p>Archaeological monitoring<\/p>\n<p><b>Technical Team: <\/b><\/p>\n<p>Jos\u00e9 Ram\u00f3n Ortega P\u00e9rez<\/p>\n<p><b>Authors :<\/b><\/p>\n<p>Francisco A. Molina Mas (ARPA Patrimonio, S.L.)<\/p>\n<p><b>Promoters: <\/b><\/p>\n<p>Cooperativa El\u00e9ctrica San Francisco de As\u00eds<\/p>\n<p><b>Materials depot: <\/b><\/p>\n<p>No archaeological material was recovered<\/p>\n<p><b>UTM coordinates: <\/b><\/p>\n<p>X 692844 - Y 4235219<\/p>\n<p><b>PDF document: <\/b><\/p>\n    \n    <div class=\"documento-item\">\n                    <h2 class=\"documento-title\">Download here<\/h2>\n        \n        \n                    <a href=\"https:\/\/marqalicante.com\/contenido\/int_arqueologicas\/doc_196.pdf\" class=\"documento-btn\">\n                <i class=\"fas fa-file-pdf\"><\/i> Download PDF\n            <\/a>\n            <\/div>","protected":false},"featured_media":45501,"template":"","meta":{"kia_subtitle":""},"product_brand":[],"product_cat":[2620],"product_tag":[],"class_list":{"0":"post-45429","1":"product","2":"type-product","3":"status-publish","4":"has-post-thumbnail","6":"product_cat-intervenciones-arqueologicas","8":"first","9":"instock","10":"virtual","11":"product-type-simple"},"meta_box":{"ia_expediente":"","ia_ano":"","ia_fechas_de_actuacion":"","ia_municipios_comarcas":"","ia_directores":"","ia_periodos_culturales":"","ia_tipos_de_intervencion":"","ia_equipo_tecnico":"","ia_autores":"","ia_promotores":"","ia_deposito_de_materiales":"","ia_coordenadas_utm":""},"_links":{"self":[{"href":"https:\/\/marqalicante-admin.qwair.com\/en\/wp-json\/wp\/v2\/product\/45429","targetHints":{"allow":["GET"]}}],"collection":[{"href":"https:\/\/marqalicante-admin.qwair.com\/en\/wp-json\/wp\/v2\/product"}],"about":[{"href":"https:\/\/marqalicante-admin.qwair.com\/en\/wp-json\/wp\/v2\/types\/product"}],"wp:featuredmedia":[{"embeddable":true,"href":"https:\/\/marqalicante-admin.qwair.com\/en\/wp-json\/wp\/v2\/media\/45501"}],"wp:attachment":[{"href":"https:\/\/marqalicante-admin.qwair.com\/en\/wp-json\/wp\/v2\/media?parent=45429"}],"wp:term":[{"taxonomy":"product_brand","embeddable":true,"href":"https:\/\/marqalicante-admin.qwair.com\/en\/wp-json\/wp\/v2\/product_brand?post=45429"},{"taxonomy":"product_cat","embeddable":true,"href":"https:\/\/marqalicante-admin.qwair.com\/en\/wp-json\/wp\/v2\/product_cat?post=45429"},{"taxonomy":"product_tag","embeddable":true,"href":"https:\/\/marqalicante-admin.qwair.com\/en\/wp-json\/wp\/v2\/product_tag?post=45429"}],"curies":[{"name":"wp","href":"https:\/\/api.w.org\/{rel}","templated":true}]}}