{"id":45423,"date":"2025-04-04T06:25:45","date_gmt":"2025-04-04T06:25:45","guid":{"rendered":"https:\/\/marqalicante-admin.qwair.com\/producto\/planta-de-valorizacion-de-residuos-de-la-construccion-y-demolicion-rcd-paraje-marxant-poligono-54-parcelas-77-y-81\/"},"modified":"2025-04-07T08:07:02","modified_gmt":"2025-04-07T08:07:02","slug":"planta-de-valorizacion-de-residuos-de-la-construccion-y-demolicion-rcd-paraje-marxant-poligono-54-parcelas-77-y-81","status":"publish","type":"product","link":"https:\/\/marqalicante-admin.qwair.com\/en\/product\/planta-de-valorizacion-de-residuos-de-la-construccion-y-demolicion-rcd-paraje-marxant-poligono-54-parcelas-77-y-81\/","title":{"rendered":"Construction and demolition waste (CDW) recovery plant. Paraje Marxant, polygon 54, plots 77 and 81."},"content":{"rendered":"","protected":false},"excerpt":{"rendered":"<p><b>File: <\/b><\/p>\n<p>2011\/0126-A (SS.TT. A-2011-037)<\/p>\n<p><b>Year: <\/b><\/p>\n<p>2011<\/p>\n<p><b>Performance dates: <\/b><\/p>\n<p>09-03-11 a 10-03-11<\/p>\n<p><b>Municipalities (Comarcas): <\/b><\/p>\n<p>CREVILLENT<\/p>\n<p><b>Directors :<\/b><\/p>\n<p>Esquembre Bebia, Marco Aurelio<\/p>\n<p><b>Cultural periods: <\/b><\/p>\n<p>Contemporary<\/p>\n<p><b>Types of intervention :<\/b><\/p>\n<p>Archaeological and ethnological prospection<\/p>\n<p><b>Technical Team: <\/b><\/p>\n<p>Jos\u00e9 Ram\u00f3n Ortega P\u00e9rez<\/p>\n<p><b>Authors :<\/b><\/p>\n<p>Jos\u00e9 Ram\u00f3n Ortega P\u00e9rez e Inmaculada Reina G\u00f3mez (ARPA<br \/>\nPatrimonio&#44; S.L.).<\/p>\n<p><b>Promoters: <\/b><\/p>\n<p>Excavaciones EXPI&#44; S.L.<\/p>\n<p><b>Materials depot: <\/b><\/p>\n<p>No archaeological material was recovered<\/p>\n<p><b>UTM coordinates: <\/b><\/p>\n<p>X 689192 \u2013 Y 4235626<\/p>\n<p><b>PDF document: <\/b><\/p>\n    \n    <div class=\"documento-item\">\n                    <h2 class=\"documento-title\">Download here<\/h2>\n        \n        \n                    <a href=\"https:\/\/marqalicante.com\/contenido\/int_arqueologicas\/doc_190.pdf\" class=\"documento-btn\">\n                <i class=\"fas fa-file-pdf\"><\/i> Download PDF\n            <\/a>\n            <\/div>","protected":false},"featured_media":45501,"template":"","meta":{"kia_subtitle":""},"product_brand":[],"product_cat":[2620],"product_tag":[],"class_list":{"0":"post-45423","1":"product","2":"type-product","3":"status-publish","4":"has-post-thumbnail","6":"product_cat-intervenciones-arqueologicas","8":"first","9":"instock","10":"virtual","11":"product-type-simple"},"meta_box":{"ia_expediente":"","ia_ano":"","ia_fechas_de_actuacion":"","ia_municipios_comarcas":"","ia_directores":"","ia_periodos_culturales":"","ia_tipos_de_intervencion":"","ia_equipo_tecnico":"","ia_autores":"","ia_promotores":"","ia_deposito_de_materiales":"","ia_coordenadas_utm":""},"_links":{"self":[{"href":"https:\/\/marqalicante-admin.qwair.com\/en\/wp-json\/wp\/v2\/product\/45423","targetHints":{"allow":["GET"]}}],"collection":[{"href":"https:\/\/marqalicante-admin.qwair.com\/en\/wp-json\/wp\/v2\/product"}],"about":[{"href":"https:\/\/marqalicante-admin.qwair.com\/en\/wp-json\/wp\/v2\/types\/product"}],"wp:featuredmedia":[{"embeddable":true,"href":"https:\/\/marqalicante-admin.qwair.com\/en\/wp-json\/wp\/v2\/media\/45501"}],"wp:attachment":[{"href":"https:\/\/marqalicante-admin.qwair.com\/en\/wp-json\/wp\/v2\/media?parent=45423"}],"wp:term":[{"taxonomy":"product_brand","embeddable":true,"href":"https:\/\/marqalicante-admin.qwair.com\/en\/wp-json\/wp\/v2\/product_brand?post=45423"},{"taxonomy":"product_cat","embeddable":true,"href":"https:\/\/marqalicante-admin.qwair.com\/en\/wp-json\/wp\/v2\/product_cat?post=45423"},{"taxonomy":"product_tag","embeddable":true,"href":"https:\/\/marqalicante-admin.qwair.com\/en\/wp-json\/wp\/v2\/product_tag?post=45423"}],"curies":[{"name":"wp","href":"https:\/\/api.w.org\/{rel}","templated":true}]}}