{"id":45420,"date":"2025-04-04T06:25:42","date_gmt":"2025-04-04T06:25:42","guid":{"rendered":"https:\/\/marqalicante-admin.qwair.com\/producto\/c-san-telmo-3-5\/"},"modified":"2025-04-07T08:07:00","modified_gmt":"2025-04-07T08:07:00","slug":"c-san-telmo-3-5","status":"publish","type":"product","link":"https:\/\/marqalicante-admin.qwair.com\/en\/product\/c-san-telmo-3-5\/","title":{"rendered":"C\/ San Telmo, 3-5"},"content":{"rendered":"","protected":false},"excerpt":{"rendered":"<p><b>File: <\/b><\/p>\n<p>2011\/0086-A (SS.TT. A-2011-030)<\/p>\n<p><b>Year: <\/b><\/p>\n<p>2011<\/p>\n<p><b>Performance dates: <\/b><\/p>\n<p>22-03-2011 a 20-04-2011<\/p>\n<p><b>Municipalities (Comarcas): <\/b><\/p>\n<p>ALACANT \/ ALICANTE<\/p>\n<p><b>Directors :<\/b><\/p>\n<p>L\u00f3pez Segu\u00ed, Eduardo, Rosser Limi\u00f1ana, Pablo<\/p>\n<p><b>Cultural periods: <\/b><\/p>\n<p>Contemporary, Modern<\/p>\n<p><b>Types of intervention :<\/b><\/p>\n<p>Archaeological excavation<\/p>\n<p><b>Technical Team: <\/b><\/p>\n<p>Palmira Torregrosa Gim\u00e9nez, Fernando Gomis Ferrero and Jos\u00e9 Vicente Carpio Dom\u00ednguez\n<\/p>\n<p><b>Authors :<\/b><\/p>\n<p>Eduardo L\u00f3pez Segu\u00ed (ALEBUS Patrimonio Hist\u00f3rico, S.L.)<\/p>\n<p><b>Promoters: <\/b><\/p>\n<p>NUOVA, S.A.<\/p>\n<p><b>Materials depot: <\/b><\/p>\n<p>Museum of the City of Alicante (MUSA)<\/p>\n<p><b>UTM coordinates: <\/b><\/p>\n<p>X 720186 - Y 4246442<\/p>\n<p><b>PDF document: <\/b><\/p>\n    \n    <div class=\"documento-item\">\n                    <h2 class=\"documento-title\">Download here<\/h2>\n        \n        \n                    <a href=\"https:\/\/marqalicante.com\/contenido\/int_arqueologicas\/doc_187.pdf\" class=\"documento-btn\">\n                <i class=\"fas fa-file-pdf\"><\/i> Download PDF\n            <\/a>\n            <\/div>","protected":false},"featured_media":45501,"template":"","meta":{"kia_subtitle":""},"product_brand":[],"product_cat":[2620],"product_tag":[],"class_list":{"0":"post-45420","1":"product","2":"type-product","3":"status-publish","4":"has-post-thumbnail","6":"product_cat-intervenciones-arqueologicas","8":"first","9":"instock","10":"virtual","11":"product-type-simple"},"meta_box":{"ia_expediente":"","ia_ano":"","ia_fechas_de_actuacion":"","ia_municipios_comarcas":"","ia_directores":"","ia_periodos_culturales":"","ia_tipos_de_intervencion":"","ia_equipo_tecnico":"","ia_autores":"","ia_promotores":"","ia_deposito_de_materiales":"","ia_coordenadas_utm":""},"_links":{"self":[{"href":"https:\/\/marqalicante-admin.qwair.com\/en\/wp-json\/wp\/v2\/product\/45420","targetHints":{"allow":["GET"]}}],"collection":[{"href":"https:\/\/marqalicante-admin.qwair.com\/en\/wp-json\/wp\/v2\/product"}],"about":[{"href":"https:\/\/marqalicante-admin.qwair.com\/en\/wp-json\/wp\/v2\/types\/product"}],"wp:featuredmedia":[{"embeddable":true,"href":"https:\/\/marqalicante-admin.qwair.com\/en\/wp-json\/wp\/v2\/media\/45501"}],"wp:attachment":[{"href":"https:\/\/marqalicante-admin.qwair.com\/en\/wp-json\/wp\/v2\/media?parent=45420"}],"wp:term":[{"taxonomy":"product_brand","embeddable":true,"href":"https:\/\/marqalicante-admin.qwair.com\/en\/wp-json\/wp\/v2\/product_brand?post=45420"},{"taxonomy":"product_cat","embeddable":true,"href":"https:\/\/marqalicante-admin.qwair.com\/en\/wp-json\/wp\/v2\/product_cat?post=45420"},{"taxonomy":"product_tag","embeddable":true,"href":"https:\/\/marqalicante-admin.qwair.com\/en\/wp-json\/wp\/v2\/product_tag?post=45420"}],"curies":[{"name":"wp","href":"https:\/\/api.w.org\/{rel}","templated":true}]}}