{"id":45418,"date":"2025-04-04T06:25:41","date_gmt":"2025-04-04T06:25:41","guid":{"rendered":"https:\/\/marqalicante-admin.qwair.com\/producto\/la-alcudia-casas-ibericas-sector-4c\/"},"modified":"2025-04-07T08:07:00","modified_gmt":"2025-04-07T08:07:00","slug":"la-alcudia-casas-ibericas-sector-4c","status":"publish","type":"product","link":"https:\/\/marqalicante-admin.qwair.com\/en\/product\/la-alcudia-casas-ibericas-sector-4c\/","title":{"rendered":"La Alcudia. Iberian houses. Sector 4C"},"content":{"rendered":"","protected":false},"excerpt":{"rendered":"<p><b>File: <\/b><\/p>\n<p>2011\/0066-A<\/p>\n<p><b>Year: <\/b><\/p>\n<p>2011<\/p>\n<p><b>Performance dates: <\/b><\/p>\n<p>15-03-2011 a 15-07-2011<\/p>\n<p><b>Municipalities (Comarcas): <\/b><\/p>\n<p>ELCHE \/ ELX<\/p>\n<p><b>Directors :<\/b><\/p>\n<p>Abad Casal, Lorenzo, Ramos Fern\u00e1ndez, Rafael, Ramos Molina, Alejandro, Sala Sell\u00e9s, Feliciana, Tendero Porras, Mercedes<\/p>\n<p><b>Cultural periods: <\/b><\/p>\n<p>Iberian, Islamic, Modern, Modern, Roman, Late Antiquity<\/p>\n<p><b>Types of intervention :<\/b><\/p>\n<p>Consolidation, Archaeological excavation<\/p>\n<p><b>Technical Team: <\/b><\/p>\n<p>Ana Ronda Femenia, Yolanda Garc\u00eda Mu\u00f1oz, Alejandro Gonz\u00e1lez Alegre, Consuelo L\u00f3pez Ortega, Ver\u00f3nica Quiles L\u00f3pez (archaeologists) and Eva Mendiola Tebar (restorer)\n<\/p>\n<p><b>Authors :<\/b><\/p>\n<p>Mercedes Tendero Porras<\/p>\n<p><b>Promoters: <\/b><\/p>\n<p>Generalitat Valenciana (Plan Confianza)<\/p>\n<p><b>Materials depot: <\/b><\/p>\n<p>Monographic Museum of La Alcudia. L'Alc\u00fadia Foundation<\/p>\n<p><b>UTM coordinates: <\/b><\/p>\n<p>X 701680 - Y 4234880<\/p>\n<p><b>PDF document: <\/b><\/p>\n    \n    <div class=\"documento-item\">\n                    <h2 class=\"documento-title\">Download here<\/h2>\n        \n        \n                    <a href=\"https:\/\/marqalicante.com\/contenido\/int_arqueologicas\/doc_185.pdf\" class=\"documento-btn\">\n                <i class=\"fas fa-file-pdf\"><\/i> Download PDF\n            <\/a>\n            <\/div>","protected":false},"featured_media":45501,"template":"","meta":{"kia_subtitle":""},"product_brand":[],"product_cat":[2620],"product_tag":[],"class_list":{"0":"post-45418","1":"product","2":"type-product","3":"status-publish","4":"has-post-thumbnail","6":"product_cat-intervenciones-arqueologicas","8":"first","9":"instock","10":"virtual","11":"product-type-simple"},"meta_box":{"ia_expediente":"","ia_ano":"","ia_fechas_de_actuacion":"","ia_municipios_comarcas":"","ia_directores":"","ia_periodos_culturales":"","ia_tipos_de_intervencion":"","ia_equipo_tecnico":"","ia_autores":"","ia_promotores":"","ia_deposito_de_materiales":"","ia_coordenadas_utm":""},"_links":{"self":[{"href":"https:\/\/marqalicante-admin.qwair.com\/en\/wp-json\/wp\/v2\/product\/45418","targetHints":{"allow":["GET"]}}],"collection":[{"href":"https:\/\/marqalicante-admin.qwair.com\/en\/wp-json\/wp\/v2\/product"}],"about":[{"href":"https:\/\/marqalicante-admin.qwair.com\/en\/wp-json\/wp\/v2\/types\/product"}],"wp:featuredmedia":[{"embeddable":true,"href":"https:\/\/marqalicante-admin.qwair.com\/en\/wp-json\/wp\/v2\/media\/45501"}],"wp:attachment":[{"href":"https:\/\/marqalicante-admin.qwair.com\/en\/wp-json\/wp\/v2\/media?parent=45418"}],"wp:term":[{"taxonomy":"product_brand","embeddable":true,"href":"https:\/\/marqalicante-admin.qwair.com\/en\/wp-json\/wp\/v2\/product_brand?post=45418"},{"taxonomy":"product_cat","embeddable":true,"href":"https:\/\/marqalicante-admin.qwair.com\/en\/wp-json\/wp\/v2\/product_cat?post=45418"},{"taxonomy":"product_tag","embeddable":true,"href":"https:\/\/marqalicante-admin.qwair.com\/en\/wp-json\/wp\/v2\/product_tag?post=45418"}],"curies":[{"name":"wp","href":"https:\/\/api.w.org\/{rel}","templated":true}]}}