{"id":45407,"date":"2025-04-04T06:25:36","date_gmt":"2025-04-04T06:25:36","guid":{"rendered":"https:\/\/marqalicante-admin.qwair.com\/producto\/subestacion-electrica-de-sax-y-centros-de-autotransformacion-asociados\/"},"modified":"2025-04-07T08:06:57","modified_gmt":"2025-04-07T08:06:57","slug":"subestacion-electrica-de-sax-y-centros-de-autotransformacion-asociados","status":"publish","type":"product","link":"https:\/\/marqalicante-admin.qwair.com\/en\/product\/subestacion-electrica-de-sax-y-centros-de-autotransformacion-asociados\/","title":{"rendered":"Sax electricity substation and associated auto-transformer stations"},"content":{"rendered":"","protected":false},"excerpt":{"rendered":"<p><b>File: <\/b><\/p>\n<p>2010\/1097-A<\/p>\n<p><b>Year: <\/b><\/p>\n<p>2011<\/p>\n<p><b>Performance dates: <\/b><\/p>\n<p>02-2011 a 09-2011<\/p>\n<p><b>Municipalities (Comarcas): <\/b><\/p>\n<p>AGOST, ALACANT \/ ALICANTE, MONFORTE DEL CID, MON\u00d3VAR \/ MON\u00d2VER, NOVELDA, SAN VICENTE DEL RASPEIG \/ SANT VICENT DEL RASPEIG, SAX, VILLENA<\/p>\n<p><b>Directors :<\/b><\/p>\n<p>Domene Prats, Patricio, Mataix Albi\u00f1ana, Juan Jos\u00e9<\/p>\n<p><b>Cultural periods: <\/b><\/p>\n<p>Negative<\/p>\n<p><b>Types of intervention :<\/b><\/p>\n<p>Archaeological and ethnological prospection<\/p>\n<p><b>Technical Team: <\/b><\/p>\n<p>Jos\u00e9 David Busquier Corb\u00ed<\/p>\n<p><b>Authors :<\/b><\/p>\n<p>Jos\u00e9 David Busquier Corb\u00ed (ABYDOS Arqueol\u00f3gica, S.L.)<\/p>\n<p><b>Promoters: <\/b><\/p>\n<p>ADIF. Ministry of Public Works<\/p>\n<p><b>Materials depot: <\/b><\/p>\n<p>No archaeological material was recovered<\/p>\n<p><b>UTM coordinates: <\/b><\/p>\n<p>X 686264 - Y 4270514 (Sax substation)<\/p>\n<p><b>PDF document: <\/b><\/p>\n    \n    <div class=\"documento-item\">\n                    <h2 class=\"documento-title\">Download here<\/h2>\n        \n        \n                    <a href=\"https:\/\/marqalicante.com\/contenido\/int_arqueologicas\/doc_174.pdf\" class=\"documento-btn\">\n                <i class=\"fas fa-file-pdf\"><\/i> Download PDF\n            <\/a>\n            <\/div>","protected":false},"featured_media":45501,"template":"","meta":{"kia_subtitle":""},"product_brand":[],"product_cat":[2620],"product_tag":[],"class_list":{"0":"post-45407","1":"product","2":"type-product","3":"status-publish","4":"has-post-thumbnail","6":"product_cat-intervenciones-arqueologicas","8":"first","9":"instock","10":"virtual","11":"product-type-simple"},"meta_box":{"ia_expediente":"","ia_ano":"","ia_fechas_de_actuacion":"","ia_municipios_comarcas":"","ia_directores":"","ia_periodos_culturales":"","ia_tipos_de_intervencion":"","ia_equipo_tecnico":"","ia_autores":"","ia_promotores":"","ia_deposito_de_materiales":"","ia_coordenadas_utm":""},"_links":{"self":[{"href":"https:\/\/marqalicante-admin.qwair.com\/en\/wp-json\/wp\/v2\/product\/45407","targetHints":{"allow":["GET"]}}],"collection":[{"href":"https:\/\/marqalicante-admin.qwair.com\/en\/wp-json\/wp\/v2\/product"}],"about":[{"href":"https:\/\/marqalicante-admin.qwair.com\/en\/wp-json\/wp\/v2\/types\/product"}],"wp:featuredmedia":[{"embeddable":true,"href":"https:\/\/marqalicante-admin.qwair.com\/en\/wp-json\/wp\/v2\/media\/45501"}],"wp:attachment":[{"href":"https:\/\/marqalicante-admin.qwair.com\/en\/wp-json\/wp\/v2\/media?parent=45407"}],"wp:term":[{"taxonomy":"product_brand","embeddable":true,"href":"https:\/\/marqalicante-admin.qwair.com\/en\/wp-json\/wp\/v2\/product_brand?post=45407"},{"taxonomy":"product_cat","embeddable":true,"href":"https:\/\/marqalicante-admin.qwair.com\/en\/wp-json\/wp\/v2\/product_cat?post=45407"},{"taxonomy":"product_tag","embeddable":true,"href":"https:\/\/marqalicante-admin.qwair.com\/en\/wp-json\/wp\/v2\/product_tag?post=45407"}],"curies":[{"name":"wp","href":"https:\/\/api.w.org\/{rel}","templated":true}]}}