{"id":45397,"date":"2025-04-04T06:25:31","date_gmt":"2025-04-04T06:25:31","guid":{"rendered":"https:\/\/marqalicante-admin.qwair.com\/producto\/palau-del-castell\/"},"modified":"2025-04-07T08:06:54","modified_gmt":"2025-04-07T08:06:54","slug":"palau-del-castell","status":"publish","type":"product","link":"https:\/\/marqalicante-admin.qwair.com\/en\/product\/palau-del-castell\/","title":{"rendered":"Palau del Castell"},"content":{"rendered":"","protected":false},"excerpt":{"rendered":"<p><b>File: <\/b><\/p>\n<p>2010\/1002-A<\/p>\n<p><b>Year: <\/b><\/p>\n<p>2011<\/p>\n<p><b>Performance dates: <\/b><\/p>\n<p>22-01-2011 a 18-07-2011<\/p>\n<p><b>Municipalities (Comarcas): <\/b><\/p>\n<p>CASTALLA<\/p>\n<p><b>Directors :<\/b><\/p>\n<p>Mira Rico, Juan Antonio, Ortega P\u00e9rez, Jos\u00e9 Ram\u00f3n<\/p>\n<p><b>Cultural periods: <\/b><\/p>\n<p>Late Medieval, Islamic<\/p>\n<p><b>Types of intervention :<\/b><\/p>\n<p>Documentation<\/p>\n<p><b>Technical Team: <\/b><\/p>\n<p>Yolanda Carri\u00f3n Marco, Juan Vicente Morales P\u00e9rez and Guillem P\u00e9rez Jord\u00e0\n<\/p>\n<p><b>Authors :<\/b><\/p>\n<p>Juan Antonio Mira Rico, Jos\u00e9 Ram\u00f3n Ortega P\u00e9rez, Yolanda Carri\u00f3n Marco and Juan Vicente Morales P\u00e9rez\n<\/p>\n<p><b>Promoters: <\/b><\/p>\n<p>Castalla Town Council<\/p>\n<p><b>Materials depot: <\/b><\/p>\n<p>Castell de Castalla - Archaeological Museum of Alicante (MARQ)\n<\/p>\n<p><b>UTM coordinates: <\/b><\/p>\n<p>X 702743 - Y 4274895<\/p>\n<p><b>PDF document: <\/b><\/p>\n    \n    <div class=\"documento-item\">\n                    <h2 class=\"documento-title\">Download here<\/h2>\n        \n        \n                    <a href=\"https:\/\/marqalicante.com\/contenido\/int_arqueologicas\/doc_163.pdf\" class=\"documento-btn\">\n                <i class=\"fas fa-file-pdf\"><\/i> Download PDF\n            <\/a>\n            <\/div>","protected":false},"featured_media":45501,"template":"","meta":{"kia_subtitle":""},"product_brand":[],"product_cat":[2620],"product_tag":[],"class_list":{"0":"post-45397","1":"product","2":"type-product","3":"status-publish","4":"has-post-thumbnail","6":"product_cat-intervenciones-arqueologicas","8":"first","9":"instock","10":"virtual","11":"product-type-simple"},"meta_box":{"ia_expediente":"","ia_ano":"","ia_fechas_de_actuacion":"","ia_municipios_comarcas":"","ia_directores":"","ia_periodos_culturales":"","ia_tipos_de_intervencion":"","ia_equipo_tecnico":"","ia_autores":"","ia_promotores":"","ia_deposito_de_materiales":"","ia_coordenadas_utm":""},"_links":{"self":[{"href":"https:\/\/marqalicante-admin.qwair.com\/en\/wp-json\/wp\/v2\/product\/45397","targetHints":{"allow":["GET"]}}],"collection":[{"href":"https:\/\/marqalicante-admin.qwair.com\/en\/wp-json\/wp\/v2\/product"}],"about":[{"href":"https:\/\/marqalicante-admin.qwair.com\/en\/wp-json\/wp\/v2\/types\/product"}],"wp:featuredmedia":[{"embeddable":true,"href":"https:\/\/marqalicante-admin.qwair.com\/en\/wp-json\/wp\/v2\/media\/45501"}],"wp:attachment":[{"href":"https:\/\/marqalicante-admin.qwair.com\/en\/wp-json\/wp\/v2\/media?parent=45397"}],"wp:term":[{"taxonomy":"product_brand","embeddable":true,"href":"https:\/\/marqalicante-admin.qwair.com\/en\/wp-json\/wp\/v2\/product_brand?post=45397"},{"taxonomy":"product_cat","embeddable":true,"href":"https:\/\/marqalicante-admin.qwair.com\/en\/wp-json\/wp\/v2\/product_cat?post=45397"},{"taxonomy":"product_tag","embeddable":true,"href":"https:\/\/marqalicante-admin.qwair.com\/en\/wp-json\/wp\/v2\/product_tag?post=45397"}],"curies":[{"name":"wp","href":"https:\/\/api.w.org\/{rel}","templated":true}]}}