{"id":45389,"date":"2025-04-04T06:25:27","date_gmt":"2025-04-04T06:25:27","guid":{"rendered":"https:\/\/marqalicante-admin.qwair.com\/producto\/tossal-de-la-cala-cap-negret-penyal-difach-pic-de-laguila-portet-de-moraira-serra-grossa-y-alt-de-segaria\/"},"modified":"2025-04-07T08:06:51","modified_gmt":"2025-04-07T08:06:51","slug":"tossal-de-la-cala-cap-negret-penyal-difach-pic-de-laguila-portet-de-moraira-serra-grossa-y-alt-de-segaria","status":"publish","type":"product","link":"https:\/\/marqalicante-admin.qwair.com\/en\/product\/tossal-de-la-cala-cap-negret-penyal-difach-pic-de-laguila-portet-de-moraira-serra-grossa-y-alt-de-segaria\/","title":{"rendered":"Tossal de la Cala, Cap Negret, Penyal d'Ifach, Pic de l'\u00c0guila, Portet de Moraira, Serra Grossa and Alt de Seg\u00e0ria"},"content":{"rendered":"","protected":false},"excerpt":{"rendered":"<p><b>File: <\/b><\/p>\n<p>2010\/0963-A<\/p>\n<p><b>Year: <\/b><\/p>\n<p>2011<\/p>\n<p><b>Performance dates: <\/b><\/p>\n<p>15-03-2011 - Ongoing<\/p>\n<p><b>Municipalities (Comarcas): <\/b><\/p>\n<p>ALACANT \/ ALICANTE, ALTEA, BENIDORM, BENIMELI, CALPE \/ CALP, D\u00c9NIA, TEULADA<\/p>\n<p><b>Directors :<\/b><\/p>\n<p>Moratalla J\u00e1vega, Jes\u00fas, Prados Mart\u00ednez, Fernando, Sala Sell\u00e9s, Feliciana<\/p>\n<p><b>Cultural periods: <\/b><\/p>\n<p>Iberian, Roman<\/p>\n<p><b>Types of intervention :<\/b><\/p>\n<p>Planimetry<\/p>\n<p><b>Technical Team: <\/b><\/p>\n<p>Lorenzo Abad Casal, Carolina Dom\u00e9nech Belda, Julia Sarabia Bautista, V\u00edctor Ca\u00f1avate Castej\u00f3n, Mercedes Tendero Porras, Ana Ronda Femenia and Sonia Bayo Fuentes<\/p>\n<p><b>Authors :<\/b><\/p>\n<p>Feliciana Sala Sell\u00e9s, Jes\u00fas Moratalla J\u00e1vega and Fernando Prados Mart\u00ednez<\/p>\n<p><b>Promoters: <\/b><\/p>\n<p>University of Alicante<\/p>\n<p><b>Materials depot: <\/b><\/p>\n<p>No archaeological material was recovered<\/p>\n<p><b>UTM coordinates: <\/b><\/p>\n<p>Tossal de la Cala: X 747417 - Y 4267920; Cap Negret: X 758328 - Y 4277991; Penyal d'Ifac: X 245359 - Y 4280697; Pic de l'\u00c0guila: X 768949 - Y 4300536; Portet de Moraira: X 252141 - Y 4285606; Serra Grossa: X 722633 - Y 4249163; Passet de Seg\u00e0ria: X 454587 - Y 4302321<\/p>\n<p><b>PDF document: <\/b><\/p>\n    \n    <div class=\"documento-item\">\n                    <h2 class=\"documento-title\">Download here<\/h2>\n        \n        \n                    <a href=\"https:\/\/marqalicante.com\/contenido\/int_arqueologicas\/doc_155.pdf\" class=\"documento-btn\">\n                <i class=\"fas fa-file-pdf\"><\/i> Download PDF\n            <\/a>\n            <\/div>","protected":false},"featured_media":45501,"template":"","meta":{"kia_subtitle":""},"product_brand":[],"product_cat":[2620],"product_tag":[],"class_list":{"0":"post-45389","1":"product","2":"type-product","3":"status-publish","4":"has-post-thumbnail","6":"product_cat-intervenciones-arqueologicas","8":"first","9":"instock","10":"virtual","11":"product-type-simple"},"meta_box":{"ia_expediente":"","ia_ano":"","ia_fechas_de_actuacion":"","ia_municipios_comarcas":"","ia_directores":"","ia_periodos_culturales":"","ia_tipos_de_intervencion":"","ia_equipo_tecnico":"","ia_autores":"","ia_promotores":"","ia_deposito_de_materiales":"","ia_coordenadas_utm":""},"_links":{"self":[{"href":"https:\/\/marqalicante-admin.qwair.com\/en\/wp-json\/wp\/v2\/product\/45389","targetHints":{"allow":["GET"]}}],"collection":[{"href":"https:\/\/marqalicante-admin.qwair.com\/en\/wp-json\/wp\/v2\/product"}],"about":[{"href":"https:\/\/marqalicante-admin.qwair.com\/en\/wp-json\/wp\/v2\/types\/product"}],"wp:featuredmedia":[{"embeddable":true,"href":"https:\/\/marqalicante-admin.qwair.com\/en\/wp-json\/wp\/v2\/media\/45501"}],"wp:attachment":[{"href":"https:\/\/marqalicante-admin.qwair.com\/en\/wp-json\/wp\/v2\/media?parent=45389"}],"wp:term":[{"taxonomy":"product_brand","embeddable":true,"href":"https:\/\/marqalicante-admin.qwair.com\/en\/wp-json\/wp\/v2\/product_brand?post=45389"},{"taxonomy":"product_cat","embeddable":true,"href":"https:\/\/marqalicante-admin.qwair.com\/en\/wp-json\/wp\/v2\/product_cat?post=45389"},{"taxonomy":"product_tag","embeddable":true,"href":"https:\/\/marqalicante-admin.qwair.com\/en\/wp-json\/wp\/v2\/product_tag?post=45389"}],"curies":[{"name":"wp","href":"https:\/\/api.w.org\/{rel}","templated":true}]}}