{"id":45387,"date":"2025-04-04T06:25:26","date_gmt":"2025-04-04T06:25:26","guid":{"rendered":"https:\/\/marqalicante-admin.qwair.com\/producto\/acondicionamiento-de-los-accesos-y-demolicion-de-la-construccion-el-palomar\/"},"modified":"2025-04-07T08:06:50","modified_gmt":"2025-04-07T08:06:50","slug":"acondicionamiento-de-los-accesos-y-demolicion-de-la-construccion-el-palomar","status":"publish","type":"product","link":"https:\/\/marqalicante-admin.qwair.com\/en\/product\/acondicionamiento-de-los-accesos-y-demolicion-de-la-construccion-el-palomar\/","title":{"rendered":"Conditioning of the accesses and demolition of the El Palomar construction site"},"content":{"rendered":"","protected":false},"excerpt":{"rendered":"<p><b>File: <\/b><\/p>\n<p>2010\/0931-A (SS.TT. A-2010-401)<\/p>\n<p><b>Year: <\/b><\/p>\n<p>2011<\/p>\n<p><b>Performance dates: <\/b><\/p>\n<p>09-12-2010 a 11-01-2011<\/p>\n<p><b>Municipalities (Comarcas): <\/b><\/p>\n<p>CREVILLENT<\/p>\n<p><b>Directors :<\/b><\/p>\n<p>L\u00f3pez Segu\u00ed, Eduardo, Torregrosa Gim\u00e9nez, Palmira<\/p>\n<p><b>Cultural periods: <\/b><\/p>\n<p>Negative<\/p>\n<p><b>Types of intervention :<\/b><\/p>\n<p>Archaeological monitoring<\/p>\n<p><b>Technical Team: <\/b><\/p>\n<p>Jos\u00e9 Vicente Carpio Dom\u00ednguez (cartoonist)<\/p>\n<p><b>Authors :<\/b><\/p>\n<p>Eduardo L\u00f3pez Segu\u00ed (ALEBUS Patrimonio Hist\u00f3rico, S.L.)<\/p>\n<p><b>Promoters: <\/b><\/p>\n<p>Crevillent Town Council<\/p>\n<p><b>Materials depot: <\/b><\/p>\n<p>No archaeological material was recovered<\/p>\n<p><b>UTM coordinates: <\/b><\/p>\n<p>X 689860 - Y 4238674<\/p>\n<p><b>PDF document: <\/b><\/p>\n    \n    <div class=\"documento-item\">\n                    <h2 class=\"documento-title\">Download here<\/h2>\n        \n        \n                    <a href=\"https:\/\/marqalicante.com\/contenido\/int_arqueologicas\/doc_153.pdf\" class=\"documento-btn\">\n                <i class=\"fas fa-file-pdf\"><\/i> Download PDF\n            <\/a>\n            <\/div>","protected":false},"featured_media":45501,"template":"","meta":{"kia_subtitle":""},"product_brand":[],"product_cat":[2620],"product_tag":[],"class_list":{"0":"post-45387","1":"product","2":"type-product","3":"status-publish","4":"has-post-thumbnail","6":"product_cat-intervenciones-arqueologicas","8":"first","9":"instock","10":"virtual","11":"product-type-simple"},"meta_box":{"ia_expediente":"","ia_ano":"","ia_fechas_de_actuacion":"","ia_municipios_comarcas":"","ia_directores":"","ia_periodos_culturales":"","ia_tipos_de_intervencion":"","ia_equipo_tecnico":"","ia_autores":"","ia_promotores":"","ia_deposito_de_materiales":"","ia_coordenadas_utm":""},"_links":{"self":[{"href":"https:\/\/marqalicante-admin.qwair.com\/en\/wp-json\/wp\/v2\/product\/45387","targetHints":{"allow":["GET"]}}],"collection":[{"href":"https:\/\/marqalicante-admin.qwair.com\/en\/wp-json\/wp\/v2\/product"}],"about":[{"href":"https:\/\/marqalicante-admin.qwair.com\/en\/wp-json\/wp\/v2\/types\/product"}],"wp:featuredmedia":[{"embeddable":true,"href":"https:\/\/marqalicante-admin.qwair.com\/en\/wp-json\/wp\/v2\/media\/45501"}],"wp:attachment":[{"href":"https:\/\/marqalicante-admin.qwair.com\/en\/wp-json\/wp\/v2\/media?parent=45387"}],"wp:term":[{"taxonomy":"product_brand","embeddable":true,"href":"https:\/\/marqalicante-admin.qwair.com\/en\/wp-json\/wp\/v2\/product_brand?post=45387"},{"taxonomy":"product_cat","embeddable":true,"href":"https:\/\/marqalicante-admin.qwair.com\/en\/wp-json\/wp\/v2\/product_cat?post=45387"},{"taxonomy":"product_tag","embeddable":true,"href":"https:\/\/marqalicante-admin.qwair.com\/en\/wp-json\/wp\/v2\/product_tag?post=45387"}],"curies":[{"name":"wp","href":"https:\/\/api.w.org\/{rel}","templated":true}]}}