{"id":45378,"date":"2025-04-04T06:25:21","date_gmt":"2025-04-04T06:25:21","guid":{"rendered":"https:\/\/marqalicante-admin.qwair.com\/producto\/finca-lo-boligni\/"},"modified":"2025-04-07T08:06:48","modified_gmt":"2025-04-07T08:06:48","slug":"finca-lo-boligni","status":"publish","type":"product","link":"https:\/\/marqalicante-admin.qwair.com\/en\/product\/finca-lo-boligni\/","title":{"rendered":"Lo Boligni Estate"},"content":{"rendered":"","protected":false},"excerpt":{"rendered":"<p><b>File: <\/b><\/p>\n<p>2010\/0861-A (SS.TT. A-2010-360)<\/p>\n<p><b>Year: <\/b><\/p>\n<p>2010<\/p>\n<p><b>Performance dates: <\/b><\/p>\n<p>06-12-2010 a 24-12-2010<\/p>\n<p><b>Municipalities (Comarcas): <\/b><\/p>\n<p>ALACANT \/ ALICANTE<\/p>\n<p><b>Directors :<\/b><\/p>\n<p>L\u00f3pez Lillo, Jordi A., Moratalla J\u00e1vega, Jes\u00fas<\/p>\n<p><b>Cultural periods: <\/b><\/p>\n<p>Contemporary<\/p>\n<p><b>Types of intervention :<\/b><\/p>\n<p>Archaeological excavation<\/p>\n<p><b>Technical Team: <\/b><\/p>\n<p>Ana M\u00aa Charquero Ballester, Romualdo Seva Rom\u00e1n, D\u00e9bora M. Kiss, Nuria Colomina Monz\u00f3 y Francisco Forner Cayuelas\n<\/p>\n<p><b>Authors :<\/b><\/p>\n<p>Jordi A. L\u00f3pez Lillo<\/p>\n<p><b>Promoters: <\/b><\/p>\n<p>Juan Gil-Albert Institute of Culture of Alicante<\/p>\n<p><b>Materials depot: <\/b><\/p>\n<p>Archaeological Museum of Alicante (MARQ)<\/p>\n<p><b>UTM coordinates: <\/b><\/p>\n<p>X 708706 - Y 4250032<\/p>\n<p><b>PDF document: <\/b><\/p>\n    \n    <div class=\"documento-item\">\n                    <h2 class=\"documento-title\">Download here<\/h2>\n        \n        \n                    <a href=\"https:\/\/marqalicante.com\/contenido\/int_arqueologicas\/doc_144.pdf\" class=\"documento-btn\">\n                <i class=\"fas fa-file-pdf\"><\/i> Download PDF\n            <\/a>\n            <\/div>","protected":false},"featured_media":45501,"template":"","meta":{"kia_subtitle":""},"product_brand":[],"product_cat":[2620],"product_tag":[],"class_list":{"0":"post-45378","1":"product","2":"type-product","3":"status-publish","4":"has-post-thumbnail","6":"product_cat-intervenciones-arqueologicas","8":"first","9":"instock","10":"virtual","11":"product-type-simple"},"meta_box":{"ia_expediente":"","ia_ano":"","ia_fechas_de_actuacion":"","ia_municipios_comarcas":"","ia_directores":"","ia_periodos_culturales":"","ia_tipos_de_intervencion":"","ia_equipo_tecnico":"","ia_autores":"","ia_promotores":"","ia_deposito_de_materiales":"","ia_coordenadas_utm":""},"_links":{"self":[{"href":"https:\/\/marqalicante-admin.qwair.com\/en\/wp-json\/wp\/v2\/product\/45378","targetHints":{"allow":["GET"]}}],"collection":[{"href":"https:\/\/marqalicante-admin.qwair.com\/en\/wp-json\/wp\/v2\/product"}],"about":[{"href":"https:\/\/marqalicante-admin.qwair.com\/en\/wp-json\/wp\/v2\/types\/product"}],"wp:featuredmedia":[{"embeddable":true,"href":"https:\/\/marqalicante-admin.qwair.com\/en\/wp-json\/wp\/v2\/media\/45501"}],"wp:attachment":[{"href":"https:\/\/marqalicante-admin.qwair.com\/en\/wp-json\/wp\/v2\/media?parent=45378"}],"wp:term":[{"taxonomy":"product_brand","embeddable":true,"href":"https:\/\/marqalicante-admin.qwair.com\/en\/wp-json\/wp\/v2\/product_brand?post=45378"},{"taxonomy":"product_cat","embeddable":true,"href":"https:\/\/marqalicante-admin.qwair.com\/en\/wp-json\/wp\/v2\/product_cat?post=45378"},{"taxonomy":"product_tag","embeddable":true,"href":"https:\/\/marqalicante-admin.qwair.com\/en\/wp-json\/wp\/v2\/product_tag?post=45378"}],"curies":[{"name":"wp","href":"https:\/\/api.w.org\/{rel}","templated":true}]}}