{"id":45364,"date":"2025-04-04T06:25:13","date_gmt":"2025-04-04T06:25:13","guid":{"rendered":"https:\/\/marqalicante-admin.qwair.com\/producto\/confluencias-de-las-calles-sant-josep-major-loreto-de-la-bretxa-y-glorieta-pais-valencia-vicent-andres-estelles\/"},"modified":"2025-04-07T08:06:44","modified_gmt":"2025-04-07T08:06:44","slug":"confluencias-de-las-calles-sant-josep-major-loreto-de-la-bretxa-y-glorieta-pais-valencia-vicent-andres-estelles","status":"publish","type":"product","link":"https:\/\/marqalicante-admin.qwair.com\/en\/product\/confluencias-de-las-calles-sant-josep-major-loreto-de-la-bretxa-y-glorieta-pais-valencia-vicent-andres-estelles\/","title":{"rendered":"The intersection of Sant Josep - Major, Loreto - de la Bretxa and Glorieta Pa\u00eds Valenci\u00e0 - Vicent Andr\u00e9s Estell\u00e9s streets."},"content":{"rendered":"","protected":false},"excerpt":{"rendered":"<p><b>File: <\/b><\/p>\n<p>2010\/0715-A<\/p>\n<p><b>Year: <\/b><\/p>\n<p>2010<\/p>\n<p><b>Performance dates: <\/b><\/p>\n<p><b>Municipalities (Comarcas): <\/b><\/p>\n<p>D\u00c9NIA<\/p>\n<p><b>Directors :<\/b><\/p>\n<p>Sent\u00ed Ribes, M\u00aa Assumpci\u00f3<\/p>\n<p><b>Cultural periods: <\/b><\/p>\n<p><b>Types of intervention :<\/b><\/p>\n<p><b>Technical Team: <\/b><\/p>\n<p><b>Authors :<\/b><\/p>\n<p><b>Promoters: <\/b><\/p>\n<p><b>Materials depot: <\/b><\/p>\n<p><b>UTM coordinates: <\/b><\/p>\n<p><b>PDF document: <\/b><\/p>","protected":false},"featured_media":45501,"template":"","meta":{"kia_subtitle":""},"product_brand":[],"product_cat":[2620],"product_tag":[],"class_list":{"0":"post-45364","1":"product","2":"type-product","3":"status-publish","4":"has-post-thumbnail","6":"product_cat-intervenciones-arqueologicas","8":"first","9":"instock","10":"virtual","11":"product-type-simple"},"meta_box":{"ia_expediente":"","ia_ano":"","ia_fechas_de_actuacion":"","ia_municipios_comarcas":"","ia_directores":"","ia_periodos_culturales":"","ia_tipos_de_intervencion":"","ia_equipo_tecnico":"","ia_autores":"","ia_promotores":"","ia_deposito_de_materiales":"","ia_coordenadas_utm":""},"_links":{"self":[{"href":"https:\/\/marqalicante-admin.qwair.com\/en\/wp-json\/wp\/v2\/product\/45364","targetHints":{"allow":["GET"]}}],"collection":[{"href":"https:\/\/marqalicante-admin.qwair.com\/en\/wp-json\/wp\/v2\/product"}],"about":[{"href":"https:\/\/marqalicante-admin.qwair.com\/en\/wp-json\/wp\/v2\/types\/product"}],"wp:featuredmedia":[{"embeddable":true,"href":"https:\/\/marqalicante-admin.qwair.com\/en\/wp-json\/wp\/v2\/media\/45501"}],"wp:attachment":[{"href":"https:\/\/marqalicante-admin.qwair.com\/en\/wp-json\/wp\/v2\/media?parent=45364"}],"wp:term":[{"taxonomy":"product_brand","embeddable":true,"href":"https:\/\/marqalicante-admin.qwair.com\/en\/wp-json\/wp\/v2\/product_brand?post=45364"},{"taxonomy":"product_cat","embeddable":true,"href":"https:\/\/marqalicante-admin.qwair.com\/en\/wp-json\/wp\/v2\/product_cat?post=45364"},{"taxonomy":"product_tag","embeddable":true,"href":"https:\/\/marqalicante-admin.qwair.com\/en\/wp-json\/wp\/v2\/product_tag?post=45364"}],"curies":[{"name":"wp","href":"https:\/\/api.w.org\/{rel}","templated":true}]}}