{"id":45357,"date":"2025-04-04T06:25:08","date_gmt":"2025-04-04T06:25:08","guid":{"rendered":"https:\/\/marqalicante-admin.qwair.com\/producto\/plan-parcial-de-mejora-del-sector-iii-6-de-las-nn-ss\/"},"modified":"2025-04-07T08:06:41","modified_gmt":"2025-04-07T08:06:41","slug":"plan-parcial-de-mejora-del-sector-iii-6-de-las-nn-ss","status":"publish","type":"product","link":"https:\/\/marqalicante-admin.qwair.com\/en\/product\/plan-parcial-de-mejora-del-sector-iii-6-de-las-nn-ss\/","title":{"rendered":"Partial Plan for the improvement of Sector III-6 of the NN.SS."},"content":{"rendered":"","protected":false},"excerpt":{"rendered":"<p><b>File: <\/b><\/p>\n<p>2010\/0698-A<\/p>\n<p><b>Year: <\/b><\/p>\n<p>2010<\/p>\n<p><b>Performance dates: <\/b><\/p>\n<p>40448<\/p>\n<p><b>Municipalities (Comarcas): <\/b><\/p>\n<p>MUTXAMEL<\/p>\n<p><b>Directors :<\/b><\/p>\n<p>L\u00f3pez Segu\u00ed, Eduardo, Torregrosa Gim\u00e9nez, Palmira<\/p>\n<p><b>Cultural periods: <\/b><\/p>\n<p>Negative<\/p>\n<p><b>Types of intervention :<\/b><\/p>\n<p>Archaeological and ethnological prospection<\/p>\n<p><b>Technical Team: <\/b><\/p>\n<p>Jos\u00e9 Vicente Carpio Dom\u00ednguez (cartoonist)<\/p>\n<p><b>Authors :<\/b><\/p>\n<p>Eduardo L\u00f3pez Segu\u00ed and Palmira Torregrosa Gim\u00e9nez (ALEBUS Patrimonio Hist\u00f3rico, S.L.)<\/p>\n<p><b>Promoters: <\/b><\/p>\n<p>AMBARTEC Gesti\u00f3n y Proyectos, S.L.U.<\/p>\n<p><b>Materials depot: <\/b><\/p>\n<p>No archaeological material was recovered<\/p>\n<p><b>UTM coordinates: <\/b><\/p>\n<p>X 732506 - Y 4255460<\/p>\n<p><b>PDF document: <\/b><\/p>\n    \n    <div class=\"documento-item\">\n                    <h2 class=\"documento-title\">Download here<\/h2>\n        \n        \n                    <a href=\"https:\/\/marqalicante.com\/contenido\/int_arqueologicas\/doc_123.pdf\" class=\"documento-btn\">\n                <i class=\"fas fa-file-pdf\"><\/i> Download PDF\n            <\/a>\n            <\/div>","protected":false},"featured_media":45501,"template":"","meta":{"kia_subtitle":""},"product_brand":[],"product_cat":[2620],"product_tag":[],"class_list":{"0":"post-45357","1":"product","2":"type-product","3":"status-publish","4":"has-post-thumbnail","6":"product_cat-intervenciones-arqueologicas","8":"first","9":"instock","10":"virtual","11":"product-type-simple"},"meta_box":{"ia_expediente":"","ia_ano":"","ia_fechas_de_actuacion":"","ia_municipios_comarcas":"","ia_directores":"","ia_periodos_culturales":"","ia_tipos_de_intervencion":"","ia_equipo_tecnico":"","ia_autores":"","ia_promotores":"","ia_deposito_de_materiales":"","ia_coordenadas_utm":""},"_links":{"self":[{"href":"https:\/\/marqalicante-admin.qwair.com\/en\/wp-json\/wp\/v2\/product\/45357","targetHints":{"allow":["GET"]}}],"collection":[{"href":"https:\/\/marqalicante-admin.qwair.com\/en\/wp-json\/wp\/v2\/product"}],"about":[{"href":"https:\/\/marqalicante-admin.qwair.com\/en\/wp-json\/wp\/v2\/types\/product"}],"wp:featuredmedia":[{"embeddable":true,"href":"https:\/\/marqalicante-admin.qwair.com\/en\/wp-json\/wp\/v2\/media\/45501"}],"wp:attachment":[{"href":"https:\/\/marqalicante-admin.qwair.com\/en\/wp-json\/wp\/v2\/media?parent=45357"}],"wp:term":[{"taxonomy":"product_brand","embeddable":true,"href":"https:\/\/marqalicante-admin.qwair.com\/en\/wp-json\/wp\/v2\/product_brand?post=45357"},{"taxonomy":"product_cat","embeddable":true,"href":"https:\/\/marqalicante-admin.qwair.com\/en\/wp-json\/wp\/v2\/product_cat?post=45357"},{"taxonomy":"product_tag","embeddable":true,"href":"https:\/\/marqalicante-admin.qwair.com\/en\/wp-json\/wp\/v2\/product_tag?post=45357"}],"curies":[{"name":"wp","href":"https:\/\/api.w.org\/{rel}","templated":true}]}}