{"id":45347,"date":"2025-04-04T06:25:04","date_gmt":"2025-04-04T06:25:04","guid":{"rendered":"https:\/\/marqalicante-admin.qwair.com\/producto\/santuario-de-santa-maria-magdalena-organo-en-la-fachada-interior\/"},"modified":"2025-04-07T08:06:38","modified_gmt":"2025-04-07T08:06:38","slug":"santuario-de-santa-maria-magdalena-organo-en-la-fachada-interior","status":"publish","type":"product","link":"https:\/\/marqalicante-admin.qwair.com\/en\/product\/santuario-de-santa-maria-magdalena-organo-en-la-fachada-interior\/","title":{"rendered":"Sanctuary of Santa Mar\u00eda Magdalena. Organ on the interior fa\u00e7ade"},"content":{"rendered":"","protected":false},"excerpt":{"rendered":"<p><b>File: <\/b><\/p>\n<p>2010\/0549-A<\/p>\n<p><b>Year: <\/b><\/p>\n<p>2010<\/p>\n<p><b>Performance dates: <\/b><\/p>\n<p>27-09-2010 a 06-10-2010<\/p>\n<p><b>Municipalities (Comarcas): <\/b><\/p>\n<p>NOVELDA<\/p>\n<p><b>Directors :<\/b><\/p>\n<p>Andr\u00e9s D\u00edaz, Daniel, Navarro Poveda, Concepci\u00f3n<\/p>\n<p><b>Cultural periods: <\/b><\/p>\n<p>Contemporary<\/p>\n<p><b>Types of intervention :<\/b><\/p>\n<p>Archaeological excavation, Archaeological monitoring<\/p>\n<p><b>Technical Team: <\/b><\/p>\n<p>-<\/p>\n<p><b>Authors :<\/b><\/p>\n<p>Concepci\u00f3n Navarro Poveda and Daniel Andr\u00e9s D\u00edaz<\/p>\n<p><b>Promoters: <\/b><\/p>\n<p>Novelda Town Council<\/p>\n<p><b>Materials depot: <\/b><\/p>\n<p>Novelda Historical-Artistic Museum<\/p>\n<p><b>UTM coordinates: <\/b><\/p>\n<p>X 692778 - Y 4253403<\/p>\n<p><b>PDF document: <\/b><\/p>\n    \n    <div class=\"documento-item\">\n                    <h2 class=\"documento-title\">Download here<\/h2>\n        \n        \n                    <a href=\"https:\/\/marqalicante.com\/contenido\/int_arqueologicas\/doc_113.pdf\" class=\"documento-btn\">\n                <i class=\"fas fa-file-pdf\"><\/i> Download PDF\n            <\/a>\n            <\/div>","protected":false},"featured_media":45501,"template":"","meta":{"kia_subtitle":""},"product_brand":[],"product_cat":[2620],"product_tag":[],"class_list":{"0":"post-45347","1":"product","2":"type-product","3":"status-publish","4":"has-post-thumbnail","6":"product_cat-intervenciones-arqueologicas","8":"first","9":"instock","10":"virtual","11":"product-type-simple"},"meta_box":{"ia_expediente":"","ia_ano":"","ia_fechas_de_actuacion":"","ia_municipios_comarcas":"","ia_directores":"","ia_periodos_culturales":"","ia_tipos_de_intervencion":"","ia_equipo_tecnico":"","ia_autores":"","ia_promotores":"","ia_deposito_de_materiales":"","ia_coordenadas_utm":""},"_links":{"self":[{"href":"https:\/\/marqalicante-admin.qwair.com\/en\/wp-json\/wp\/v2\/product\/45347","targetHints":{"allow":["GET"]}}],"collection":[{"href":"https:\/\/marqalicante-admin.qwair.com\/en\/wp-json\/wp\/v2\/product"}],"about":[{"href":"https:\/\/marqalicante-admin.qwair.com\/en\/wp-json\/wp\/v2\/types\/product"}],"wp:featuredmedia":[{"embeddable":true,"href":"https:\/\/marqalicante-admin.qwair.com\/en\/wp-json\/wp\/v2\/media\/45501"}],"wp:attachment":[{"href":"https:\/\/marqalicante-admin.qwair.com\/en\/wp-json\/wp\/v2\/media?parent=45347"}],"wp:term":[{"taxonomy":"product_brand","embeddable":true,"href":"https:\/\/marqalicante-admin.qwair.com\/en\/wp-json\/wp\/v2\/product_brand?post=45347"},{"taxonomy":"product_cat","embeddable":true,"href":"https:\/\/marqalicante-admin.qwair.com\/en\/wp-json\/wp\/v2\/product_cat?post=45347"},{"taxonomy":"product_tag","embeddable":true,"href":"https:\/\/marqalicante-admin.qwair.com\/en\/wp-json\/wp\/v2\/product_tag?post=45347"}],"curies":[{"name":"wp","href":"https:\/\/api.w.org\/{rel}","templated":true}]}}