{"id":45328,"date":"2025-04-04T06:24:55","date_gmt":"2025-04-04T06:24:55","guid":{"rendered":"https:\/\/marqalicante-admin.qwair.com\/producto\/mola-dagres\/"},"modified":"2025-04-07T08:06:31","modified_gmt":"2025-04-07T08:06:31","slug":"mola-dagres","status":"publish","type":"product","link":"https:\/\/marqalicante-admin.qwair.com\/en\/product\/mola-dagres\/","title":{"rendered":"Mola d'Agres"},"content":{"rendered":"","protected":false},"excerpt":{"rendered":"<p><b>File: <\/b><\/p>\n<p>2010\/0445-A<\/p>\n<p><b>Year: <\/b><\/p>\n<p>2010<\/p>\n<p><b>Performance dates: <\/b><\/p>\n<p>17-07-2010 a 26-07-2010<\/p>\n<p><b>Municipalities (Comarcas): <\/b><\/p>\n<p>AGRES<\/p>\n<p><b>Directors :<\/b><\/p>\n<p>Grau Almero, Elena, Hu\u00e9lamo Dom\u00e9nech, Teresa, Pe\u00f1a S\u00e1nchez, Jos\u00e9 Luis<\/p>\n<p><b>Cultural periods: <\/b><\/p>\n<p>Bronze Age<\/p>\n<p><b>Types of intervention :<\/b><\/p>\n<p>Archaeological excavation<\/p>\n<p><b>Technical Team: <\/b><\/p>\n<p>-<\/p>\n<p><b>Authors :<\/b><\/p>\n<p>Elena Grau Almero, Jos\u00e9 Luis Pe\u00f1a S\u00e1nchez and Teresa Hu\u00e9lamo Dom\u00e9nech<\/p>\n<p><b>Promoters: <\/b><\/p>\n<p>Generalitat Valenciana - Universitat de Val\u00e8ncia<\/p>\n<p><b>Materials depot: <\/b><\/p>\n<p>Archaeological Museum of Alicante (MARQ)<\/p>\n<p><b>UTM coordinates: <\/b><\/p>\n<p>X 717219 - Y 4295760<\/p>\n<p><b>PDF document: <\/b><\/p>\n    \n    <div class=\"documento-item\">\n                    <h2 class=\"documento-title\">Download here<\/h2>\n        \n        \n                    <a href=\"https:\/\/marqalicante.com\/contenido\/int_arqueologicas\/doc_94.pdf\" class=\"documento-btn\">\n                <i class=\"fas fa-file-pdf\"><\/i> Download PDF\n            <\/a>\n            <\/div>","protected":false},"featured_media":45501,"template":"","meta":{"kia_subtitle":""},"product_brand":[],"product_cat":[2620],"product_tag":[],"class_list":{"0":"post-45328","1":"product","2":"type-product","3":"status-publish","4":"has-post-thumbnail","6":"product_cat-intervenciones-arqueologicas","8":"first","9":"instock","10":"virtual","11":"product-type-simple"},"meta_box":{"ia_expediente":"","ia_ano":"","ia_fechas_de_actuacion":"","ia_municipios_comarcas":"","ia_directores":"","ia_periodos_culturales":"","ia_tipos_de_intervencion":"","ia_equipo_tecnico":"","ia_autores":"","ia_promotores":"","ia_deposito_de_materiales":"","ia_coordenadas_utm":""},"_links":{"self":[{"href":"https:\/\/marqalicante-admin.qwair.com\/en\/wp-json\/wp\/v2\/product\/45328","targetHints":{"allow":["GET"]}}],"collection":[{"href":"https:\/\/marqalicante-admin.qwair.com\/en\/wp-json\/wp\/v2\/product"}],"about":[{"href":"https:\/\/marqalicante-admin.qwair.com\/en\/wp-json\/wp\/v2\/types\/product"}],"wp:featuredmedia":[{"embeddable":true,"href":"https:\/\/marqalicante-admin.qwair.com\/en\/wp-json\/wp\/v2\/media\/45501"}],"wp:attachment":[{"href":"https:\/\/marqalicante-admin.qwair.com\/en\/wp-json\/wp\/v2\/media?parent=45328"}],"wp:term":[{"taxonomy":"product_brand","embeddable":true,"href":"https:\/\/marqalicante-admin.qwair.com\/en\/wp-json\/wp\/v2\/product_brand?post=45328"},{"taxonomy":"product_cat","embeddable":true,"href":"https:\/\/marqalicante-admin.qwair.com\/en\/wp-json\/wp\/v2\/product_cat?post=45328"},{"taxonomy":"product_tag","embeddable":true,"href":"https:\/\/marqalicante-admin.qwair.com\/en\/wp-json\/wp\/v2\/product_tag?post=45328"}],"curies":[{"name":"wp","href":"https:\/\/api.w.org\/{rel}","templated":true}]}}