{"id":45325,"date":"2025-04-04T06:24:54","date_gmt":"2025-04-04T06:24:54","guid":{"rendered":"https:\/\/marqalicante-admin.qwair.com\/producto\/cabezo-redondo\/"},"modified":"2025-04-07T08:06:30","modified_gmt":"2025-04-07T08:06:30","slug":"cabezo-redondo","status":"publish","type":"product","link":"https:\/\/marqalicante-admin.qwair.com\/en\/product\/cabezo-redondo\/","title":{"rendered":"Cabezo Redondo"},"content":{"rendered":"","protected":false},"excerpt":{"rendered":"<p><b>File: <\/b><\/p>\n<p>2010\/0430-A<\/p>\n<p><b>Year: <\/b><\/p>\n<p>2010<\/p>\n<p><b>Performance dates: <\/b><\/p>\n<p>14-06-2010 a 28-06-2010<\/p>\n<p><b>Municipalities (Comarcas): <\/b><\/p>\n<p>VILLENA<\/p>\n<p><b>Directors :<\/b><\/p>\n<p>Barciela Gonz\u00e1lez, Virginia, Garc\u00eda Ati\u00e9nzar, Gabriel, Hern\u00e1ndez P\u00e9rez, Mauro S.<\/p>\n<p><b>Cultural periods: <\/b><\/p>\n<p>Bronze Age<\/p>\n<p><b>Types of intervention :<\/b><\/p>\n<p>Archaeological excavation<\/p>\n<p><b>Technical Team: <\/b><\/p>\n<p>Francisco Javier Jover Maestre, Juan Antonio L\u00f3pez Padilla, Jos\u00e9 Luis Sim\u00f3n Garc\u00eda, Pilar Iborra Eres, Jos\u00e9 Antonio L\u00f3pez Mira, M\u00aa Paz de Miguel Benito, Mar\u00eda Lillo Bernabeu y Ximo Martorell Briz<\/p>\n<p><b>Authors :<\/b><\/p>\n<p>Mauro S. Hern\u00e1ndez P\u00e9rez, Gabriel Garc\u00eda Ati\u00e9nzar, Virginia Barciela Gonz\u00e1lez, Mar\u00eda Lillo Bernabeu and Ximo Martorell Briz\n<\/p>\n<p><b>Promoters: <\/b><\/p>\n<p>University of Alicante<\/p>\n<p><b>Materials depot: <\/b><\/p>\n<p>Jos\u00e9 Mar\u00eda Soler Municipal Archaeological Museum of Villena<\/p>\n<p><b>UTM coordinates: <\/b><\/p>\n<p>X 683564 - Y 4273912<\/p>\n<p><b>PDF document: <\/b><\/p>\n    \n    <div class=\"documento-item\">\n                    <h2 class=\"documento-title\">Download here<\/h2>\n        \n        \n                    <a href=\"https:\/\/marqalicante.com\/contenido\/int_arqueologicas\/doc_91.pdf\" class=\"documento-btn\">\n                <i class=\"fas fa-file-pdf\"><\/i> Download PDF\n            <\/a>\n            <\/div>","protected":false},"featured_media":45501,"template":"","meta":{"kia_subtitle":""},"product_brand":[],"product_cat":[2620],"product_tag":[],"class_list":{"0":"post-45325","1":"product","2":"type-product","3":"status-publish","4":"has-post-thumbnail","6":"product_cat-intervenciones-arqueologicas","8":"first","9":"instock","10":"virtual","11":"product-type-simple"},"meta_box":{"ia_expediente":"","ia_ano":"","ia_fechas_de_actuacion":"","ia_municipios_comarcas":"","ia_directores":"","ia_periodos_culturales":"","ia_tipos_de_intervencion":"","ia_equipo_tecnico":"","ia_autores":"","ia_promotores":"","ia_deposito_de_materiales":"","ia_coordenadas_utm":""},"_links":{"self":[{"href":"https:\/\/marqalicante-admin.qwair.com\/en\/wp-json\/wp\/v2\/product\/45325","targetHints":{"allow":["GET"]}}],"collection":[{"href":"https:\/\/marqalicante-admin.qwair.com\/en\/wp-json\/wp\/v2\/product"}],"about":[{"href":"https:\/\/marqalicante-admin.qwair.com\/en\/wp-json\/wp\/v2\/types\/product"}],"wp:featuredmedia":[{"embeddable":true,"href":"https:\/\/marqalicante-admin.qwair.com\/en\/wp-json\/wp\/v2\/media\/45501"}],"wp:attachment":[{"href":"https:\/\/marqalicante-admin.qwair.com\/en\/wp-json\/wp\/v2\/media?parent=45325"}],"wp:term":[{"taxonomy":"product_brand","embeddable":true,"href":"https:\/\/marqalicante-admin.qwair.com\/en\/wp-json\/wp\/v2\/product_brand?post=45325"},{"taxonomy":"product_cat","embeddable":true,"href":"https:\/\/marqalicante-admin.qwair.com\/en\/wp-json\/wp\/v2\/product_cat?post=45325"},{"taxonomy":"product_tag","embeddable":true,"href":"https:\/\/marqalicante-admin.qwair.com\/en\/wp-json\/wp\/v2\/product_tag?post=45325"}],"curies":[{"name":"wp","href":"https:\/\/api.w.org\/{rel}","templated":true}]}}