{"id":45312,"date":"2025-04-04T06:24:48","date_gmt":"2025-04-04T06:24:48","guid":{"rendered":"https:\/\/marqalicante-admin.qwair.com\/producto\/dic-de-la-agrupacion-solar-fotovoltaica-alicante-his-solar-fase-i\/"},"modified":"2025-04-07T08:06:27","modified_gmt":"2025-04-07T08:06:27","slug":"dic-de-la-agrupacion-solar-fotovoltaica-alicante-his-solar-fase-i","status":"publish","type":"product","link":"https:\/\/marqalicante-admin.qwair.com\/en\/product\/dic-de-la-agrupacion-solar-fotovoltaica-alicante-his-solar-fase-i\/","title":{"rendered":"DIC of the solar photovoltaic cluster - Alicante HIS Solar. Phase I"},"content":{"rendered":"","protected":false},"excerpt":{"rendered":"<p><b>File: <\/b><\/p>\n<p>2010\/0356-A<\/p>\n<p><b>Year: <\/b><\/p>\n<p>2010<\/p>\n<p><b>Performance dates: <\/b><\/p>\n<p>40330<\/p>\n<p><b>Municipalities (Comarcas): <\/b><\/p>\n<p>ALACANT \/ ALICANTE<\/p>\n<p><b>Directors :<\/b><\/p>\n<p>P\u00e9rez Garc\u00eda, Antonio, P\u00e9rez Mili\u00e1n, Ramiro<\/p>\n<p><b>Cultural periods: <\/b><\/p>\n<p>Contemporary<\/p>\n<p><b>Types of intervention :<\/b><\/p>\n<p>Archaeological and ethnological prospection<\/p>\n<p><b>Technical Team: <\/b><\/p>\n<p>-<\/p>\n<p><b>Authors :<\/b><\/p>\n<p>Ramiro P\u00e9rez Mili\u00e1n (NOVERINT Coop. V)<\/p>\n<p><b>Promoters: <\/b><\/p>\n<p>Hell\u00edn Solar, S.L.<\/p>\n<p><b>Materials depot: <\/b><\/p>\n<p>No archaeological material was recovered<\/p>\n<p><b>UTM coordinates: <\/b><\/p>\n<p>X 719491 - Y 4261340<\/p>\n<p><b>PDF document: <\/b><\/p>\n    \n    <div class=\"documento-item\">\n                    <h2 class=\"documento-title\">Download here<\/h2>\n        \n        \n                    <a href=\"https:\/\/marqalicante.com\/contenido\/int_arqueologicas\/doc_78.pdf\" class=\"documento-btn\">\n                <i class=\"fas fa-file-pdf\"><\/i> Download PDF\n            <\/a>\n            <\/div>","protected":false},"featured_media":45501,"template":"","meta":{"kia_subtitle":""},"product_brand":[],"product_cat":[2620],"product_tag":[],"class_list":{"0":"post-45312","1":"product","2":"type-product","3":"status-publish","4":"has-post-thumbnail","6":"product_cat-intervenciones-arqueologicas","8":"first","9":"instock","10":"virtual","11":"product-type-simple"},"meta_box":{"ia_expediente":"","ia_ano":"","ia_fechas_de_actuacion":"","ia_municipios_comarcas":"","ia_directores":"","ia_periodos_culturales":"","ia_tipos_de_intervencion":"","ia_equipo_tecnico":"","ia_autores":"","ia_promotores":"","ia_deposito_de_materiales":"","ia_coordenadas_utm":""},"_links":{"self":[{"href":"https:\/\/marqalicante-admin.qwair.com\/en\/wp-json\/wp\/v2\/product\/45312","targetHints":{"allow":["GET"]}}],"collection":[{"href":"https:\/\/marqalicante-admin.qwair.com\/en\/wp-json\/wp\/v2\/product"}],"about":[{"href":"https:\/\/marqalicante-admin.qwair.com\/en\/wp-json\/wp\/v2\/types\/product"}],"wp:featuredmedia":[{"embeddable":true,"href":"https:\/\/marqalicante-admin.qwair.com\/en\/wp-json\/wp\/v2\/media\/45501"}],"wp:attachment":[{"href":"https:\/\/marqalicante-admin.qwair.com\/en\/wp-json\/wp\/v2\/media?parent=45312"}],"wp:term":[{"taxonomy":"product_brand","embeddable":true,"href":"https:\/\/marqalicante-admin.qwair.com\/en\/wp-json\/wp\/v2\/product_brand?post=45312"},{"taxonomy":"product_cat","embeddable":true,"href":"https:\/\/marqalicante-admin.qwair.com\/en\/wp-json\/wp\/v2\/product_cat?post=45312"},{"taxonomy":"product_tag","embeddable":true,"href":"https:\/\/marqalicante-admin.qwair.com\/en\/wp-json\/wp\/v2\/product_tag?post=45312"}],"curies":[{"name":"wp","href":"https:\/\/api.w.org\/{rel}","templated":true}]}}