{"id":45263,"date":"2025-04-04T06:24:22","date_gmt":"2025-04-04T06:24:22","guid":{"rendered":"https:\/\/marqalicante-admin.qwair.com\/producto\/c-castillo-castillo-de-el-aljau\/"},"modified":"2025-04-07T08:06:12","modified_gmt":"2025-04-07T08:06:12","slug":"c-castillo-castillo-de-el-aljau","status":"publish","type":"product","link":"https:\/\/marqalicante-admin.qwair.com\/en\/product\/c-castillo-castillo-de-el-aljau\/","title":{"rendered":"C\/ Castillo. Castle of El Aljau"},"content":{"rendered":"","protected":false},"excerpt":{"rendered":"<p><b>File: <\/b><\/p>\n<p>2009\/1016-A<\/p>\n<p><b>Year: <\/b><\/p>\n<p>2010<\/p>\n<p><b>Performance dates: <\/b><\/p>\n<p>25-01-2010 a 26-11-2010<\/p>\n<p><b>Municipalities (Comarcas): <\/b><\/p>\n<p>ASPE<\/p>\n<p><b>Directors :<\/b><\/p>\n<p>Ortega P\u00e9rez, Jos\u00e9 Ram\u00f3n, Reina G\u00f3mez, Inmaculada<\/p>\n<p><b>Cultural periods: <\/b><\/p>\n<p>Late Medieval, Contemporary, Islamic, Modern<\/p>\n<p><b>Types of intervention :<\/b><\/p>\n<p>Archaeological excavation<\/p>\n<p><b>Technical Team: <\/b><\/p>\n<p>Antonio Mart\u00ednez Castell\u00f3, Rosa M\u00aa L\u00f3pez Mart\u00ednez and Samuel Serrano Salar\n<\/p>\n<p><b>Authors :<\/b><\/p>\n<p>Jos\u00e9 Ram\u00f3n Ortega P\u00e9rez and Inmaculada Reina G\u00f3mez (ARPA Patrimonio, S.L.)<\/p>\n<p><b>Promoters: <\/b><\/p>\n<p>Aspe Town Council<\/p>\n<p><b>Materials depot: <\/b><\/p>\n<p>Historical Museum Centre Casa El Cisco of Aspe<\/p>\n<p><b>UTM coordinates: <\/b><\/p>\n<p>X 694888 - Y 4246820<\/p>\n<p><b>PDF document: <\/b><\/p>\n    \n    <div class=\"documento-item\">\n                    <h2 class=\"documento-title\">Download here<\/h2>\n        \n        \n                    <a href=\"https:\/\/marqalicante.com\/contenido\/int_arqueologicas\/doc_27.pdf\" class=\"documento-btn\">\n                <i class=\"fas fa-file-pdf\"><\/i> Download PDF\n            <\/a>\n            <\/div>","protected":false},"featured_media":45501,"template":"","meta":{"kia_subtitle":""},"product_brand":[],"product_cat":[2620],"product_tag":[],"class_list":{"0":"post-45263","1":"product","2":"type-product","3":"status-publish","4":"has-post-thumbnail","6":"product_cat-intervenciones-arqueologicas","8":"first","9":"instock","10":"virtual","11":"product-type-simple"},"meta_box":{"ia_expediente":"","ia_ano":"","ia_fechas_de_actuacion":"","ia_municipios_comarcas":"","ia_directores":"","ia_periodos_culturales":"","ia_tipos_de_intervencion":"","ia_equipo_tecnico":"","ia_autores":"","ia_promotores":"","ia_deposito_de_materiales":"","ia_coordenadas_utm":""},"_links":{"self":[{"href":"https:\/\/marqalicante-admin.qwair.com\/en\/wp-json\/wp\/v2\/product\/45263","targetHints":{"allow":["GET"]}}],"collection":[{"href":"https:\/\/marqalicante-admin.qwair.com\/en\/wp-json\/wp\/v2\/product"}],"about":[{"href":"https:\/\/marqalicante-admin.qwair.com\/en\/wp-json\/wp\/v2\/types\/product"}],"wp:featuredmedia":[{"embeddable":true,"href":"https:\/\/marqalicante-admin.qwair.com\/en\/wp-json\/wp\/v2\/media\/45501"}],"wp:attachment":[{"href":"https:\/\/marqalicante-admin.qwair.com\/en\/wp-json\/wp\/v2\/media?parent=45263"}],"wp:term":[{"taxonomy":"product_brand","embeddable":true,"href":"https:\/\/marqalicante-admin.qwair.com\/en\/wp-json\/wp\/v2\/product_brand?post=45263"},{"taxonomy":"product_cat","embeddable":true,"href":"https:\/\/marqalicante-admin.qwair.com\/en\/wp-json\/wp\/v2\/product_cat?post=45263"},{"taxonomy":"product_tag","embeddable":true,"href":"https:\/\/marqalicante-admin.qwair.com\/en\/wp-json\/wp\/v2\/product_tag?post=45263"}],"curies":[{"name":"wp","href":"https:\/\/api.w.org\/{rel}","templated":true}]}}