{"id":45250,"date":"2025-04-04T06:24:14","date_gmt":"2025-04-04T06:24:14","guid":{"rendered":"https:\/\/marqalicante-admin.qwair.com\/producto\/variante-de-la-carretera-cv-70-alcoi-benidorm\/"},"modified":"2025-04-07T08:06:09","modified_gmt":"2025-04-07T08:06:09","slug":"variante-de-la-carretera-cv-70-alcoi-benidorm","status":"publish","type":"product","link":"https:\/\/marqalicante-admin.qwair.com\/en\/product\/variante-de-la-carretera-cv-70-alcoi-benidorm\/","title":{"rendered":"By-pass of the CV-70 road. Alcoi - Benidorm"},"content":{"rendered":"","protected":false},"excerpt":{"rendered":"<p><b>File: <\/b><\/p>\n<p>2009\/0563-A<\/p>\n<p><b>Year: <\/b><\/p>\n<p>2011<\/p>\n<p><b>Performance dates: <\/b><\/p>\n<p>14-01-2011 a 10-02-2011<\/p>\n<p><b>Municipalities (Comarcas): <\/b><\/p>\n<p>ALCOLECHA, ALCOY \/ ALCOI, ALF\u00c0S DEL PI, L', ALTEA, BENASAU, BENIARD\u00c0, BENIFATO, BENILLOBA, BENIMANTELL, CASTELL DE GUADALEST, EL, COCENTAINA, CONFRIDES, NUCIA, LA, PEN\u00c0GUILA, POLOP<\/p>\n<p><b>Directors :<\/b><\/p>\n<p>Escol\u00e0 Mart\u00ednez, Marta, L\u00f3pez Recio, Mario<\/p>\n<p><b>Cultural periods: <\/b><\/p>\n<p>Late Medieval, Bronze Age, Iberian, Iberian, Islamic, Modern, Neolithic, Roman, Late Antique<\/p>\n<p><b>Types of intervention :<\/b><\/p>\n<p>Archaeological and ethnological prospection<\/p>\n<p><b>Technical Team: <\/b><\/p>\n<p>Amparo Valc\u00e1rcel Estors and Joan Garibo Bod\u00ed<\/p>\n<p><b>Authors :<\/b><\/p>\n<p>Marta Escol\u00e0 Mart\u00ednez, Mario L\u00f3pez Recio, Jorge Mor\u00edn de Pablos, Amparo Valc\u00e1rcel Estors and Joan Garibo Bod\u00ed (AUDEMA)\n<\/p>\n<p><b>Promoters: <\/b><\/p>\n<p>Conselleria d'Infraestructures, Territori i Medi Ambient. Generalitat Valenciana<\/p>\n<p><b>Materials depot: <\/b><\/p>\n<p>No archaeological material was recovered<\/p>\n<p><b>UTM coordinates: <\/b><\/p>\n<p>X 740290 - Y 4285711<\/p>\n<p><b>PDF document: <\/b><\/p>\n    \n    <div class=\"documento-item\">\n                    <h2 class=\"documento-title\">Download here<\/h2>\n        \n        \n                    <a href=\"https:\/\/marqalicante.com\/contenido\/int_arqueologicas\/doc_11.pdf\" class=\"documento-btn\">\n                <i class=\"fas fa-file-pdf\"><\/i> Download PDF\n            <\/a>\n            <\/div>","protected":false},"featured_media":45501,"template":"","meta":{"kia_subtitle":""},"product_brand":[],"product_cat":[2620],"product_tag":[],"class_list":{"0":"post-45250","1":"product","2":"type-product","3":"status-publish","4":"has-post-thumbnail","6":"product_cat-intervenciones-arqueologicas","8":"first","9":"instock","10":"virtual","11":"product-type-simple"},"meta_box":{"ia_expediente":"","ia_ano":"","ia_fechas_de_actuacion":"","ia_municipios_comarcas":"","ia_directores":"","ia_periodos_culturales":"","ia_tipos_de_intervencion":"","ia_equipo_tecnico":"","ia_autores":"","ia_promotores":"","ia_deposito_de_materiales":"","ia_coordenadas_utm":""},"_links":{"self":[{"href":"https:\/\/marqalicante-admin.qwair.com\/en\/wp-json\/wp\/v2\/product\/45250","targetHints":{"allow":["GET"]}}],"collection":[{"href":"https:\/\/marqalicante-admin.qwair.com\/en\/wp-json\/wp\/v2\/product"}],"about":[{"href":"https:\/\/marqalicante-admin.qwair.com\/en\/wp-json\/wp\/v2\/types\/product"}],"wp:featuredmedia":[{"embeddable":true,"href":"https:\/\/marqalicante-admin.qwair.com\/en\/wp-json\/wp\/v2\/media\/45501"}],"wp:attachment":[{"href":"https:\/\/marqalicante-admin.qwair.com\/en\/wp-json\/wp\/v2\/media?parent=45250"}],"wp:term":[{"taxonomy":"product_brand","embeddable":true,"href":"https:\/\/marqalicante-admin.qwair.com\/en\/wp-json\/wp\/v2\/product_brand?post=45250"},{"taxonomy":"product_cat","embeddable":true,"href":"https:\/\/marqalicante-admin.qwair.com\/en\/wp-json\/wp\/v2\/product_cat?post=45250"},{"taxonomy":"product_tag","embeddable":true,"href":"https:\/\/marqalicante-admin.qwair.com\/en\/wp-json\/wp\/v2\/product_tag?post=45250"}],"curies":[{"name":"wp","href":"https:\/\/api.w.org\/{rel}","templated":true}]}}