{"id":45246,"date":"2025-04-04T06:24:12","date_gmt":"2025-04-04T06:24:12","guid":{"rendered":"https:\/\/marqalicante-admin.qwair.com\/producto\/iglesia-de-san-bernardo\/"},"modified":"2025-04-07T08:06:08","modified_gmt":"2025-04-07T08:06:08","slug":"iglesia-de-san-bernardo","status":"publish","type":"product","link":"https:\/\/marqalicante-admin.qwair.com\/en\/product\/iglesia-de-san-bernardo\/","title":{"rendered":"Church of San Bernardo"},"content":{"rendered":"","protected":false},"excerpt":{"rendered":"<p><b>File: <\/b><\/p>\n<p>2009\/0082-A<\/p>\n<p><b>Year: <\/b><\/p>\n<p>2010<\/p>\n<p><b>Performance dates: <\/b><\/p>\n<p>03-05-2010 a 14-05-2010<\/p>\n<p><b>Municipalities (Comarcas): <\/b><\/p>\n<p>ADSUBIA<\/p>\n<p><b>Directors :<\/b><\/p>\n<p>Ortega Echevarr\u00eda, Raquel<\/p>\n<p><b>Cultural periods: <\/b><\/p>\n<p>Modern<\/p>\n<p><b>Types of intervention :<\/b><\/p>\n<p>Archaeological excavation<\/p>\n<p><b>Technical Team: <\/b><\/p>\n<p>Israel Esp\u00ed P\u00e9rez and Fernando Gomis Ferrero<\/p>\n<p><b>Authors :<\/b><\/p>\n<p>Israel Esp\u00ed P\u00e9rez (ALEBUS Patrimonio Hist\u00f3rico, S.L.)<\/p>\n<p><b>Promoters: <\/b><\/p>\n<p>Parish of San Bernardo<\/p>\n<p><b>Materials depot: <\/b><\/p>\n<p>Archaeological Museum of Alicante (MARQ)<\/p>\n<p><b>UTM coordinates: <\/b><\/p>\n<p>X 745369 - Y 4306759<\/p>\n<p><b>PDF document: <\/b><\/p>\n    \n    <div class=\"documento-item\">\n                    <h2 class=\"documento-title\">Download here<\/h2>\n        \n        \n                    <a href=\"https:\/\/marqalicante.com\/contenido\/int_arqueologicas\/doc_7.pdf\" class=\"documento-btn\">\n                <i class=\"fas fa-file-pdf\"><\/i> Download PDF\n            <\/a>\n            <\/div>","protected":false},"featured_media":45501,"template":"","meta":{"kia_subtitle":""},"product_brand":[],"product_cat":[2620],"product_tag":[],"class_list":{"0":"post-45246","1":"product","2":"type-product","3":"status-publish","4":"has-post-thumbnail","6":"product_cat-intervenciones-arqueologicas","8":"first","9":"instock","10":"virtual","11":"product-type-simple"},"meta_box":{"ia_expediente":"","ia_ano":"","ia_fechas_de_actuacion":"","ia_municipios_comarcas":"","ia_directores":"","ia_periodos_culturales":"","ia_tipos_de_intervencion":"","ia_equipo_tecnico":"","ia_autores":"","ia_promotores":"","ia_deposito_de_materiales":"","ia_coordenadas_utm":""},"_links":{"self":[{"href":"https:\/\/marqalicante-admin.qwair.com\/en\/wp-json\/wp\/v2\/product\/45246","targetHints":{"allow":["GET"]}}],"collection":[{"href":"https:\/\/marqalicante-admin.qwair.com\/en\/wp-json\/wp\/v2\/product"}],"about":[{"href":"https:\/\/marqalicante-admin.qwair.com\/en\/wp-json\/wp\/v2\/types\/product"}],"wp:featuredmedia":[{"embeddable":true,"href":"https:\/\/marqalicante-admin.qwair.com\/en\/wp-json\/wp\/v2\/media\/45501"}],"wp:attachment":[{"href":"https:\/\/marqalicante-admin.qwair.com\/en\/wp-json\/wp\/v2\/media?parent=45246"}],"wp:term":[{"taxonomy":"product_brand","embeddable":true,"href":"https:\/\/marqalicante-admin.qwair.com\/en\/wp-json\/wp\/v2\/product_brand?post=45246"},{"taxonomy":"product_cat","embeddable":true,"href":"https:\/\/marqalicante-admin.qwair.com\/en\/wp-json\/wp\/v2\/product_cat?post=45246"},{"taxonomy":"product_tag","embeddable":true,"href":"https:\/\/marqalicante-admin.qwair.com\/en\/wp-json\/wp\/v2\/product_tag?post=45246"}],"curies":[{"name":"wp","href":"https:\/\/api.w.org\/{rel}","templated":true}]}}