{"id":35967,"date":"2025-03-05T18:25:15","date_gmt":"2025-03-05T18:25:15","guid":{"rendered":"https:\/\/marqalicante-admin.qwair.com\/item\/rubaca-o-cuarto-de-dinar-anos-411-427-h-1021-1036-d-c\/"},"modified":"2025-03-05T18:28:04","modified_gmt":"2025-03-05T18:28:04","slug":"rubaca-o-cuarto-de-dinar-anos-411-427-h-1021-1036-d-c","status":"publish","type":"product","link":"https:\/\/marqalicante-admin.qwair.com\/en\/product\/rubaca-o-cuarto-de-dinar-anos-411-427-h-1021-1036-d-c\/","title":{"rendered":"<b>Rubac\u0101 or quarter dinar<\/b>   Years AH 411-427 \/ AD 1021-1036."},"content":{"rendered":"","protected":false},"excerpt":{"rendered":"<h3>Medieval Islamic<\/h3>\n<p><b>Metal:<\/b> Gold.<br \/><b>Issuing entity: <\/b> Fatimid Caliphate. Al-Z\u0101hir.<br \/><b>Mint:<\/b> Not specified.<br \/><b>Date:<\/b> Years AH 411-427 \/ AD 1021-1036.<br \/><b>Obverse:<\/b><br \/> IC: \u0627\u0644\u0638\u0627\u0647\u0631<br \/>\n            \u0644\u0627\u0639\u0632\u0627\u0632\u062f\u064a\u0646 \u0644\u0644\u0644\u0647<br \/>\n            \u0627\u0644\u0645\u0645\u0648\u0645\u0645\u0646\u064a\u0646\u0631 \u0627\u0644\u0645\u0648\u0645\u0646\u0646\u064a\u0646<br \/>\nIIM: \u0627\u0644\u0627\u0645\u0627\u0645 \u0639\u0628\u062f \u0644\u0644\u0644\u0647 \u0648\u0648\u0644\u064a\u0647 \u0639\u0644\u0649 \u0627\u0628\u0648 \u0627\u0644\u062d\u0633\u0646<br \/><b>Reverse:<\/b><br \/> IIC: \u0644\u0627 \u0627\u0644\u0647 \u0627\u0644\u0627 \u0644\u0644\u0647<br \/>\n       \u0645\u062d\u0645\u062f \u0631\u0633\u0648\u0644 \u0627\u0644\u0644\u0647<br \/>\n       \u0639\u0644\u0649 \u0648\u0644\u0649 \u0648\u0644\u0649 \u0644\u0644\u0644\u0647<br \/>\nIIM: \u0645\u062d\u0645\u062f\u0631\u0633\u0648\u0644 \u0627\u0644\u0644\u0647 \u0627\u0631\u0633\u0644\u06be \u0628\u0627\u0644\u0647\u062f\u064a \u0648\u062f\ufef4\ufee6 \u0627\ufedf\ufea4\u0642<br \/>\n      \u0644\u064a\u0638\u0647\u0631\u0647\u0639\u0644\u06cc \u0627\u0644\u062f\ufef4\ufee6 \u0643\u0644\u06be \u0648\u0644\u0648\u0643\u0631\u0647 \u0627\ufedf\ufee4\u0634\u0631\u0643\u0648\u0646<br \/><b>Weight:<\/b> 0.92 g - <b>Diameter:<\/b> 13 mm - <b>Axes:<\/b> 6 h.<br \/><b>Described in:<\/b> Nicol n\u00ba 1610.<br \/><b>Published in:<\/b><br \/>Dom\u00e9nech Belda, C., Ram\u00f3n S\u00e1nchez, J.J., Ahuir Dom\u00ednguez, J.A., 2010: \"Cat\u00e1logo. Edad Media\", in Ram\u00f3n S\u00e1nchez, J.J. (ed.), Coins. Todas las caras de la Historia. Numismatic collections of the MARQ, Alicante, p.137.<br \/><b>Monetary Inventory Number:<\/b> 6505.<br \/>Purchase. Enrique Llobregat Collection<\/p>","protected":false},"featured_media":35675,"template":"","meta":{"kia_subtitle":""},"product_brand":[],"product_cat":[2316],"product_tag":[],"class_list":{"0":"post-35967","1":"product","2":"type-product","3":"status-publish","4":"has-post-thumbnail","6":"product_cat-catalogo-numismatico","8":"first","9":"instock","10":"virtual","11":"product-type-simple"},"meta_box":{"ia_expediente":"","ia_ano":"","ia_fechas_de_actuacion":"","ia_municipios_comarcas":"","ia_directores":"","ia_periodos_culturales":"","ia_tipos_de_intervencion":"","ia_equipo_tecnico":"","ia_autores":"","ia_promotores":"","ia_deposito_de_materiales":"","ia_coordenadas_utm":""},"_links":{"self":[{"href":"https:\/\/marqalicante-admin.qwair.com\/en\/wp-json\/wp\/v2\/product\/35967","targetHints":{"allow":["GET"]}}],"collection":[{"href":"https:\/\/marqalicante-admin.qwair.com\/en\/wp-json\/wp\/v2\/product"}],"about":[{"href":"https:\/\/marqalicante-admin.qwair.com\/en\/wp-json\/wp\/v2\/types\/product"}],"wp:featuredmedia":[{"embeddable":true,"href":"https:\/\/marqalicante-admin.qwair.com\/en\/wp-json\/wp\/v2\/media\/35675"}],"wp:attachment":[{"href":"https:\/\/marqalicante-admin.qwair.com\/en\/wp-json\/wp\/v2\/media?parent=35967"}],"wp:term":[{"taxonomy":"product_brand","embeddable":true,"href":"https:\/\/marqalicante-admin.qwair.com\/en\/wp-json\/wp\/v2\/product_brand?post=35967"},{"taxonomy":"product_cat","embeddable":true,"href":"https:\/\/marqalicante-admin.qwair.com\/en\/wp-json\/wp\/v2\/product_cat?post=35967"},{"taxonomy":"product_tag","embeddable":true,"href":"https:\/\/marqalicante-admin.qwair.com\/en\/wp-json\/wp\/v2\/product_tag?post=35967"}],"curies":[{"name":"wp","href":"https:\/\/api.w.org\/{rel}","templated":true}]}}