{"id":35964,"date":"2025-03-05T18:25:14","date_gmt":"2025-03-05T18:25:14","guid":{"rendered":"https:\/\/marqalicante-admin.qwair.com\/item\/moneda-anos-10-a-c-10-d-c\/"},"modified":"2025-03-05T18:28:04","modified_gmt":"2025-03-05T18:28:04","slug":"moneda-anos-10-a-c-10-d-c","status":"publish","type":"product","link":"https:\/\/marqalicante-admin.qwair.com\/en\/product\/moneda-anos-10-a-c-10-d-c\/","title":{"rendered":"<b>Currency<\/b>   10 B.C.-10 A.D."},"content":{"rendered":"","protected":false},"excerpt":{"rendered":"<h3>Roman Empire<\/h3>\n<p><b>Metal:<\/b> Bronze.<br \/><b>Issuing entity: <\/b> Cos (Greece). Augustus.<br \/><b>Mint:<\/b> Kos (Greece).<br \/><b>Date:<\/b> 10 B.C.-10 A.D.<br \/><b>Obverse:<\/b><br \/> Head of Augustus on the right. Legend: \u03a3\u0395\u0392\u0391\u03a3\u03a4\u039f\u03a3.<br \/><b>Reverse:<\/b><br \/> Nail and coiled serpent on staff. Legend: \u039a\u03a9\u0399\u03a9\u039d\u03a9\u039d \u03a3\u039f\u03a6\u039f\u039a\u039b\u0397\u03a3.<br \/><b>Weight:<\/b> 3.19 g - <b>Diameter:<\/b> 16 mm - 16 mm - 16 mm - 16 mm - 16 mm - 16 mm - 16 mm - 16 mm - 16 mm <b>Axes:<\/b> 12 h.<br \/><b>Described in:<\/b> RPC 2739<br \/><b>Published in:<\/b><br \/>Lafuente Vidal, J., 1954: \"Recuerdos del pasado\", Revista oficial de las Hogueras de San Juan de Alicante, 15, Alicante; Mateu y Llopis, F., 1955: \"Hallazgos monetarios XII\", Numario Hispanico, IV, 7, p. 124; Ram\u00f3n S\u00e1nchez, J.J., Garc\u00eda Barrachina, A., Verd\u00fa Parra, E., Bayo Fuentes, S., 2010: \"Cat\u00e1logo. Antig\u00fcedad\", in Ram\u00f3n S\u00e1nchez, J.J. (ed.), Monedas. Todas las caras de la Historia. Colecciones numism\u00e1ticas del MARQ, Alicante, p. 107.<br \/><b>Monetary Inventory Number:<\/b> 4574.<br \/>Excavation. Tossal de Manises<\/p>","protected":false},"featured_media":35666,"template":"","meta":{"kia_subtitle":""},"product_brand":[],"product_cat":[2316],"product_tag":[],"class_list":{"0":"post-35964","1":"product","2":"type-product","3":"status-publish","4":"has-post-thumbnail","6":"product_cat-catalogo-numismatico","8":"first","9":"instock","10":"virtual","11":"product-type-simple"},"meta_box":{"ia_expediente":"","ia_ano":"","ia_fechas_de_actuacion":"","ia_municipios_comarcas":"","ia_directores":"","ia_periodos_culturales":"","ia_tipos_de_intervencion":"","ia_equipo_tecnico":"","ia_autores":"","ia_promotores":"","ia_deposito_de_materiales":"","ia_coordenadas_utm":""},"_links":{"self":[{"href":"https:\/\/marqalicante-admin.qwair.com\/en\/wp-json\/wp\/v2\/product\/35964","targetHints":{"allow":["GET"]}}],"collection":[{"href":"https:\/\/marqalicante-admin.qwair.com\/en\/wp-json\/wp\/v2\/product"}],"about":[{"href":"https:\/\/marqalicante-admin.qwair.com\/en\/wp-json\/wp\/v2\/types\/product"}],"wp:featuredmedia":[{"embeddable":true,"href":"https:\/\/marqalicante-admin.qwair.com\/en\/wp-json\/wp\/v2\/media\/35666"}],"wp:attachment":[{"href":"https:\/\/marqalicante-admin.qwair.com\/en\/wp-json\/wp\/v2\/media?parent=35964"}],"wp:term":[{"taxonomy":"product_brand","embeddable":true,"href":"https:\/\/marqalicante-admin.qwair.com\/en\/wp-json\/wp\/v2\/product_brand?post=35964"},{"taxonomy":"product_cat","embeddable":true,"href":"https:\/\/marqalicante-admin.qwair.com\/en\/wp-json\/wp\/v2\/product_cat?post=35964"},{"taxonomy":"product_tag","embeddable":true,"href":"https:\/\/marqalicante-admin.qwair.com\/en\/wp-json\/wp\/v2\/product_tag?post=35964"}],"curies":[{"name":"wp","href":"https:\/\/api.w.org\/{rel}","templated":true}]}}