{"id":35962,"date":"2025-03-05T18:25:12","date_gmt":"2025-03-05T18:25:12","guid":{"rendered":"https:\/\/marqalicante-admin.qwair.com\/item\/sestercio-anos-160-161-d-c\/"},"modified":"2025-03-05T18:28:03","modified_gmt":"2025-03-05T18:28:03","slug":"sestercio-anos-160-161-d-c","status":"publish","type":"product","link":"https:\/\/marqalicante-admin.qwair.com\/en\/product\/sestercio-anos-160-161-d-c\/","title":{"rendered":"<b>Sestertius<\/b>   160-161 AD"},"content":{"rendered":"","protected":false},"excerpt":{"rendered":"<h3>Roman Empire<\/h3>\n<p><b>Metal:<\/b> Bronze.<br \/><b>Issuing entity: <\/b> Rome. Antoninus Pius.<br \/><b>Mint:<\/b> Rome.<br \/><b>Date:<\/b> 160-161 AD<br \/><b>Obverse:<\/b><br \/> Laureate head right. Legend: ANTONINVS AVG - PIVS P P TR P XXIIII.<br \/><b>Reverse:<\/b><br \/> Liberalitas standing left holding bead tablet and cornucopia. Legend: CONG AVG VIIII COS IIII S - C.<br \/><b>Weight:<\/b> 30.28 g - <b>Diameter:<\/b> 33 mm - <b>Axes:<\/b> 12 h.<br \/><b>Described in:<\/b> RIC III 1043.<br \/><b>Published in:<\/b><br \/>Abascal Palaz\u00f3n, J.M., Olcina Dom\u00e9nech, M., Ram\u00f3n S\u00e1nchez, J.J., 1995: \"Un tesoro de sestercios procedente del Territorium de Dianium (Hispania Citerior)\". Alicante, p. 49, n\u00ba 287; Ram\u00f3n S\u00e1nchez, J.J., Garc\u00eda Barrachina, A., Verd\u00fa Parra, E., Bayo Fuentes, S., 2010: \"Cat\u00e1logo. Antig\u00fcedad\", in Ram\u00f3n S\u00e1nchez, J.J. (ed.), Monedas. Todas las caras de la Historia. Numismatic collections of the MARQ, Alicante, p. 114.<br \/><b>Monetary Inventory Number:<\/b> 2905.<br \/>Buy. Dianium Territorium Treasure<\/p>","protected":false},"featured_media":35660,"template":"","meta":{"kia_subtitle":""},"product_brand":[],"product_cat":[2316],"product_tag":[],"class_list":{"0":"post-35962","1":"product","2":"type-product","3":"status-publish","4":"has-post-thumbnail","6":"product_cat-catalogo-numismatico","8":"first","9":"instock","10":"virtual","11":"product-type-simple"},"meta_box":{"ia_expediente":"","ia_ano":"","ia_fechas_de_actuacion":"","ia_municipios_comarcas":"","ia_directores":"","ia_periodos_culturales":"","ia_tipos_de_intervencion":"","ia_equipo_tecnico":"","ia_autores":"","ia_promotores":"","ia_deposito_de_materiales":"","ia_coordenadas_utm":""},"_links":{"self":[{"href":"https:\/\/marqalicante-admin.qwair.com\/en\/wp-json\/wp\/v2\/product\/35962","targetHints":{"allow":["GET"]}}],"collection":[{"href":"https:\/\/marqalicante-admin.qwair.com\/en\/wp-json\/wp\/v2\/product"}],"about":[{"href":"https:\/\/marqalicante-admin.qwair.com\/en\/wp-json\/wp\/v2\/types\/product"}],"wp:featuredmedia":[{"embeddable":true,"href":"https:\/\/marqalicante-admin.qwair.com\/en\/wp-json\/wp\/v2\/media\/35660"}],"wp:attachment":[{"href":"https:\/\/marqalicante-admin.qwair.com\/en\/wp-json\/wp\/v2\/media?parent=35962"}],"wp:term":[{"taxonomy":"product_brand","embeddable":true,"href":"https:\/\/marqalicante-admin.qwair.com\/en\/wp-json\/wp\/v2\/product_brand?post=35962"},{"taxonomy":"product_cat","embeddable":true,"href":"https:\/\/marqalicante-admin.qwair.com\/en\/wp-json\/wp\/v2\/product_cat?post=35962"},{"taxonomy":"product_tag","embeddable":true,"href":"https:\/\/marqalicante-admin.qwair.com\/en\/wp-json\/wp\/v2\/product_tag?post=35962"}],"curies":[{"name":"wp","href":"https:\/\/api.w.org\/{rel}","templated":true}]}}