{"id":35956,"date":"2025-03-05T18:25:10","date_gmt":"2025-03-05T18:25:10","guid":{"rendered":"https:\/\/marqalicante-admin.qwair.com\/item\/as-anos-41-50-d-c-2\/"},"modified":"2025-03-05T18:28:02","modified_gmt":"2025-03-05T18:28:02","slug":"as-anos-41-50-d-c-2","status":"publish","type":"product","link":"https:\/\/marqalicante-admin.qwair.com\/en\/product\/as-anos-41-50-d-c-2\/","title":{"rendered":"<b>As<\/b>   A.D. 41-50"},"content":{"rendered":"","protected":false},"excerpt":{"rendered":"<h3>Roman Empire<\/h3>\n<p><b>Metal:<\/b> Copper.<br \/><b>Issuing entity: <\/b> Rome. Claudius I.<br \/><b>Mint:<\/b> Local.<br \/><b>Date:<\/b> A.D. 41-50<br \/><b>Obverse:<\/b><br \/> Naked head left. Legend: TI CLAVDIVS CAESAR AVG P M TRP IMP.<br \/>\n<br \/><b>Reverse:<\/b><br \/> Minerva standing right holding javelin and shield. S - C on both sides.<br \/><b>Weight:<\/b> 10.35 g - <b>Diameter:<\/b> 25 mm - <b>Axes:<\/b> 6 h.<br \/><b>Described in:<\/b> RIC I 100.<br \/><b>Published in:<\/b><br \/>Ripoll\u00e8s Alegre, P. P., 1982: La circulaci\u00f3n monetaria en la Tarraconense Mediterr\u00e1nea, Valencia, p. 232, plate 46, no. 340; Ram\u00f3n S\u00e1nchez, J. J., 1994: \"El monetario del Museo Arqueol\u00f3gico Provincial de Alicante\", Actas del IX Congreso Nacional de Numism\u00e1tica, Elche, p. 163; Ram\u00f3n S\u00e1nchez, J.J., Garc\u00eda Barrachina, A., Verd\u00fa Parra, E., Bayo Fuentes, S., 2010: \"Cat\u00e1logo. Antig\u00fcedad\", in Ram\u00f3n S\u00e1nchez, J.J. (ed.), Monedas. Todas las caras de la Historia. Numismatic collections of the MARQ, Alicante, p. 110.<br \/><b>Monetary Inventory Number:<\/b> 1062.<br \/>MARQ collection. Ancient Numismatic Collection<\/p>","protected":false},"featured_media":35642,"template":"","meta":{"kia_subtitle":""},"product_brand":[],"product_cat":[2316],"product_tag":[],"class_list":{"0":"post-35956","1":"product","2":"type-product","3":"status-publish","4":"has-post-thumbnail","6":"product_cat-catalogo-numismatico","8":"first","9":"instock","10":"virtual","11":"product-type-simple"},"meta_box":{"ia_expediente":"","ia_ano":"","ia_fechas_de_actuacion":"","ia_municipios_comarcas":"","ia_directores":"","ia_periodos_culturales":"","ia_tipos_de_intervencion":"","ia_equipo_tecnico":"","ia_autores":"","ia_promotores":"","ia_deposito_de_materiales":"","ia_coordenadas_utm":""},"_links":{"self":[{"href":"https:\/\/marqalicante-admin.qwair.com\/en\/wp-json\/wp\/v2\/product\/35956","targetHints":{"allow":["GET"]}}],"collection":[{"href":"https:\/\/marqalicante-admin.qwair.com\/en\/wp-json\/wp\/v2\/product"}],"about":[{"href":"https:\/\/marqalicante-admin.qwair.com\/en\/wp-json\/wp\/v2\/types\/product"}],"wp:featuredmedia":[{"embeddable":true,"href":"https:\/\/marqalicante-admin.qwair.com\/en\/wp-json\/wp\/v2\/media\/35642"}],"wp:attachment":[{"href":"https:\/\/marqalicante-admin.qwair.com\/en\/wp-json\/wp\/v2\/media?parent=35956"}],"wp:term":[{"taxonomy":"product_brand","embeddable":true,"href":"https:\/\/marqalicante-admin.qwair.com\/en\/wp-json\/wp\/v2\/product_brand?post=35956"},{"taxonomy":"product_cat","embeddable":true,"href":"https:\/\/marqalicante-admin.qwair.com\/en\/wp-json\/wp\/v2\/product_cat?post=35956"},{"taxonomy":"product_tag","embeddable":true,"href":"https:\/\/marqalicante-admin.qwair.com\/en\/wp-json\/wp\/v2\/product_tag?post=35956"}],"curies":[{"name":"wp","href":"https:\/\/api.w.org\/{rel}","templated":true}]}}