{"id":35954,"date":"2025-03-05T18:25:09","date_gmt":"2025-03-05T18:25:09","guid":{"rendered":"https:\/\/marqalicante-admin.qwair.com\/item\/dupondio-ano-179-d-c\/"},"modified":"2025-03-05T18:28:02","modified_gmt":"2025-03-05T18:28:02","slug":"dupondio-ano-179-d-c","status":"publish","type":"product","link":"https:\/\/marqalicante-admin.qwair.com\/en\/product\/dupondio-ano-179-d-c\/","title":{"rendered":"<b>Dupondio<\/b>   Year 179 A.D."},"content":{"rendered":"","protected":false},"excerpt":{"rendered":"<h3>Roman Empire<\/h3>\n<p><b>Metal:<\/b> Oricalco.<br \/><b>Issuing entity: <\/b> Rome. Marcus Aurelius (in the name of Commodus).<br \/><b>Mint:<\/b> Rome.<br \/><b>Date:<\/b> Year 179 A.D.<br \/><b>Obverse:<\/b><br \/> Radiate bust right. Legend: L AVREL COMMODVS AVG TR P IIII.<br \/><b>Reverse:<\/b><br \/> Libertas standing left holding pileus and bar. Legend: LIBERTAS IMP II COS II P P AVG S- C.<br \/>\n<br \/><b>Weight:<\/b> 11.5 g - <b>Diameter:<\/b> 26 mm - <b>Axes:<\/b> 11 h.<br \/><b>Described in:<\/b> RIC III 1605.<br \/><b>Published in:<\/b><br \/>Ram\u00f3n, 1994, 169; Ram\u00f3n S\u00e1nchez, J.J., Garc\u00eda Barrachina, A., Verd\u00fa Parra, E., Bayo Fuentes, S., 2010: \"Cat\u00e1logo. Antig\u00fcedad\", in Ram\u00f3n S\u00e1nchez, J.J. (ed.), Monedas. Todas las caras de la Historia. Colecciones numism\u00e1ticas del MARQ, Alicante, p. 115.<br \/><b>Monetary Inventory Number:<\/b> 1013.<br \/>MARQ collection. Ancient Numismatic Collection<\/p>","protected":false},"featured_media":35636,"template":"","meta":{"kia_subtitle":""},"product_brand":[],"product_cat":[2316],"product_tag":[],"class_list":{"0":"post-35954","1":"product","2":"type-product","3":"status-publish","4":"has-post-thumbnail","6":"product_cat-catalogo-numismatico","8":"first","9":"instock","10":"virtual","11":"product-type-simple"},"meta_box":{"ia_expediente":"","ia_ano":"","ia_fechas_de_actuacion":"","ia_municipios_comarcas":"","ia_directores":"","ia_periodos_culturales":"","ia_tipos_de_intervencion":"","ia_equipo_tecnico":"","ia_autores":"","ia_promotores":"","ia_deposito_de_materiales":"","ia_coordenadas_utm":""},"_links":{"self":[{"href":"https:\/\/marqalicante-admin.qwair.com\/en\/wp-json\/wp\/v2\/product\/35954","targetHints":{"allow":["GET"]}}],"collection":[{"href":"https:\/\/marqalicante-admin.qwair.com\/en\/wp-json\/wp\/v2\/product"}],"about":[{"href":"https:\/\/marqalicante-admin.qwair.com\/en\/wp-json\/wp\/v2\/types\/product"}],"wp:featuredmedia":[{"embeddable":true,"href":"https:\/\/marqalicante-admin.qwair.com\/en\/wp-json\/wp\/v2\/media\/35636"}],"wp:attachment":[{"href":"https:\/\/marqalicante-admin.qwair.com\/en\/wp-json\/wp\/v2\/media?parent=35954"}],"wp:term":[{"taxonomy":"product_brand","embeddable":true,"href":"https:\/\/marqalicante-admin.qwair.com\/en\/wp-json\/wp\/v2\/product_brand?post=35954"},{"taxonomy":"product_cat","embeddable":true,"href":"https:\/\/marqalicante-admin.qwair.com\/en\/wp-json\/wp\/v2\/product_cat?post=35954"},{"taxonomy":"product_tag","embeddable":true,"href":"https:\/\/marqalicante-admin.qwair.com\/en\/wp-json\/wp\/v2\/product_tag?post=35954"}],"curies":[{"name":"wp","href":"https:\/\/api.w.org\/{rel}","templated":true}]}}