{"id":35951,"date":"2025-03-05T18:25:08","date_gmt":"2025-03-05T18:25:08","guid":{"rendered":"https:\/\/marqalicante-admin.qwair.com\/item\/as-anos-14-37-d-c-3\/"},"modified":"2025-03-05T18:28:01","modified_gmt":"2025-03-05T18:28:01","slug":"as-anos-14-37-d-c-3","status":"publish","type":"product","link":"https:\/\/marqalicante-admin.qwair.com\/en\/product\/as-anos-14-37-d-c-3\/","title":{"rendered":"<b>As<\/b>   14-37 AD"},"content":{"rendered":"","protected":false},"excerpt":{"rendered":"<h3>Roman Empire<\/h3>\n<p><b>Metal:<\/b> Copper.<br \/><b>Issuing entity: <\/b> Segobriga (Cabeza de Griego, Saelices, Cuenca). Tiberius.<br \/><b>Mint:<\/b> Segobriga (Cabeza de Griego, Saelices, Cuenca).<br \/><b>Date:<\/b> 14-37 AD<br \/><b>Obverse:<\/b><br \/> Naked head of Tiberius left. Legend: TI CAESAR DIVI AVG F AVGVST IMP VIII.<br \/><b>Reverse:<\/b><br \/> Laurea with inscription inside in two lines. Legend: SEGO - BRIGA.<br \/><b>Weight:<\/b> 14.61 g - <b>Diameter:<\/b> 30 mm - <b>Axes:<\/b> <br \/><b>Described in:<\/b> RPC 473; Vives, 135, 5; Ripoll\u00e8s Alegre, P. P. i Abascal Palaz\u00f3n, J. M., 1996: Las monedas de la ciudad romana de Segobriga (Saelices, Cuenca), Barcelona\/Madrid, s\u00e8rie IVA, n\u00ba 1-29 y 43-54; Ripoll\u00e8s Alegre, P. P., 2010: Las acu\u00f1aciones provinciales romanas de Hispania, Madrid, p. 288.<br \/><b>Published in:<\/b><br \/>Ripoll\u00e8s Alegre, P. P., 1982: La circulaci\u00f3n monetaria en la Tarraconense (Monetary Circulation in Tarraconensis).<br \/>\nMediterr\u00e1nea, Valencia, 226, plate 39, no. 220; Ram\u00f3n S\u00e1nchez, J.J., Garc\u00eda Barrachina, A., Verd\u00fa Parra, E., Bayo Fuentes, S., 2010: \"Cat\u00e1logo. Antig\u00fcedad\", in Ram\u00f3n S\u00e1nchez, J.J. (ed.), Monedas. Todas las caras de la Historia. Colecciones numism\u00e1ticas del MARQ, Alicante, p. 109.<br \/><b>Monetary Inventory Number:<\/b> 76.<br \/>Purchase. Isidro Albert Collection<\/p>","protected":false},"featured_media":35627,"template":"","meta":{"kia_subtitle":""},"product_brand":[],"product_cat":[2316],"product_tag":[],"class_list":{"0":"post-35951","1":"product","2":"type-product","3":"status-publish","4":"has-post-thumbnail","6":"product_cat-catalogo-numismatico","8":"first","9":"instock","10":"virtual","11":"product-type-simple"},"meta_box":{"ia_expediente":"","ia_ano":"","ia_fechas_de_actuacion":"","ia_municipios_comarcas":"","ia_directores":"","ia_periodos_culturales":"","ia_tipos_de_intervencion":"","ia_equipo_tecnico":"","ia_autores":"","ia_promotores":"","ia_deposito_de_materiales":"","ia_coordenadas_utm":""},"_links":{"self":[{"href":"https:\/\/marqalicante-admin.qwair.com\/en\/wp-json\/wp\/v2\/product\/35951","targetHints":{"allow":["GET"]}}],"collection":[{"href":"https:\/\/marqalicante-admin.qwair.com\/en\/wp-json\/wp\/v2\/product"}],"about":[{"href":"https:\/\/marqalicante-admin.qwair.com\/en\/wp-json\/wp\/v2\/types\/product"}],"wp:featuredmedia":[{"embeddable":true,"href":"https:\/\/marqalicante-admin.qwair.com\/en\/wp-json\/wp\/v2\/media\/35627"}],"wp:attachment":[{"href":"https:\/\/marqalicante-admin.qwair.com\/en\/wp-json\/wp\/v2\/media?parent=35951"}],"wp:term":[{"taxonomy":"product_brand","embeddable":true,"href":"https:\/\/marqalicante-admin.qwair.com\/en\/wp-json\/wp\/v2\/product_brand?post=35951"},{"taxonomy":"product_cat","embeddable":true,"href":"https:\/\/marqalicante-admin.qwair.com\/en\/wp-json\/wp\/v2\/product_cat?post=35951"},{"taxonomy":"product_tag","embeddable":true,"href":"https:\/\/marqalicante-admin.qwair.com\/en\/wp-json\/wp\/v2\/product_tag?post=35951"}],"curies":[{"name":"wp","href":"https:\/\/api.w.org\/{rel}","templated":true}]}}