{"id":35948,"date":"2025-03-05T18:25:07","date_gmt":"2025-03-05T18:25:07","guid":{"rendered":"https:\/\/marqalicante-admin.qwair.com\/item\/cinco-centavos-ano-1887\/"},"modified":"2025-03-05T18:28:01","modified_gmt":"2025-03-05T18:28:01","slug":"cinco-centavos-ano-1887","status":"publish","type":"product","link":"https:\/\/marqalicante-admin.qwair.com\/en\/product\/cinco-centavos-ano-1887\/","title":{"rendered":"<b>Five cents<\/b>   Year 1887."},"content":{"rendered":"","protected":false},"excerpt":{"rendered":"<h3>Contemporary age<\/h3>\n<p><b>Metal:<\/b> Silver.<br \/><b>Issuing entity: <\/b> Nicaragua.<br \/><b>Mint:<\/b> Not specified.<br \/><b>Date:<\/b> Year 1887.<br \/><b>Obverse:<\/b><br \/> Equilateral triangle framing a mountain range of five volcanoes between two oceans. A Phrygian cap illuminates the scene and a rainbow covers the mountains. Legend: REPUBLICA DE NICARAGUA 15 DE SEPTIEMBRE 1821.18.<br \/><b>Reverse:<\/b><br \/> Value surrounded by laurel wreath. Legend: REPUBLICA DE NICARAGUA 15 DE SEPTIEMBRE 1821.<br \/><b>Weight:<\/b> 1.21 g - <b>Diameter:<\/b> 15 mm - <b>Axes:<\/b> 6 h.<br \/><b>Described in:<\/b> Krause, C. L. and Mishler, C., 1980: Standard Catalog of World Coins, Wisconsin, p. 1369, no. 7.<br \/>\n<br \/><b>Published in:<\/b><br \/>Bayo Fuentes, S., Ram\u00f3n S\u00e1nchez, J.J., 2010: \"Cat\u00e1logo. Collections\", in Ram\u00f3n S\u00e1nchez, J.J. (ed.), Coins. Todas las caras de la Historia. Colecciones numism\u00e1ticas del MARQ, Alicante, p. 182.<br \/><b>Monetary Inventory Number:<\/b> 7577.<br \/>Assignment. Julio Furg\u00fas Collection<\/p>","protected":false},"featured_media":35618,"template":"","meta":{"kia_subtitle":""},"product_brand":[],"product_cat":[2316],"product_tag":[],"class_list":{"0":"post-35948","1":"product","2":"type-product","3":"status-publish","4":"has-post-thumbnail","6":"product_cat-catalogo-numismatico","8":"first","9":"instock","10":"virtual","11":"product-type-simple"},"meta_box":{"ia_expediente":"","ia_ano":"","ia_fechas_de_actuacion":"","ia_municipios_comarcas":"","ia_directores":"","ia_periodos_culturales":"","ia_tipos_de_intervencion":"","ia_equipo_tecnico":"","ia_autores":"","ia_promotores":"","ia_deposito_de_materiales":"","ia_coordenadas_utm":""},"_links":{"self":[{"href":"https:\/\/marqalicante-admin.qwair.com\/en\/wp-json\/wp\/v2\/product\/35948","targetHints":{"allow":["GET"]}}],"collection":[{"href":"https:\/\/marqalicante-admin.qwair.com\/en\/wp-json\/wp\/v2\/product"}],"about":[{"href":"https:\/\/marqalicante-admin.qwair.com\/en\/wp-json\/wp\/v2\/types\/product"}],"wp:featuredmedia":[{"embeddable":true,"href":"https:\/\/marqalicante-admin.qwair.com\/en\/wp-json\/wp\/v2\/media\/35618"}],"wp:attachment":[{"href":"https:\/\/marqalicante-admin.qwair.com\/en\/wp-json\/wp\/v2\/media?parent=35948"}],"wp:term":[{"taxonomy":"product_brand","embeddable":true,"href":"https:\/\/marqalicante-admin.qwair.com\/en\/wp-json\/wp\/v2\/product_brand?post=35948"},{"taxonomy":"product_cat","embeddable":true,"href":"https:\/\/marqalicante-admin.qwair.com\/en\/wp-json\/wp\/v2\/product_cat?post=35948"},{"taxonomy":"product_tag","embeddable":true,"href":"https:\/\/marqalicante-admin.qwair.com\/en\/wp-json\/wp\/v2\/product_tag?post=35948"}],"curies":[{"name":"wp","href":"https:\/\/api.w.org\/{rel}","templated":true}]}}