{"id":35945,"date":"2025-03-05T18:25:06","date_gmt":"2025-03-05T18:25:06","guid":{"rendered":"https:\/\/marqalicante-admin.qwair.com\/item\/un-centavo-ano-1885\/"},"modified":"2025-03-05T18:28:00","modified_gmt":"2025-03-05T18:28:00","slug":"un-centavo-ano-1885","status":"publish","type":"product","link":"https:\/\/marqalicante-admin.qwair.com\/en\/product\/un-centavo-ano-1885\/","title":{"rendered":"<b>One penny<\/b>   Year 1885."},"content":{"rendered":"","protected":false},"excerpt":{"rendered":"<h3>Contemporary age<\/h3>\n<p><b>Metal:<\/b> Copper.<br \/><b>Issuing entity: <\/b> United States of America.<br \/><b>Mint:<\/b> Not specified.<br \/><b>Date:<\/b> Year 1885.<br \/><b>Obverse:<\/b><br \/> Indian head to the left. Legend: UNITED STATES OF AMERICA.<br \/><b>Reverse:<\/b><br \/> Value surrounded by wreath. Shield of bars above the value. Legend: ONE CENT.<br \/>\n<br \/><b>Weight:<\/b> 2.96 g - <b>Diameter:<\/b> 19 mm - <b>Axes:<\/b> 6 h.<br \/><b>Described in:<\/b> Krause, C. L. and Mishler, C., 1980: Standard Catalog of World Coins, Wisconsin, p. 1723 f.<br \/>\n<br \/><b>Published in:<\/b><br \/>Bayo Fuentes, S., Ram\u00f3n S\u00e1nchez, J.J., 2010: \"Cat\u00e1logo. Collections\", in Ram\u00f3n S\u00e1nchez, J.J. (ed.), Coins. Todas las caras de la Historia. Colecciones numism\u00e1ticas del MARQ, Alicante, p. 176.<br \/><b>Monetary Inventory Number:<\/b> 2585.<br \/>MARQ collection. Ancient Numismatic Collection<\/p>","protected":false},"featured_media":35609,"template":"","meta":{"kia_subtitle":""},"product_brand":[],"product_cat":[2316],"product_tag":[],"class_list":{"0":"post-35945","1":"product","2":"type-product","3":"status-publish","4":"has-post-thumbnail","6":"product_cat-catalogo-numismatico","8":"first","9":"instock","10":"virtual","11":"product-type-simple"},"meta_box":{"ia_expediente":"","ia_ano":"","ia_fechas_de_actuacion":"","ia_municipios_comarcas":"","ia_directores":"","ia_periodos_culturales":"","ia_tipos_de_intervencion":"","ia_equipo_tecnico":"","ia_autores":"","ia_promotores":"","ia_deposito_de_materiales":"","ia_coordenadas_utm":""},"_links":{"self":[{"href":"https:\/\/marqalicante-admin.qwair.com\/en\/wp-json\/wp\/v2\/product\/35945","targetHints":{"allow":["GET"]}}],"collection":[{"href":"https:\/\/marqalicante-admin.qwair.com\/en\/wp-json\/wp\/v2\/product"}],"about":[{"href":"https:\/\/marqalicante-admin.qwair.com\/en\/wp-json\/wp\/v2\/types\/product"}],"wp:featuredmedia":[{"embeddable":true,"href":"https:\/\/marqalicante-admin.qwair.com\/en\/wp-json\/wp\/v2\/media\/35609"}],"wp:attachment":[{"href":"https:\/\/marqalicante-admin.qwair.com\/en\/wp-json\/wp\/v2\/media?parent=35945"}],"wp:term":[{"taxonomy":"product_brand","embeddable":true,"href":"https:\/\/marqalicante-admin.qwair.com\/en\/wp-json\/wp\/v2\/product_brand?post=35945"},{"taxonomy":"product_cat","embeddable":true,"href":"https:\/\/marqalicante-admin.qwair.com\/en\/wp-json\/wp\/v2\/product_cat?post=35945"},{"taxonomy":"product_tag","embeddable":true,"href":"https:\/\/marqalicante-admin.qwair.com\/en\/wp-json\/wp\/v2\/product_tag?post=35945"}],"curies":[{"name":"wp","href":"https:\/\/api.w.org\/{rel}","templated":true}]}}