{"id":35943,"date":"2025-03-05T18:25:06","date_gmt":"2025-03-05T18:25:06","guid":{"rendered":"https:\/\/marqalicante-admin.qwair.com\/item\/cuarto-de-anna-ano-1877\/"},"modified":"2025-03-05T18:28:00","modified_gmt":"2025-03-05T18:28:00","slug":"cuarto-de-anna-ano-1877","status":"publish","type":"product","link":"https:\/\/marqalicante-admin.qwair.com\/en\/product\/cuarto-de-anna-ano-1877\/","title":{"rendered":"<b>Anna's room<\/b>   Year 1877."},"content":{"rendered":"","protected":false},"excerpt":{"rendered":"<h3>Contemporary age<\/h3>\n<p><b>Metal:<\/b> Copper.<br \/><b>Issuing entity: <\/b> Great Britain. India (colony). Victoria.<br \/><b>Mint:<\/b> Not specified.<br \/><b>Date:<\/b> Year 1877.<br \/><b>Obverse:<\/b><br \/> Female bust crowned left. Legend: VICTORIA EMPRESS.<br \/><b>Reverse:<\/b><br \/> Value, country and year of issue inserted in a circle of floral ornament. Caption: ONE QUARTER ANNA INDIA 1877.<br \/>\n<br \/><b>Weight:<\/b> 6.49 g - <b>Diameter:<\/b> 26 mm - <b>Axes:<\/b> 12 h.<br \/><b>Described in:<\/b> Krause, C. L. and Mishler, C., 1980: Standard Catalog of World Coins, Wisconsin, p. 1016, no. 18.<br \/>\n<br \/><b>Published in:<\/b><br \/>Bayo Fuentes, S., Ram\u00f3n S\u00e1nchez, J.J., 2010: \"Cat\u00e1logo. Collections\", in Ram\u00f3n S\u00e1nchez, J.J. (ed.), Coins. Todas las caras de la Historia. Colecciones numism\u00e1ticas del MARQ, Alicante, p. 176.<br \/><b>Monetary Inventory Number:<\/b> 2762.<br \/>MARQ collection. Ancient Numismatic Collection<\/p>","protected":false},"featured_media":35603,"template":"","meta":{"kia_subtitle":""},"product_brand":[],"product_cat":[2316],"product_tag":[],"class_list":{"0":"post-35943","1":"product","2":"type-product","3":"status-publish","4":"has-post-thumbnail","6":"product_cat-catalogo-numismatico","8":"first","9":"instock","10":"virtual","11":"product-type-simple"},"meta_box":{"ia_expediente":"","ia_ano":"","ia_fechas_de_actuacion":"","ia_municipios_comarcas":"","ia_directores":"","ia_periodos_culturales":"","ia_tipos_de_intervencion":"","ia_equipo_tecnico":"","ia_autores":"","ia_promotores":"","ia_deposito_de_materiales":"","ia_coordenadas_utm":""},"_links":{"self":[{"href":"https:\/\/marqalicante-admin.qwair.com\/en\/wp-json\/wp\/v2\/product\/35943","targetHints":{"allow":["GET"]}}],"collection":[{"href":"https:\/\/marqalicante-admin.qwair.com\/en\/wp-json\/wp\/v2\/product"}],"about":[{"href":"https:\/\/marqalicante-admin.qwair.com\/en\/wp-json\/wp\/v2\/types\/product"}],"wp:featuredmedia":[{"embeddable":true,"href":"https:\/\/marqalicante-admin.qwair.com\/en\/wp-json\/wp\/v2\/media\/35603"}],"wp:attachment":[{"href":"https:\/\/marqalicante-admin.qwair.com\/en\/wp-json\/wp\/v2\/media?parent=35943"}],"wp:term":[{"taxonomy":"product_brand","embeddable":true,"href":"https:\/\/marqalicante-admin.qwair.com\/en\/wp-json\/wp\/v2\/product_brand?post=35943"},{"taxonomy":"product_cat","embeddable":true,"href":"https:\/\/marqalicante-admin.qwair.com\/en\/wp-json\/wp\/v2\/product_cat?post=35943"},{"taxonomy":"product_tag","embeddable":true,"href":"https:\/\/marqalicante-admin.qwair.com\/en\/wp-json\/wp\/v2\/product_tag?post=35943"}],"curies":[{"name":"wp","href":"https:\/\/api.w.org\/{rel}","templated":true}]}}