{"id":35942,"date":"2025-03-05T18:25:05","date_gmt":"2025-03-05T18:25:05","guid":{"rendered":"https:\/\/marqalicante-admin.qwair.com\/item\/cuatro-centesimos-ano-1869\/"},"modified":"2025-03-05T18:28:00","modified_gmt":"2025-03-05T18:28:00","slug":"cuatro-centesimos-ano-1869","status":"publish","type":"product","link":"https:\/\/marqalicante-admin.qwair.com\/en\/product\/cuatro-centesimos-ano-1869\/","title":{"rendered":"<b>Four hundredths<\/b>   Year 1869."},"content":{"rendered":"","protected":false},"excerpt":{"rendered":"<h3>Contemporary age<\/h3>\n<p><b>Metal:<\/b> Copper.<br \/><b>Issuing entity: <\/b> Uruguay.<br \/><b>Mint:<\/b> Not specified.<br \/><b>Date:<\/b> Year 1869.<br \/><b>Obverse:<\/b><br \/> Frontal radiant sun with face drawn on the disc. Legend: REPUBLICA ORIENTAL DE URUGUAY.<br \/><b>Reverse:<\/b><br \/> Value inscribed in a circle surrounded by a wreath. Legend: 4 CENTS.<br \/>\n<br \/><b>Weight:<\/b> 20.03 g - <b>Diameter:<\/b> 35 mm - <b>Axes:<\/b> 6 h.<br \/><b>Described in:<\/b> Krause, C. L. and Mishler, C., 1980: Standard Catalog of World Coins, Wisconsin, p. 1766, no. 9.<br \/>\n<br \/><b>Published in:<\/b><br \/>Bayo Fuentes, S., Ram\u00f3n S\u00e1nchez, J.J., 2010: \"Cat\u00e1logo. Collections\", in Ram\u00f3n S\u00e1nchez, J.J. (ed.), Coins. Todas las caras de la Historia. Colecciones numism\u00e1ticas del MARQ, Alicante, p. 175.<br \/><b>Monetary Inventory Number:<\/b> 2567.<br \/>MARQ collection. Ancient Numismatic Collection<\/p>","protected":false},"featured_media":35600,"template":"","meta":{"kia_subtitle":""},"product_brand":[],"product_cat":[2316],"product_tag":[],"class_list":{"0":"post-35942","1":"product","2":"type-product","3":"status-publish","4":"has-post-thumbnail","6":"product_cat-catalogo-numismatico","8":"first","9":"instock","10":"virtual","11":"product-type-simple"},"meta_box":{"ia_expediente":"","ia_ano":"","ia_fechas_de_actuacion":"","ia_municipios_comarcas":"","ia_directores":"","ia_periodos_culturales":"","ia_tipos_de_intervencion":"","ia_equipo_tecnico":"","ia_autores":"","ia_promotores":"","ia_deposito_de_materiales":"","ia_coordenadas_utm":""},"_links":{"self":[{"href":"https:\/\/marqalicante-admin.qwair.com\/en\/wp-json\/wp\/v2\/product\/35942","targetHints":{"allow":["GET"]}}],"collection":[{"href":"https:\/\/marqalicante-admin.qwair.com\/en\/wp-json\/wp\/v2\/product"}],"about":[{"href":"https:\/\/marqalicante-admin.qwair.com\/en\/wp-json\/wp\/v2\/types\/product"}],"wp:featuredmedia":[{"embeddable":true,"href":"https:\/\/marqalicante-admin.qwair.com\/en\/wp-json\/wp\/v2\/media\/35600"}],"wp:attachment":[{"href":"https:\/\/marqalicante-admin.qwair.com\/en\/wp-json\/wp\/v2\/media?parent=35942"}],"wp:term":[{"taxonomy":"product_brand","embeddable":true,"href":"https:\/\/marqalicante-admin.qwair.com\/en\/wp-json\/wp\/v2\/product_brand?post=35942"},{"taxonomy":"product_cat","embeddable":true,"href":"https:\/\/marqalicante-admin.qwair.com\/en\/wp-json\/wp\/v2\/product_cat?post=35942"},{"taxonomy":"product_tag","embeddable":true,"href":"https:\/\/marqalicante-admin.qwair.com\/en\/wp-json\/wp\/v2\/product_tag?post=35942"}],"curies":[{"name":"wp","href":"https:\/\/api.w.org\/{rel}","templated":true}]}}