{"id":35939,"date":"2025-03-05T18:25:04","date_gmt":"2025-03-05T18:25:04","guid":{"rendered":"https:\/\/marqalicante-admin.qwair.com\/item\/dos-peniques-anos-1660-1662\/"},"modified":"2025-03-05T18:27:59","modified_gmt":"2025-03-05T18:27:59","slug":"dos-peniques-anos-1660-1662","status":"publish","type":"product","link":"https:\/\/marqalicante-admin.qwair.com\/en\/product\/dos-peniques-anos-1660-1662\/","title":{"rendered":"<b>Tuppence<\/b>   Years 1660-1662."},"content":{"rendered":"","protected":false},"excerpt":{"rendered":"<h3>Modern age<\/h3>\n<p><b>Metal:<\/b> Silver.<br \/><b>Issuing entity: <\/b> England. Charles II.<br \/><b>Mint:<\/b> Not specified.<br \/><b>Date:<\/b> Years 1660-1662.<br \/><b>Obverse:<\/b><br \/> Crowned bust left, behind mark of valor II. Legend: CAROLUS II D G MAG BRIT FRAN ET HIB REX.<br \/>\n<br \/><b>Reverse:<\/b><br \/> Quartered shield with royal arms, behind it a cross in the form of a fork. Legend: CHRISTO AVSPICE REGNO.<br \/><b>Weight:<\/b> 0.99 g - <b>Diameter:<\/b> 17 mm - <b>Axes:<\/b> 8 h.<br \/><b>Described in:<\/b> Sutherland, C. H. V., 1973: English coinage, 600-1900, London, p. 212, pl. 99, no. 705.<br \/><b>Published in:<\/b><br \/>Bayo Fuentes, S., Ram\u00f3n S\u00e1nchez, J.J., 2010: \"Cat\u00e1logo. Collections\", in Ram\u00f3n S\u00e1nchez, J.J. (ed.), Coins. Todas las caras de la Historia. Colecciones numism\u00e1ticas del MARQ, Alicante, p. 180.<br \/><b>Monetary Inventory Number:<\/b> 7603.<br \/>Assignment. Julio Furg\u00fas Collection<\/p>","protected":false},"featured_media":35591,"template":"","meta":{"kia_subtitle":""},"product_brand":[],"product_cat":[2316],"product_tag":[],"class_list":{"0":"post-35939","1":"product","2":"type-product","3":"status-publish","4":"has-post-thumbnail","6":"product_cat-catalogo-numismatico","8":"first","9":"instock","10":"virtual","11":"product-type-simple"},"meta_box":{"ia_expediente":"","ia_ano":"","ia_fechas_de_actuacion":"","ia_municipios_comarcas":"","ia_directores":"","ia_periodos_culturales":"","ia_tipos_de_intervencion":"","ia_equipo_tecnico":"","ia_autores":"","ia_promotores":"","ia_deposito_de_materiales":"","ia_coordenadas_utm":""},"_links":{"self":[{"href":"https:\/\/marqalicante-admin.qwair.com\/en\/wp-json\/wp\/v2\/product\/35939","targetHints":{"allow":["GET"]}}],"collection":[{"href":"https:\/\/marqalicante-admin.qwair.com\/en\/wp-json\/wp\/v2\/product"}],"about":[{"href":"https:\/\/marqalicante-admin.qwair.com\/en\/wp-json\/wp\/v2\/types\/product"}],"wp:featuredmedia":[{"embeddable":true,"href":"https:\/\/marqalicante-admin.qwair.com\/en\/wp-json\/wp\/v2\/media\/35591"}],"wp:attachment":[{"href":"https:\/\/marqalicante-admin.qwair.com\/en\/wp-json\/wp\/v2\/media?parent=35939"}],"wp:term":[{"taxonomy":"product_brand","embeddable":true,"href":"https:\/\/marqalicante-admin.qwair.com\/en\/wp-json\/wp\/v2\/product_brand?post=35939"},{"taxonomy":"product_cat","embeddable":true,"href":"https:\/\/marqalicante-admin.qwair.com\/en\/wp-json\/wp\/v2\/product_cat?post=35939"},{"taxonomy":"product_tag","embeddable":true,"href":"https:\/\/marqalicante-admin.qwair.com\/en\/wp-json\/wp\/v2\/product_tag?post=35939"}],"curies":[{"name":"wp","href":"https:\/\/api.w.org\/{rel}","templated":true}]}}