{"id":35936,"date":"2025-03-05T18:25:03","date_gmt":"2025-03-05T18:25:03","guid":{"rendered":"https:\/\/marqalicante-admin.qwair.com\/item\/dieciseis-maravedis-ano-1664\/"},"modified":"2025-03-05T18:27:59","modified_gmt":"2025-03-05T18:27:59","slug":"dieciseis-maravedis-ano-1664","status":"publish","type":"product","link":"https:\/\/marqalicante-admin.qwair.com\/en\/product\/dieciseis-maravedis-ano-1664\/","title":{"rendered":"<b>Sixteen maravedis<\/b>   Year 1664."},"content":{"rendered":"","protected":false},"excerpt":{"rendered":"<h3>Modern age<\/h3>\n<p><b>Metal:<\/b> Copper.<br \/><b>Issuing entity: <\/b> Spain. Philip IV.<br \/><b>Mint:<\/b> Seville.<br \/><b>Date:<\/b> Year 1664.<br \/><b>Obverse:<\/b><br \/> Bust right wearing Austrian fashion. Legend: PHILIPPVS IIII D G.<br \/><b>Reverse:<\/b><br \/> Shield crowned with the arms of Castile and Leon, Granada, Aragon, Naples and Sicily, Austria, Burgundy, Brabant, Flanders and Tyrol. Legend: HISPANIARVM REX 1664. Mint mark: S. Assayer mark: R. Value mark: 16.<br \/><b>Weight:<\/b> 4.26 g - <b>Diameter:<\/b> 25 mm - <b>Axes:<\/b> 12 h.<br \/><b>Described in:<\/b> Calic\u00f3 Estivill, F., Calic\u00f3 Estivill, X., Trigo Real, J., 1994: Spanish coins from Ferdinand and Isabella to Juan Carlos I. Years: 1474 to 1994. Years: 1474 to 1994, Barcelona, p. 289, type 245, no. 1291.<br \/><b>Published in:<\/b><br \/>Bayo Fuentes, S., Ram\u00f3n S\u00e1nchez, J.J., 2010: \"Cat\u00e1logo. Collections\", in Ram\u00f3n S\u00e1nchez, J.J. (ed.), Coins. Todas las caras de la Historia. Colecciones numism\u00e1ticas del MARQ, Alicante, p. 178.<br \/><b>Monetary Inventory Number:<\/b> 5401.<br \/>Purchase. P\u00e9rez Cort\u00e9s Collection<\/p>","protected":false},"featured_media":35582,"template":"","meta":{"kia_subtitle":""},"product_brand":[],"product_cat":[2316],"product_tag":[],"class_list":{"0":"post-35936","1":"product","2":"type-product","3":"status-publish","4":"has-post-thumbnail","6":"product_cat-catalogo-numismatico","8":"first","9":"instock","10":"virtual","11":"product-type-simple"},"meta_box":{"ia_expediente":"","ia_ano":"","ia_fechas_de_actuacion":"","ia_municipios_comarcas":"","ia_directores":"","ia_periodos_culturales":"","ia_tipos_de_intervencion":"","ia_equipo_tecnico":"","ia_autores":"","ia_promotores":"","ia_deposito_de_materiales":"","ia_coordenadas_utm":""},"_links":{"self":[{"href":"https:\/\/marqalicante-admin.qwair.com\/en\/wp-json\/wp\/v2\/product\/35936","targetHints":{"allow":["GET"]}}],"collection":[{"href":"https:\/\/marqalicante-admin.qwair.com\/en\/wp-json\/wp\/v2\/product"}],"about":[{"href":"https:\/\/marqalicante-admin.qwair.com\/en\/wp-json\/wp\/v2\/types\/product"}],"wp:featuredmedia":[{"embeddable":true,"href":"https:\/\/marqalicante-admin.qwair.com\/en\/wp-json\/wp\/v2\/media\/35582"}],"wp:attachment":[{"href":"https:\/\/marqalicante-admin.qwair.com\/en\/wp-json\/wp\/v2\/media?parent=35936"}],"wp:term":[{"taxonomy":"product_brand","embeddable":true,"href":"https:\/\/marqalicante-admin.qwair.com\/en\/wp-json\/wp\/v2\/product_brand?post=35936"},{"taxonomy":"product_cat","embeddable":true,"href":"https:\/\/marqalicante-admin.qwair.com\/en\/wp-json\/wp\/v2\/product_cat?post=35936"},{"taxonomy":"product_tag","embeddable":true,"href":"https:\/\/marqalicante-admin.qwair.com\/en\/wp-json\/wp\/v2\/product_tag?post=35936"}],"curies":[{"name":"wp","href":"https:\/\/api.w.org\/{rel}","templated":true}]}}