{"id":35934,"date":"2025-03-05T18:25:02","date_gmt":"2025-03-05T18:25:02","guid":{"rendered":"https:\/\/marqalicante-admin.qwair.com\/item\/dos-centimos-ano-1870\/"},"modified":"2025-03-05T18:27:59","modified_gmt":"2025-03-05T18:27:59","slug":"dos-centimos-ano-1870","status":"publish","type":"product","link":"https:\/\/marqalicante-admin.qwair.com\/en\/product\/dos-centimos-ano-1870\/","title":{"rendered":"<b>Two cents<\/b>   Year 1870."},"content":{"rendered":"","protected":false},"excerpt":{"rendered":"<h3>Contemporary age<\/h3>\n<p><b>Metal:<\/b> Copper.<br \/><b>Issuing entity: <\/b> Spain. Provisional Government.<br \/><b>Mint:<\/b> Barcelona.<br \/><b>Date:<\/b> Year 1870.<br \/><b>Obverse:<\/b><br \/> Hispania seated right. Legend: DOS GRAMOS 1870. OR M.<br \/><b>Reverse:<\/b><br \/> Lion to the right with head turned, leaning on shield. Legend: FIVE HUNDRED PIECES IN KILOG TWO CENTS.<br \/><b>Weight:<\/b> 1.86 g - <b>Diameter:<\/b> 20 mm - <b>Axes:<\/b> 6 h.<br \/><b>Described in:<\/b> Calic\u00f3 Estivill, F., Calic\u00f3 Estivill, X., Trigo Real, J., 1994: Spanish coins from Ferdinand and Isabella to Juan Carlos I. Years: 1474 to 1994. Years: 1474 to 1994, Barcelona, p. 649, type 10, no. 22.<br \/><b>Published in:<\/b><br \/>Ram\u00f3n S\u00e1nchez, J.J., Ib\u00e1\u00f1ez Sarri\u00f3, C., 2010: \"Cat\u00e1logo. Edad Moderna y contempor\u00e1nea\", in Ram\u00f3n S\u00e1nchez, J.J. (ed.), Monedas. Todas las caras de la Historia. Numismatic collections of the MARQ, Alicante, p. 169.<br \/><b>Monetary Inventory Number:<\/b> 6657.<br \/>Purchase. Enrique Llobregat Collection<\/p>","protected":false},"featured_media":35576,"template":"","meta":{"kia_subtitle":""},"product_brand":[],"product_cat":[2316],"product_tag":[],"class_list":{"0":"post-35934","1":"product","2":"type-product","3":"status-publish","4":"has-post-thumbnail","6":"product_cat-catalogo-numismatico","8":"first","9":"instock","10":"virtual","11":"product-type-simple"},"meta_box":{"ia_expediente":"","ia_ano":"","ia_fechas_de_actuacion":"","ia_municipios_comarcas":"","ia_directores":"","ia_periodos_culturales":"","ia_tipos_de_intervencion":"","ia_equipo_tecnico":"","ia_autores":"","ia_promotores":"","ia_deposito_de_materiales":"","ia_coordenadas_utm":""},"_links":{"self":[{"href":"https:\/\/marqalicante-admin.qwair.com\/en\/wp-json\/wp\/v2\/product\/35934","targetHints":{"allow":["GET"]}}],"collection":[{"href":"https:\/\/marqalicante-admin.qwair.com\/en\/wp-json\/wp\/v2\/product"}],"about":[{"href":"https:\/\/marqalicante-admin.qwair.com\/en\/wp-json\/wp\/v2\/types\/product"}],"wp:featuredmedia":[{"embeddable":true,"href":"https:\/\/marqalicante-admin.qwair.com\/en\/wp-json\/wp\/v2\/media\/35576"}],"wp:attachment":[{"href":"https:\/\/marqalicante-admin.qwair.com\/en\/wp-json\/wp\/v2\/media?parent=35934"}],"wp:term":[{"taxonomy":"product_brand","embeddable":true,"href":"https:\/\/marqalicante-admin.qwair.com\/en\/wp-json\/wp\/v2\/product_brand?post=35934"},{"taxonomy":"product_cat","embeddable":true,"href":"https:\/\/marqalicante-admin.qwair.com\/en\/wp-json\/wp\/v2\/product_cat?post=35934"},{"taxonomy":"product_tag","embeddable":true,"href":"https:\/\/marqalicante-admin.qwair.com\/en\/wp-json\/wp\/v2\/product_tag?post=35934"}],"curies":[{"name":"wp","href":"https:\/\/api.w.org\/{rel}","templated":true}]}}