{"id":35931,"date":"2025-03-05T18:25:01","date_gmt":"2025-03-05T18:25:01","guid":{"rendered":"https:\/\/marqalicante-admin.qwair.com\/item\/dos-maravedis-ano-1824\/"},"modified":"2025-03-05T18:27:57","modified_gmt":"2025-03-05T18:27:57","slug":"dos-maravedis-ano-1824","status":"publish","type":"product","link":"https:\/\/marqalicante-admin.qwair.com\/en\/product\/dos-maravedis-ano-1824\/","title":{"rendered":"<b>Two maravedis<\/b>   Year 1824."},"content":{"rendered":"","protected":false},"excerpt":{"rendered":"<h3>Contemporary age<\/h3>\n<p><b>Metal:<\/b> Copper.<br \/><b>Issuing entity: <\/b> Spain. Ferdinand VII.<br \/><b>Mint:<\/b> Segovia.<br \/><b>Date:<\/b> Year 1824.<br \/><b>Obverse:<\/b><br \/> Laureate head of Ferdinand VII on the right. Legend: FERDIN VII D G HISP REX 1824. Mint mark: aqueduct. Value mark: 2.<br \/>\n<br \/><b>Reverse:<\/b><br \/> Cross of the Infante Don Pelayo with arms of Castile and Le\u00f3n, surrounded by a laurel border. In the centre, a Bourbon escutcheon.<br \/>\n<br \/><b>Weight:<\/b> 2.56 g - <b>Diameter:<\/b> 20 mm - <b>Axes:<\/b> 12 h.<br \/><b>Described in:<\/b> Calic\u00f3 Estivill, F., Calic\u00f3 Estivill, X., Trigo Real, J., 1994: Spanish coins from Ferdinand and Isabella to Juan Carlos I. Years: 1474 to 1994. Years: 1474 to 1994, Barcelona, p. 605, type 351, no. 1470.<br \/><b>Published in:<\/b><br \/>Ram\u00f3n S\u00e1nchez, J.J., Ib\u00e1\u00f1ez Sarri\u00f3, C., 2010: \"Cat\u00e1logo. Edad Moderna y contempor\u00e1nea\", in Ram\u00f3n S\u00e1nchez, J.J. (ed.), Monedas. Todas las caras de la Historia. Numismatic collections of the MARQ, Alicante, p. 167.<br \/><b>Monetary Inventory Number:<\/b> 2656.<br \/>MARQ collection. Ancient Numismatic Collection<\/p>","protected":false},"featured_media":35567,"template":"","meta":{"kia_subtitle":""},"product_brand":[],"product_cat":[2316],"product_tag":[],"class_list":{"0":"post-35931","1":"product","2":"type-product","3":"status-publish","4":"has-post-thumbnail","6":"product_cat-catalogo-numismatico","8":"first","9":"instock","10":"virtual","11":"product-type-simple"},"meta_box":{"ia_expediente":"","ia_ano":"","ia_fechas_de_actuacion":"","ia_municipios_comarcas":"","ia_directores":"","ia_periodos_culturales":"","ia_tipos_de_intervencion":"","ia_equipo_tecnico":"","ia_autores":"","ia_promotores":"","ia_deposito_de_materiales":"","ia_coordenadas_utm":""},"_links":{"self":[{"href":"https:\/\/marqalicante-admin.qwair.com\/en\/wp-json\/wp\/v2\/product\/35931","targetHints":{"allow":["GET"]}}],"collection":[{"href":"https:\/\/marqalicante-admin.qwair.com\/en\/wp-json\/wp\/v2\/product"}],"about":[{"href":"https:\/\/marqalicante-admin.qwair.com\/en\/wp-json\/wp\/v2\/types\/product"}],"wp:featuredmedia":[{"embeddable":true,"href":"https:\/\/marqalicante-admin.qwair.com\/en\/wp-json\/wp\/v2\/media\/35567"}],"wp:attachment":[{"href":"https:\/\/marqalicante-admin.qwair.com\/en\/wp-json\/wp\/v2\/media?parent=35931"}],"wp:term":[{"taxonomy":"product_brand","embeddable":true,"href":"https:\/\/marqalicante-admin.qwair.com\/en\/wp-json\/wp\/v2\/product_brand?post=35931"},{"taxonomy":"product_cat","embeddable":true,"href":"https:\/\/marqalicante-admin.qwair.com\/en\/wp-json\/wp\/v2\/product_cat?post=35931"},{"taxonomy":"product_tag","embeddable":true,"href":"https:\/\/marqalicante-admin.qwair.com\/en\/wp-json\/wp\/v2\/product_tag?post=35931"}],"curies":[{"name":"wp","href":"https:\/\/api.w.org\/{rel}","templated":true}]}}