{"id":35927,"date":"2025-03-05T18:24:59","date_gmt":"2025-03-05T18:24:59","guid":{"rendered":"https:\/\/marqalicante-admin.qwair.com\/item\/treseta-ano-1710\/"},"modified":"2025-03-05T18:27:57","modified_gmt":"2025-03-05T18:27:57","slug":"treseta-ano-1710","status":"publish","type":"product","link":"https:\/\/marqalicante-admin.qwair.com\/en\/product\/treseta-ano-1710\/","title":{"rendered":"<b>Treseta<\/b>   Year 1710."},"content":{"rendered":"","protected":false},"excerpt":{"rendered":"<h3>Modern age<\/h3>\n<p><b>Metal:<\/b> Copper.<br \/><b>Issuing entity: <\/b> Spain. Philip V.<br \/><b>Mint:<\/b> Valencia.<br \/><b>Date:<\/b> Year 1710.<br \/><b>Obverse:<\/b><br \/> Shield crowned and quartered with the arms of Castile and Leon; in the centre escutcheon of the house of Bourbon, on both sides F-V. Legend: PHILIPPV V DEI GRA.<br \/>\n<br \/><b>Reverse:<\/b><br \/> V crowned and III, on the sides D-S. Legend: HISPAN REX 1710.<br \/><b>Weight:<\/b> 3.49 g - <b>Diameter:<\/b> 22 mm - <b>Axes:<\/b> 12 h.<br \/><b>Described in:<\/b> Calic\u00f3 Estivill, F., Calic\u00f3 Estivill, X., Trigo Real, J., 1994: Spanish coins from Ferdinand and Isabella to Juan Carlos I. Years: 1474 to 1994. Years: 1474 to 1994, Barcelona, p. 403, type 254, no. 1725.<br \/><b>Published in:<\/b><br \/>Ram\u00f3n S\u00e1nchez, J.J., Ib\u00e1\u00f1ez Sarri\u00f3, C., 2010: \"Cat\u00e1logo. Edad Moderna y contempor\u00e1nea\", in Ram\u00f3n S\u00e1nchez, J.J. (ed.), Monedas. Todas las caras de la Historia. Numismatic collections of the MARQ, Alicante, p. 160.<br \/><b>Monetary Inventory Number:<\/b> 2409.<br \/>MARQ collection. Ancient Numismatic Collection<\/p>","protected":false},"featured_media":35555,"template":"","meta":{"kia_subtitle":""},"product_brand":[],"product_cat":[2316],"product_tag":[],"class_list":{"0":"post-35927","1":"product","2":"type-product","3":"status-publish","4":"has-post-thumbnail","6":"product_cat-catalogo-numismatico","8":"first","9":"instock","10":"virtual","11":"product-type-simple"},"meta_box":{"ia_expediente":"","ia_ano":"","ia_fechas_de_actuacion":"","ia_municipios_comarcas":"","ia_directores":"","ia_periodos_culturales":"","ia_tipos_de_intervencion":"","ia_equipo_tecnico":"","ia_autores":"","ia_promotores":"","ia_deposito_de_materiales":"","ia_coordenadas_utm":""},"_links":{"self":[{"href":"https:\/\/marqalicante-admin.qwair.com\/en\/wp-json\/wp\/v2\/product\/35927","targetHints":{"allow":["GET"]}}],"collection":[{"href":"https:\/\/marqalicante-admin.qwair.com\/en\/wp-json\/wp\/v2\/product"}],"about":[{"href":"https:\/\/marqalicante-admin.qwair.com\/en\/wp-json\/wp\/v2\/types\/product"}],"wp:featuredmedia":[{"embeddable":true,"href":"https:\/\/marqalicante-admin.qwair.com\/en\/wp-json\/wp\/v2\/media\/35555"}],"wp:attachment":[{"href":"https:\/\/marqalicante-admin.qwair.com\/en\/wp-json\/wp\/v2\/media?parent=35927"}],"wp:term":[{"taxonomy":"product_brand","embeddable":true,"href":"https:\/\/marqalicante-admin.qwair.com\/en\/wp-json\/wp\/v2\/product_brand?post=35927"},{"taxonomy":"product_cat","embeddable":true,"href":"https:\/\/marqalicante-admin.qwair.com\/en\/wp-json\/wp\/v2\/product_cat?post=35927"},{"taxonomy":"product_tag","embeddable":true,"href":"https:\/\/marqalicante-admin.qwair.com\/en\/wp-json\/wp\/v2\/product_tag?post=35927"}],"curies":[{"name":"wp","href":"https:\/\/api.w.org\/{rel}","templated":true}]}}