{"id":35918,"date":"2025-03-05T18:24:56","date_gmt":"2025-03-05T18:24:56","guid":{"rendered":"https:\/\/marqalicante-admin.qwair.com\/item\/real-anos-1412-1416\/"},"modified":"2025-03-05T18:27:55","modified_gmt":"2025-03-05T18:27:55","slug":"real-anos-1412-1416","status":"publish","type":"product","link":"https:\/\/marqalicante-admin.qwair.com\/en\/product\/real-anos-1412-1416\/","title":{"rendered":"<b>Real<\/b>   Years 1412-1416."},"content":{"rendered":"","protected":false},"excerpt":{"rendered":"<h3>Feudal<\/h3>\n<p><b>Metal:<\/b> Silver.<br \/><b>Issuing entity: <\/b> Crown of Aragon. Ferdinand I.<br \/><b>Mint:<\/b> Valencia.<br \/><b>Date:<\/b> Years 1412-1416.<br \/><b>Obverse:<\/b><br \/> Effigy with crowned forehead and lobes on the sides. Legend: FERDINAD 9 DI GRA REX ARAGO.<br \/><b>Reverse:<\/b><br \/> Arms of Valencia crowned between bilobulae. Legend: VALENCIE MAIORICARVM SAR.<br \/>\n<br \/><b>Weight:<\/b> 3.29 g - <b>Diameter:<\/b> 24 mm - <b>Axes:<\/b> 12 h.<br \/><b>Described in:<\/b> Crusafont Sabater, M., 1982: Numismatics of the Medieval Catalan-Aragonese Crown (785-1516), Madrid, p. 284, n\u00ba 369 var. 3a.<br \/><b>Published in:<\/b><br \/>Dom\u00e9nech Belda, C., Ram\u00f3n S\u00e1nchez, J.J., Ahuir Dom\u00ednguez, J.A., 2010: \"Cat\u00e1logo. Edad Media\", in Ram\u00f3n S\u00e1nchez, J.J. (ed.), Coins. Todas las caras de la Historia. Numismatic collections of the MARQ, Alicante, p.149.<br \/><b>Monetary Inventory Number:<\/b> 7636.<br \/>Assignment. Julio Furg\u00fas Collection<\/p>","protected":false},"featured_media":35528,"template":"","meta":{"kia_subtitle":""},"product_brand":[],"product_cat":[2316],"product_tag":[],"class_list":{"0":"post-35918","1":"product","2":"type-product","3":"status-publish","4":"has-post-thumbnail","6":"product_cat-catalogo-numismatico","8":"first","9":"instock","10":"virtual","11":"product-type-simple"},"meta_box":{"ia_expediente":"","ia_ano":"","ia_fechas_de_actuacion":"","ia_municipios_comarcas":"","ia_directores":"","ia_periodos_culturales":"","ia_tipos_de_intervencion":"","ia_equipo_tecnico":"","ia_autores":"","ia_promotores":"","ia_deposito_de_materiales":"","ia_coordenadas_utm":""},"_links":{"self":[{"href":"https:\/\/marqalicante-admin.qwair.com\/en\/wp-json\/wp\/v2\/product\/35918","targetHints":{"allow":["GET"]}}],"collection":[{"href":"https:\/\/marqalicante-admin.qwair.com\/en\/wp-json\/wp\/v2\/product"}],"about":[{"href":"https:\/\/marqalicante-admin.qwair.com\/en\/wp-json\/wp\/v2\/types\/product"}],"wp:featuredmedia":[{"embeddable":true,"href":"https:\/\/marqalicante-admin.qwair.com\/en\/wp-json\/wp\/v2\/media\/35528"}],"wp:attachment":[{"href":"https:\/\/marqalicante-admin.qwair.com\/en\/wp-json\/wp\/v2\/media?parent=35918"}],"wp:term":[{"taxonomy":"product_brand","embeddable":true,"href":"https:\/\/marqalicante-admin.qwair.com\/en\/wp-json\/wp\/v2\/product_brand?post=35918"},{"taxonomy":"product_cat","embeddable":true,"href":"https:\/\/marqalicante-admin.qwair.com\/en\/wp-json\/wp\/v2\/product_cat?post=35918"},{"taxonomy":"product_tag","embeddable":true,"href":"https:\/\/marqalicante-admin.qwair.com\/en\/wp-json\/wp\/v2\/product_tag?post=35918"}],"curies":[{"name":"wp","href":"https:\/\/api.w.org\/{rel}","templated":true}]}}