{"id":35914,"date":"2025-03-05T18:24:55","date_gmt":"2025-03-05T18:24:55","guid":{"rendered":"https:\/\/marqalicante-admin.qwair.com\/item\/noven-anos-1252-1284\/"},"modified":"2025-03-05T18:27:55","modified_gmt":"2025-03-05T18:27:55","slug":"noven-anos-1252-1284","status":"publish","type":"product","link":"https:\/\/marqalicante-admin.qwair.com\/en\/product\/noven-anos-1252-1284\/","title":{"rendered":"<b>Noven<\/b>   Years 1252-1284."},"content":{"rendered":"","protected":false},"excerpt":{"rendered":"<h3>Feudal<\/h3>\n<p><b>Metal:<\/b> Silver.<br \/><b>Issuing entity: <\/b> Crown of Castile. Alfonso X.<br \/><b>Mint:<\/b> Not specified.<br \/><b>Date:<\/b> Years 1252-1284.<br \/><b>Obverse:<\/b><br \/> Castle in the centre. Legend: MONETA CASTELLE. It has a dot below the castle.<br \/>\n<br \/><b>Reverse:<\/b><br \/> Lion on the left. Legend: ET LEGIONIS.<br \/><b>Weight:<\/b> 0.79 g - <b>Diameter:<\/b> 18 mm - <b>Axes:<\/b> 9 h.<br \/><b>Described in:<\/b> \u00c1lvarez Burgos, F., 1980: Cat\u00e1logo general de la moneda medieval hispano-cristiana, Madrid, p. 37, no. 207.<br \/>\n<br \/><b>Published in:<\/b><br \/>Dom\u00e9nech Belda, C., Ram\u00f3n S\u00e1nchez, J.J., Ahuir Dom\u00ednguez, J.A., 2010: \"Cat\u00e1logo. Edad Media\", in Ram\u00f3n S\u00e1nchez, J.J. (ed.), Coins. Todas las caras de la Historia. Numismatic collections of the MARQ, Alicante, p.145.<br \/><b>Monetary Inventory Number:<\/b> 395.<br \/>Purchase. Isidro Albert Collection<\/p>","protected":false},"featured_media":35516,"template":"","meta":{"kia_subtitle":""},"product_brand":[],"product_cat":[2316],"product_tag":[],"class_list":{"0":"post-35914","1":"product","2":"type-product","3":"status-publish","4":"has-post-thumbnail","6":"product_cat-catalogo-numismatico","8":"first","9":"instock","10":"virtual","11":"product-type-simple"},"meta_box":{"ia_expediente":"","ia_ano":"","ia_fechas_de_actuacion":"","ia_municipios_comarcas":"","ia_directores":"","ia_periodos_culturales":"","ia_tipos_de_intervencion":"","ia_equipo_tecnico":"","ia_autores":"","ia_promotores":"","ia_deposito_de_materiales":"","ia_coordenadas_utm":""},"_links":{"self":[{"href":"https:\/\/marqalicante-admin.qwair.com\/en\/wp-json\/wp\/v2\/product\/35914","targetHints":{"allow":["GET"]}}],"collection":[{"href":"https:\/\/marqalicante-admin.qwair.com\/en\/wp-json\/wp\/v2\/product"}],"about":[{"href":"https:\/\/marqalicante-admin.qwair.com\/en\/wp-json\/wp\/v2\/types\/product"}],"wp:featuredmedia":[{"embeddable":true,"href":"https:\/\/marqalicante-admin.qwair.com\/en\/wp-json\/wp\/v2\/media\/35516"}],"wp:attachment":[{"href":"https:\/\/marqalicante-admin.qwair.com\/en\/wp-json\/wp\/v2\/media?parent=35914"}],"wp:term":[{"taxonomy":"product_brand","embeddable":true,"href":"https:\/\/marqalicante-admin.qwair.com\/en\/wp-json\/wp\/v2\/product_brand?post=35914"},{"taxonomy":"product_cat","embeddable":true,"href":"https:\/\/marqalicante-admin.qwair.com\/en\/wp-json\/wp\/v2\/product_cat?post=35914"},{"taxonomy":"product_tag","embeddable":true,"href":"https:\/\/marqalicante-admin.qwair.com\/en\/wp-json\/wp\/v2\/product_tag?post=35914"}],"curies":[{"name":"wp","href":"https:\/\/api.w.org\/{rel}","templated":true}]}}