{"id":35912,"date":"2025-03-05T18:24:54","date_gmt":"2025-03-05T18:24:54","guid":{"rendered":"https:\/\/marqalicante-admin.qwair.com\/item\/obolo-anos-525-500-a-c\/"},"modified":"2025-03-05T18:27:55","modified_gmt":"2025-03-05T18:27:55","slug":"obolo-anos-525-500-a-c","status":"publish","type":"product","link":"https:\/\/marqalicante-admin.qwair.com\/en\/product\/obolo-anos-525-500-a-c\/","title":{"rendered":"<b>\u00d3bolo<\/b>   525-500 BC"},"content":{"rendered":"","protected":false},"excerpt":{"rendered":"<h3>Full Iberian<\/h3>\n<p><b>Metal:<\/b> Silver.<br \/><b>Issuing entity: <\/b> Miletus (Turkey).<br \/><b>Mint:<\/b> Miletus.<br \/><b>Date:<\/b> 525-500 BC<br \/><b>Obverse:<\/b><br \/> Lion's head on the left.<br \/><b>Reverse:<\/b><br \/> Ornamental motif in the form of a star within a hollow square.<br \/><b>Weight:<\/b> 1.03 g - <b>Diameter:<\/b> 9 mm - <b>Axes:<\/b> 12 h.<br \/><b>Described in:<\/b> SNG France, pl. 72, no. 2644.<br \/><b>Published in:<\/b><br \/>Bayo Fuentes, S., Ram\u00f3n S\u00e1nchez, J.J., 2010: \"Cat\u00e1logo. Collections\", in Ram\u00f3n S\u00e1nchez, J.J. (ed.), Coins. Todas las caras de la Historia. Colecciones numism\u00e1ticas del MARQ, Alicante, p. 179.<br \/><b>Monetary Inventory Number:<\/b> 6269.<br \/>Purchase. Enrique Llobregat Collection<\/p>","protected":false},"featured_media":35510,"template":"","meta":{"kia_subtitle":""},"product_brand":[],"product_cat":[2316],"product_tag":[],"class_list":{"0":"post-35912","1":"product","2":"type-product","3":"status-publish","4":"has-post-thumbnail","6":"product_cat-catalogo-numismatico","8":"first","9":"instock","10":"virtual","11":"product-type-simple"},"meta_box":{"ia_expediente":"","ia_ano":"","ia_fechas_de_actuacion":"","ia_municipios_comarcas":"","ia_directores":"","ia_periodos_culturales":"","ia_tipos_de_intervencion":"","ia_equipo_tecnico":"","ia_autores":"","ia_promotores":"","ia_deposito_de_materiales":"","ia_coordenadas_utm":""},"_links":{"self":[{"href":"https:\/\/marqalicante-admin.qwair.com\/en\/wp-json\/wp\/v2\/product\/35912","targetHints":{"allow":["GET"]}}],"collection":[{"href":"https:\/\/marqalicante-admin.qwair.com\/en\/wp-json\/wp\/v2\/product"}],"about":[{"href":"https:\/\/marqalicante-admin.qwair.com\/en\/wp-json\/wp\/v2\/types\/product"}],"wp:featuredmedia":[{"embeddable":true,"href":"https:\/\/marqalicante-admin.qwair.com\/en\/wp-json\/wp\/v2\/media\/35510"}],"wp:attachment":[{"href":"https:\/\/marqalicante-admin.qwair.com\/en\/wp-json\/wp\/v2\/media?parent=35912"}],"wp:term":[{"taxonomy":"product_brand","embeddable":true,"href":"https:\/\/marqalicante-admin.qwair.com\/en\/wp-json\/wp\/v2\/product_brand?post=35912"},{"taxonomy":"product_cat","embeddable":true,"href":"https:\/\/marqalicante-admin.qwair.com\/en\/wp-json\/wp\/v2\/product_cat?post=35912"},{"taxonomy":"product_tag","embeddable":true,"href":"https:\/\/marqalicante-admin.qwair.com\/en\/wp-json\/wp\/v2\/product_tag?post=35912"}],"curies":[{"name":"wp","href":"https:\/\/api.w.org\/{rel}","templated":true}]}}