{"id":35909,"date":"2025-03-05T18:24:53","date_gmt":"2025-03-05T18:24:53","guid":{"rendered":"https:\/\/marqalicante-admin.qwair.com\/item\/moneda-ae-2-anos-383-388-d-c\/"},"modified":"2025-03-05T18:27:54","modified_gmt":"2025-03-05T18:27:54","slug":"moneda-ae-2-anos-383-388-d-c","status":"publish","type":"product","link":"https:\/\/marqalicante-admin.qwair.com\/en\/product\/moneda-ae-2-anos-383-388-d-c\/","title":{"rendered":"<b>Currency (Ae 2)<\/b>   Years 383-388 AD"},"content":{"rendered":"","protected":false},"excerpt":{"rendered":"<h3>Imperio romano<\/h3>\n<p><b>Metal:<\/b> Bronce.<br \/><b>Entidad emisora: <\/b> Roma. Magno M\u00e1ximo.<br \/><b>Ceca:<\/b> Arelate (Arl\u00e9s&#44; Francia).<br \/><b>Fecha:<\/b> A\u00f1os 383-388 d. C.<br \/><b>Anverso:<\/b><br \/> Cabeza a derecha con diadema de perlas y drapeado. Leyenda: DN MAG MA[xi] \u2013 MV[s p f aug].<br \/>\n<br \/><b>Reverso:<\/b><br \/> Emperador de pie a izquierda&#44; con mano derecha incorporando figura femenina arrodillada y sosteniendo Victoria sobre globo con mano izquierda. Leyenda: REPARATIO REI \u2013 PVB. Marca de ceca: SCON.<br \/><b>Peso:<\/b> 5.09 g &#8211; <b>Di\u00e1metro:<\/b> 23 mm &#8211; <b>Ejes:<\/b> 12 h.<br \/><b>Descrita en:<\/b> RIC IX 26 a.<br \/><b>Publicada en:<\/b><br \/>Rosell\u00f3 Cremades&#44; N.&#44; 1990: \u201cCatalogaci\u00f3n de los fondos numism\u00e1ticos ib\u00e9ricos y romanos de las colecciones de: D. Isidro Albert&#44; D. Ram\u00f3n Quiles y de un tesorillo de monedas tardo-romanas\u201d&#44; Ayudas a la investigaci\u00f3n 1986-1987. Instituto de Cultura Juan Gil-Albert&#44; p. 197&#44; n\u00ba 22; Ram\u00f3n S\u00e1nchez&#44; J.J.&#44; Garc\u00eda Barrachina&#44; A.&#44; Verd\u00fa Parra&#44; E.&#44; Bayo Fuentes&#44; S.&#44; 2010: \u00abCat\u00e1logo. Antig\u00fcedad\u00bb&#44; en Ram\u00f3n S\u00e1nchez&#44; J.J. (ed.)&#44; Monedas. Todas las caras de la Historia. Colecciones numism\u00e1ticas del MARQ&#44; Alicante&#44; p. 125.<br \/><b>N\u00famero Inventario Monetario:<\/b> 620.<br \/>Compra. Tesoro bajoimperial de procedencia desconocida<\/p>\n","protected":false},"featured_media":35501,"template":"","meta":{"kia_subtitle":""},"product_brand":[],"product_cat":[2316],"product_tag":[],"class_list":{"0":"post-35909","1":"product","2":"type-product","3":"status-publish","4":"has-post-thumbnail","6":"product_cat-catalogo-numismatico","8":"first","9":"instock","10":"virtual","11":"product-type-simple"},"meta_box":{"ia_expediente":"","ia_ano":"","ia_fechas_de_actuacion":"","ia_municipios_comarcas":"","ia_directores":"","ia_periodos_culturales":"","ia_tipos_de_intervencion":"","ia_equipo_tecnico":"","ia_autores":"","ia_promotores":"","ia_deposito_de_materiales":"","ia_coordenadas_utm":""},"_links":{"self":[{"href":"https:\/\/marqalicante-admin.qwair.com\/en\/wp-json\/wp\/v2\/product\/35909","targetHints":{"allow":["GET"]}}],"collection":[{"href":"https:\/\/marqalicante-admin.qwair.com\/en\/wp-json\/wp\/v2\/product"}],"about":[{"href":"https:\/\/marqalicante-admin.qwair.com\/en\/wp-json\/wp\/v2\/types\/product"}],"wp:featuredmedia":[{"embeddable":true,"href":"https:\/\/marqalicante-admin.qwair.com\/en\/wp-json\/wp\/v2\/media\/35501"}],"wp:attachment":[{"href":"https:\/\/marqalicante-admin.qwair.com\/en\/wp-json\/wp\/v2\/media?parent=35909"}],"wp:term":[{"taxonomy":"product_brand","embeddable":true,"href":"https:\/\/marqalicante-admin.qwair.com\/en\/wp-json\/wp\/v2\/product_brand?post=35909"},{"taxonomy":"product_cat","embeddable":true,"href":"https:\/\/marqalicante-admin.qwair.com\/en\/wp-json\/wp\/v2\/product_cat?post=35909"},{"taxonomy":"product_tag","embeddable":true,"href":"https:\/\/marqalicante-admin.qwair.com\/en\/wp-json\/wp\/v2\/product_tag?post=35909"}],"curies":[{"name":"wp","href":"https:\/\/api.w.org\/{rel}","templated":true}]}}